{"id":3689,"date":"2022-11-25T14:50:08","date_gmt":"2022-11-25T14:50:08","guid":{"rendered":"https:\/\/congressohvm.com\/2022\/?page_id=3689"},"modified":"2023-05-17T10:07:35","modified_gmt":"2023-05-17T10:07:35","slug":"black-friday","status":"publish","type":"page","link":"https:\/\/congressohvm.com\/2022\/","title":{"rendered":"home-2023"},"content":{"rendered":"\t\t<div data-elementor-type=\"wp-page\" data-elementor-id=\"3689\" class=\"elementor elementor-3689\">\n\t\t\t\t\t\t<div class=\"elementor-inner\">\n\t\t\t\t<div class=\"elementor-section-wrap\">\n\t\t\t\t\t\t\t\t\t<section class=\"elementor-section elementor-top-section elementor-element elementor-element-64fc63fd elementor-section-boxed elementor-section-height-default elementor-section-height-default\" data-id=\"64fc63fd\" data-element_type=\"section\" data-settings=\"{&quot;background_background&quot;:&quot;classic&quot;}\">\n\t\t\t\t\t\t\t<div class=\"elementor-background-overlay\"><\/div>\n\t\t\t\t\t\t\t<div class=\"elementor-container elementor-column-gap-default\">\n\t\t\t\t\t\t\t<div class=\"elementor-row\">\n\t\t\t\t\t<div class=\"elementor-column elementor-col-33 elementor-top-column elementor-element elementor-element-62ba6b9c\" data-id=\"62ba6b9c\" data-element_type=\"column\">\n\t\t\t<div class=\"elementor-column-wrap\">\n\t\t\t\t\t\t\t<div class=\"elementor-widget-wrap\">\n\t\t\t\t\t\t\t\t<\/div>\n\t\t\t\t\t<\/div>\n\t\t<\/div>\n\t\t\t\t<div class=\"elementor-column elementor-col-33 elementor-top-column elementor-element elementor-element-23a59973\" data-id=\"23a59973\" data-element_type=\"column\">\n\t\t\t<div class=\"elementor-column-wrap elementor-element-populated\">\n\t\t\t\t\t\t\t<div class=\"elementor-widget-wrap\">\n\t\t\t\t\t\t<div class=\"elementor-element elementor-element-77bfdddc elementor-widget elementor-widget-elementskit-heading\" data-id=\"77bfdddc\" data-element_type=\"widget\" data-settings=\"{&quot;ekit_we_effect_on&quot;:&quot;none&quot;}\" data-widget_type=\"elementskit-heading.default\">\n\t\t\t\t<div class=\"elementor-widget-container\">\n\t\t\t<div class=\"ekit-wid-con\" ><div class=\"ekit-heading elementskit-section-title-wraper text_center   ekit_heading_tablet-   ekit_heading_mobile-\"><h2 class=\"ekit-heading--title elementskit-section-title \">\n\t\t\t\t\tXIX\u00ba. CONGRESSO INTERNACIONAL VETERIN\u00c1RIO MONTENEGRO\n\t\t\t\t<\/h2><div class=\"ekit_heading_separetor_wraper ekit_heading_elementskit-border-divider\"><div class=\"elementskit-border-divider\"><\/div><\/div>\t\t\t\t<div class='ekit-heading__description'>\n\t\t\t\t\t<p><strong>13 e 14 de Outubro de 2023<\/strong><\/p>\n\t\t\t\t<\/div>\n\t\t\t<\/div><\/div>\t\t<\/div>\n\t\t\t\t<\/div>\n\t\t\t\t<div class=\"elementor-element elementor-element-3001a63b elementor-widget elementor-widget-elementskit-heading\" data-id=\"3001a63b\" data-element_type=\"widget\" data-settings=\"{&quot;ekit_we_effect_on&quot;:&quot;none&quot;}\" data-widget_type=\"elementskit-heading.default\">\n\t\t\t\t<div class=\"elementor-widget-container\">\n\t\t\t<div class=\"ekit-wid-con\" ><div class=\"ekit-heading elementskit-section-title-wraper center   ekit_heading_tablet-   ekit_heading_mobile-\">\t\t\t\t<div class='ekit-heading__description'>\n\t\t\t\t\t<h4><span style=\"color: #ffffff\"><strong>Garanta o seu lugar !<\/strong><\/span><\/h4>\n\t\t\t\t<\/div>\n\t\t\t<\/div><\/div>\t\t<\/div>\n\t\t\t\t<\/div>\n\t\t\t\t<div class=\"elementor-element elementor-element-2c18a50b elementor-widget elementor-widget-elementskit-button\" data-id=\"2c18a50b\" data-element_type=\"widget\" data-settings=\"{&quot;ekit_we_effect_on&quot;:&quot;none&quot;}\" data-widget_type=\"elementskit-button.default\">\n\t\t\t\t<div class=\"elementor-widget-container\">\n\t\t\t<div class=\"ekit-wid-con\" >\t\t<div class=\"ekit-btn-wraper\">\n\t\t\t\t\t\t\t<a href=\"https:\/\/xixcongressohospitalveterinariomontenegro.admeus.pt\/\" target=\"_blank\" class=\"elementskit-btn  whitespace--normal\" >\n\t\t\t\t\t\n\t\t\t\t\t\n\t\t\t\t\tComprar Agora\t\t\t\t<\/a>\n\t\t\t\t\t\t<\/div>\n        <\/div>\t\t<\/div>\n\t\t\t\t<\/div>\n\t\t\t\t<div class=\"elementor-element elementor-element-c9cb16a elementor-align-center elementor-widget elementor-widget-button\" data-id=\"c9cb16a\" data-element_type=\"widget\" data-settings=\"{&quot;ekit_we_effect_on&quot;:&quot;none&quot;}\" data-widget_type=\"button.default\">\n\t\t\t\t<div class=\"elementor-widget-container\">\n\t\t\t\t\t<div class=\"elementor-button-wrapper\">\n\t\t\t<a href=\"https:\/\/congressohvm.com\/2022\/education\/\" class=\"elementor-button-link elementor-button elementor-size-sm\" role=\"button\">\n\t\t\t\t\t\t<span class=\"elementor-button-content-wrapper\">\n\t\t\t\t\t\t\t<span class=\"elementor-button-icon elementor-align-icon-right\">\n\t\t\t\t<i aria-hidden=\"true\" class=\"far fa-arrow-alt-circle-right\"><\/i>\t\t\t<\/span>\n\t\t\t\t\t\t<span class=\"elementor-button-text\">Ir para a edi\u00e7\u00e3o anterior<\/span>\n\t\t<\/span>\n\t\t\t\t\t<\/a>\n\t\t<\/div>\n\t\t\t\t<\/div>\n\t\t\t\t<\/div>\n\t\t\t\t\t\t<\/div>\n\t\t\t\t\t<\/div>\n\t\t<\/div>\n\t\t\t\t<div class=\"elementor-column elementor-col-33 elementor-top-column elementor-element elementor-element-725972d1\" data-id=\"725972d1\" data-element_type=\"column\">\n\t\t\t<div class=\"elementor-column-wrap\">\n\t\t\t\t\t\t\t<div class=\"elementor-widget-wrap\">\n\t\t\t\t\t\t\t\t<\/div>\n\t\t\t\t\t<\/div>\n\t\t<\/div>\n\t\t\t\t\t\t\t\t<\/div>\n\t\t\t\t\t<\/div>\n\t\t<\/section>\n\t\t\t\t<section class=\"elementor-section elementor-top-section elementor-element elementor-element-2820472 elementor-section-boxed elementor-section-height-default elementor-section-height-default\" data-id=\"2820472\" data-element_type=\"section\">\n\t\t\t\t\t\t<div class=\"elementor-container elementor-column-gap-default\">\n\t\t\t\t\t\t\t<div class=\"elementor-row\">\n\t\t\t\t\t<div class=\"elementor-column elementor-col-100 elementor-top-column elementor-element elementor-element-6b54b81\" data-id=\"6b54b81\" data-element_type=\"column\">\n\t\t\t<div class=\"elementor-column-wrap elementor-element-populated\">\n\t\t\t\t\t\t\t<div class=\"elementor-widget-wrap\">\n\t\t\t\t\t\t<div class=\"elementor-element elementor-element-a6d7b9a elementor-widget elementor-widget-spacer\" data-id=\"a6d7b9a\" data-element_type=\"widget\" data-settings=\"{&quot;ekit_we_effect_on&quot;:&quot;none&quot;}\" data-widget_type=\"spacer.default\">\n\t\t\t\t<div class=\"elementor-widget-container\">\n\t\t\t\t\t<div class=\"elementor-spacer\">\n\t\t\t<div class=\"elementor-spacer-inner\"><\/div>\n\t\t<\/div>\n\t\t\t\t<\/div>\n\t\t\t\t<\/div>\n\t\t\t\t\t\t<\/div>\n\t\t\t\t\t<\/div>\n\t\t<\/div>\n\t\t\t\t\t\t\t\t<\/div>\n\t\t\t\t\t<\/div>\n\t\t<\/section>\n\t\t\t\t<section class=\"elementor-section elementor-inner-section elementor-element elementor-element-613e205b elementor-section-boxed elementor-section-height-default elementor-section-height-default\" data-id=\"613e205b\" data-element_type=\"section\">\n\t\t\t\t\t\t<div class=\"elementor-container elementor-column-gap-default\">\n\t\t\t\t\t\t\t<div class=\"elementor-row\">\n\t\t\t\t\t<div class=\"elementor-column elementor-col-25 elementor-inner-column elementor-element elementor-element-6a0e0c45\" data-id=\"6a0e0c45\" data-element_type=\"column\">\n\t\t\t<div class=\"elementor-column-wrap elementor-element-populated\">\n\t\t\t\t\t\t\t<div class=\"elementor-widget-wrap\">\n\t\t\t\t\t\t<div class=\"elementor-element elementor-element-297b2ec elementor-widget elementor-widget-exhibz-pricing\" data-id=\"297b2ec\" data-element_type=\"widget\" data-settings=\"{&quot;ekit_we_effect_on&quot;:&quot;none&quot;}\" data-widget_type=\"exhibz-pricing.default\">\n\t\t\t\t<div class=\"elementor-widget-container\">\n\t\t\t                    <div class=\"ts-pricing-item active \">\n                <div class=\"ts-pricing-header\">\n                    <i class=\"icon icon-medical\"><\/i>\n                    <h2 class=\"ts-pricing-name\">M\u00c9DICOS VETERIN\u00c1RIOS<\/h2>\n                    <h3 class=\"ts-pricing-price\">\n                        <img class=\"currency\" src=\"https:\/\/congressohvm.com\/2022\/wp-content\/uploads\/2019\/10\/image_shape.png\" alt=\"M\u00c9DICOS VETERIN\u00c1RIOS\">\n                        <span><\/span>\n                    <\/h3>\n                <\/div>\n                <p>\n                                    <\/p>\n                <a target=\"_self\" rel=\"nofollow\" href=\"https:\/\/xixcongressohospitalveterinariomontenegro.admeus.pt\/\" class=\"btn btn-round\">Comprar<\/a>\n            <\/div>\n        \n\t\t<\/div>\n\t\t\t\t<\/div>\n\t\t\t\t\t\t<\/div>\n\t\t\t\t\t<\/div>\n\t\t<\/div>\n\t\t\t\t<div class=\"elementor-column elementor-col-25 elementor-inner-column elementor-element elementor-element-3ba9a2c6\" data-id=\"3ba9a2c6\" data-element_type=\"column\">\n\t\t\t<div class=\"elementor-column-wrap elementor-element-populated\">\n\t\t\t\t\t\t\t<div class=\"elementor-widget-wrap\">\n\t\t\t\t\t\t<div class=\"elementor-element elementor-element-32fc5f66 elementor-widget elementor-widget-exhibz-pricing\" data-id=\"32fc5f66\" data-element_type=\"widget\" data-settings=\"{&quot;ekit_we_effect_on&quot;:&quot;none&quot;}\" data-widget_type=\"exhibz-pricing.default\">\n\t\t\t\t<div class=\"elementor-widget-container\">\n\t\t\t                    <div class=\"ts-pricing-item active \">\n                <div class=\"ts-pricing-header\">\n                    <i class=\"icon icon-medical\"><\/i>\n                    <h2 class=\"ts-pricing-name\">ENFERMEIROS VETERIN\u00c1RIOS<\/h2>\n                    <h3 class=\"ts-pricing-price\">\n                        <img class=\"currency\" src=\"https:\/\/congressohvm.com\/2022\/wp-content\/uploads\/2019\/10\/image_shape.png\" alt=\"ENFERMEIROS VETERIN\u00c1RIOS\">\n                        <span><\/span>\n                    <\/h3>\n                <\/div>\n                <p>\n                                    <\/p>\n                <a target=\"_self\" rel=\"nofollow\" href=\"https:\/\/xixcongressohospitalveterinariomontenegro.admeus.pt\/\" class=\"btn btn-round\">Comprar<\/a>\n            <\/div>\n        \n\t\t<\/div>\n\t\t\t\t<\/div>\n\t\t\t\t\t\t<\/div>\n\t\t\t\t\t<\/div>\n\t\t<\/div>\n\t\t\t\t<div class=\"elementor-column elementor-col-25 elementor-inner-column elementor-element elementor-element-ed5b03f\" data-id=\"ed5b03f\" data-element_type=\"column\">\n\t\t\t<div class=\"elementor-column-wrap elementor-element-populated\">\n\t\t\t\t\t\t\t<div class=\"elementor-widget-wrap\">\n\t\t\t\t\t\t<div class=\"elementor-element elementor-element-48a9fc47 elementor-widget elementor-widget-exhibz-pricing\" data-id=\"48a9fc47\" data-element_type=\"widget\" data-settings=\"{&quot;ekit_we_effect_on&quot;:&quot;none&quot;}\" data-widget_type=\"exhibz-pricing.default\">\n\t\t\t\t<div class=\"elementor-widget-container\">\n\t\t\t                    <div class=\"ts-pricing-item active \">\n                <div class=\"ts-pricing-header\">\n                    <i class=\"icon icon-medical\"><\/i>\n                    <h2 class=\"ts-pricing-name\">ESTUDANTES <\/h2>\n                    <h3 class=\"ts-pricing-price\">\n                        <img class=\"currency\" src=\"https:\/\/congressohvm.com\/2022\/wp-content\/uploads\/2019\/10\/image_shape.png\" alt=\"ESTUDANTES \">\n                        <span><\/span>\n                    <\/h3>\n                <\/div>\n                <p>\n                                    <\/p>\n                <a target=\"_self\" rel=\"nofollow\" href=\"https:\/\/xixcongressohospitalveterinariomontenegro.admeus.pt\/\" class=\"btn btn-round\">Comprar<\/a>\n            <\/div>\n        \n\t\t<\/div>\n\t\t\t\t<\/div>\n\t\t\t\t\t\t<\/div>\n\t\t\t\t\t<\/div>\n\t\t<\/div>\n\t\t\t\t<div class=\"elementor-column elementor-col-25 elementor-inner-column elementor-element elementor-element-5e139d4e\" data-id=\"5e139d4e\" data-element_type=\"column\">\n\t\t\t<div class=\"elementor-column-wrap elementor-element-populated\">\n\t\t\t\t\t\t\t<div class=\"elementor-widget-wrap\">\n\t\t\t\t\t\t<div class=\"elementor-element elementor-element-46e113c8 elementor-widget elementor-widget-exhibz-pricing\" data-id=\"46e113c8\" data-element_type=\"widget\" data-settings=\"{&quot;ekit_we_effect_on&quot;:&quot;none&quot;}\" data-widget_type=\"exhibz-pricing.default\">\n\t\t\t\t<div class=\"elementor-widget-container\">\n\t\t\t                    <div class=\"ts-pricing-item active \">\n                <div class=\"ts-pricing-header\">\n                    <i class=\"icon icon-medical\"><\/i>\n                    <h2 class=\"ts-pricing-name\">OUTROS PROFISSIONAIS<\/h2>\n                    <h3 class=\"ts-pricing-price\">\n                        <img class=\"currency\" src=\"https:\/\/congressohvm.com\/2022\/wp-content\/uploads\/2019\/10\/image_shape.png\" alt=\"OUTROS PROFISSIONAIS\">\n                        <span><\/span>\n                    <\/h3>\n                <\/div>\n                <p>\n                                    <\/p>\n                <a target=\"_self\" rel=\"nofollow\" href=\"https:\/\/xixcongressohospitalveterinariomontenegro.admeus.pt\/\" class=\"btn btn-round\">Comprar<\/a>\n            <\/div>\n        \n\t\t<\/div>\n\t\t\t\t<\/div>\n\t\t\t\t\t\t<\/div>\n\t\t\t\t\t<\/div>\n\t\t<\/div>\n\t\t\t\t\t\t\t\t<\/div>\n\t\t\t\t\t<\/div>\n\t\t<\/section>\n\t\t\t\t\t\t\t\t\t<\/div>\n\t\t\t<\/div>\n\t\t\t\t\t<\/div>\n\t\t","protected":false},"excerpt":{"rendered":"<p>XIX\u00ba. CONGRESSO INTERNACIONAL VETERIN\u00c1RIO MONTENEGRO 13 e 14 de Outubro de 2023 Garanta o seu lugar ! Comprar Agora Ir para a edi\u00e7\u00e3o anterior M\u00c9DICOS VETERIN\u00c1RIOS Comprar ENFERMEIROS VETERIN\u00c1RIOS Comprar ESTUDANTES Comprar OUTROS PROFISSIONAIS Comprar<\/p>\n","protected":false},"author":1,"featured_media":0,"parent":0,"menu_order":0,"comment_status":"closed","ping_status":"closed","template":"elementor_canvas","meta":[],"yoast_head":"<!-- This site is optimized with the Yoast SEO plugin v19.7.1 - https:\/\/yoast.com\/wordpress\/plugins\/seo\/ -->\n<title>home-2023 - XVIII CONGRESSO INTERNACIONAL VETERIN\u00c1RIO MONTENEGRO<\/title>\n<meta name=\"robots\" content=\"noindex, follow, max-snippet:-1, max-image-preview:large, max-video-preview:-1\" \/>\n<meta property=\"og:locale\" content=\"pt_PT\" \/>\n<meta property=\"og:type\" content=\"article\" \/>\n<meta property=\"og:title\" content=\"home-2023 - XVIII CONGRESSO INTERNACIONAL VETERIN\u00c1RIO MONTENEGRO\" \/>\n<meta property=\"og:description\" content=\"XIX\u00ba. CONGRESSO INTERNACIONAL VETERIN\u00c1RIO MONTENEGRO 13 e 14 de Outubro de 2023 Garanta o seu lugar ! Comprar Agora Ir para a edi\u00e7\u00e3o anterior M\u00c9DICOS VETERIN\u00c1RIOS Comprar ENFERMEIROS VETERIN\u00c1RIOS Comprar ESTUDANTES Comprar OUTROS PROFISSIONAIS Comprar\" \/>\n<meta property=\"og:url\" content=\"https:\/\/congressohvm.com\/2022\/\" \/>\n<meta property=\"og:site_name\" content=\"XVIII CONGRESSO INTERNACIONAL VETERIN\u00c1RIO MONTENEGRO\" \/>\n<meta property=\"article:modified_time\" content=\"2023-05-17T10:07:35+00:00\" \/>\n<meta property=\"og:image\" content=\"https:\/\/congressohvm.com\/2022\/wp-content\/uploads\/2019\/10\/image_shape.png\" \/>\n<meta name=\"twitter:card\" content=\"summary_large_image\" \/>\n<meta name=\"twitter:label1\" content=\"Tempo estimado de leitura\" \/>\n\t<meta name=\"twitter:data1\" content=\"1 minuto\" \/>\n<script type=\"application\/ld+json\" class=\"yoast-schema-graph\">{\"@context\":\"https:\/\/schema.org\",\"@graph\":[{\"@type\":\"WebPage\",\"@id\":\"https:\/\/congressohvm.com\/2022\/\",\"url\":\"https:\/\/congressohvm.com\/2022\/\",\"name\":\"home-2023 - XVIII CONGRESSO INTERNACIONAL VETERIN\u00c1RIO MONTENEGRO\",\"isPartOf\":{\"@id\":\"https:\/\/congressohvm.com\/2022\/#website\"},\"datePublished\":\"2022-11-25T14:50:08+00:00\",\"dateModified\":\"2023-05-17T10:07:35+00:00\",\"breadcrumb\":{\"@id\":\"https:\/\/congressohvm.com\/2022\/#breadcrumb\"},\"inLanguage\":\"pt-PT\",\"potentialAction\":[{\"@type\":\"ReadAction\",\"target\":[\"https:\/\/congressohvm.com\/2022\/\"]}]},{\"@type\":\"BreadcrumbList\",\"@id\":\"https:\/\/congressohvm.com\/2022\/#breadcrumb\",\"itemListElement\":[{\"@type\":\"ListItem\",\"position\":1,\"name\":\"In\u00edcio\",\"item\":\"https:\/\/congressohvm.com\/2022\/\"},{\"@type\":\"ListItem\",\"position\":2,\"name\":\"home-2023\"}]},{\"@type\":\"WebSite\",\"@id\":\"https:\/\/congressohvm.com\/2022\/#website\",\"url\":\"https:\/\/congressohvm.com\/2022\/\",\"name\":\"XVIII CONGRESSO INTERNACIONAL VETERIN\u00c1RIO MONTENEGRO\",\"description\":\"XVIII CONGRESSO INTERNACIONAL VETERIN\u00c1RIO MONTENEGRO\",\"potentialAction\":[{\"@type\":\"SearchAction\",\"target\":{\"@type\":\"EntryPoint\",\"urlTemplate\":\"https:\/\/congressohvm.com\/2022\/?s={search_term_string}\"},\"query-input\":\"required name=search_term_string\"}],\"inLanguage\":\"pt-PT\"}]}<\/script>\n<!-- \/ Yoast SEO plugin. -->","yoast_head_json":{"title":"home-2023 - XVIII CONGRESSO INTERNACIONAL VETERIN\u00c1RIO MONTENEGRO","robots":{"index":"noindex","follow":"follow","max-snippet":"max-snippet:-1","max-image-preview":"max-image-preview:large","max-video-preview":"max-video-preview:-1"},"og_locale":"pt_PT","og_type":"article","og_title":"home-2023 - XVIII CONGRESSO INTERNACIONAL VETERIN\u00c1RIO MONTENEGRO","og_description":"XIX\u00ba. CONGRESSO INTERNACIONAL VETERIN\u00c1RIO MONTENEGRO 13 e 14 de Outubro de 2023 Garanta o seu lugar ! Comprar Agora Ir para a edi\u00e7\u00e3o anterior M\u00c9DICOS VETERIN\u00c1RIOS Comprar ENFERMEIROS VETERIN\u00c1RIOS Comprar ESTUDANTES Comprar OUTROS PROFISSIONAIS Comprar","og_url":"https:\/\/congressohvm.com\/2022\/","og_site_name":"XVIII CONGRESSO INTERNACIONAL VETERIN\u00c1RIO MONTENEGRO","article_modified_time":"2023-05-17T10:07:35+00:00","og_image":[{"url":"https:\/\/congressohvm.com\/2022\/wp-content\/uploads\/2019\/10\/image_shape.png"}],"twitter_card":"summary_large_image","twitter_misc":{"Tempo estimado de leitura":"1 minuto"},"schema":{"@context":"https:\/\/schema.org","@graph":[{"@type":"WebPage","@id":"https:\/\/congressohvm.com\/2022\/","url":"https:\/\/congressohvm.com\/2022\/","name":"home-2023 - XVIII CONGRESSO INTERNACIONAL VETERIN\u00c1RIO MONTENEGRO","isPartOf":{"@id":"https:\/\/congressohvm.com\/2022\/#website"},"datePublished":"2022-11-25T14:50:08+00:00","dateModified":"2023-05-17T10:07:35+00:00","breadcrumb":{"@id":"https:\/\/congressohvm.com\/2022\/#breadcrumb"},"inLanguage":"pt-PT","potentialAction":[{"@type":"ReadAction","target":["https:\/\/congressohvm.com\/2022\/"]}]},{"@type":"BreadcrumbList","@id":"https:\/\/congressohvm.com\/2022\/#breadcrumb","itemListElement":[{"@type":"ListItem","position":1,"name":"In\u00edcio","item":"https:\/\/congressohvm.com\/2022\/"},{"@type":"ListItem","position":2,"name":"home-2023"}]},{"@type":"WebSite","@id":"https:\/\/congressohvm.com\/2022\/#website","url":"https:\/\/congressohvm.com\/2022\/","name":"XVIII CONGRESSO INTERNACIONAL VETERIN\u00c1RIO MONTENEGRO","description":"XVIII CONGRESSO INTERNACIONAL VETERIN\u00c1RIO MONTENEGRO","potentialAction":[{"@type":"SearchAction","target":{"@type":"EntryPoint","urlTemplate":"https:\/\/congressohvm.com\/2022\/?s={search_term_string}"},"query-input":"required name=search_term_string"}],"inLanguage":"pt-PT"}]}},"_links":{"self":[{"href":"https:\/\/congressohvm.com\/2022\/wp-json\/wp\/v2\/pages\/3689"}],"collection":[{"href":"https:\/\/congressohvm.com\/2022\/wp-json\/wp\/v2\/pages"}],"about":[{"href":"https:\/\/congressohvm.com\/2022\/wp-json\/wp\/v2\/types\/page"}],"author":[{"embeddable":true,"href":"https:\/\/congressohvm.com\/2022\/wp-json\/wp\/v2\/users\/1"}],"replies":[{"embeddable":true,"href":"https:\/\/congressohvm.com\/2022\/wp-json\/wp\/v2\/comments?post=3689"}],"version-history":[{"count":67,"href":"https:\/\/congressohvm.com\/2022\/wp-json\/wp\/v2\/pages\/3689\/revisions"}],"predecessor-version":[{"id":3949,"href":"https:\/\/congressohvm.com\/2022\/wp-json\/wp\/v2\/pages\/3689\/revisions\/3949"}],"wp:attachment":[{"href":"https:\/\/congressohvm.com\/2022\/wp-json\/wp\/v2\/media?parent=3689"}],"curies":[{"name":"wp","href":"https:\/\/api.w.org\/{rel}","templated":true}]}}