{"id":1225,"date":"2019-01-08T06:14:37","date_gmt":"2019-01-08T06:14:37","guid":{"rendered":"http:\/\/localhost\/Exhibz\/?page_id=1225"},"modified":"2022-12-15T16:22:00","modified_gmt":"2022-12-15T16:22:00","slug":"contactos","status":"publish","type":"page","link":"https:\/\/congressohvm.com\/2022\/es\/contactos\/","title":{"rendered":"Contactos"},"content":{"rendered":"<div data-elementor-type=\"wp-post\" data-elementor-id=\"1225\" class=\"elementor elementor-1225\">\n\t\t\t\t\t\t<div class=\"elementor-inner\">\n\t\t\t\t<div class=\"elementor-section-wrap\">\n\t\t\t\t\t\t\t\t\t<section class=\"elementor-section elementor-top-section elementor-element elementor-element-d2832ba elementor-section-boxed elementor-section-height-default elementor-section-height-default\" data-id=\"d2832ba\" data-element_type=\"section\" data-settings=\"{&quot;background_background&quot;:&quot;classic&quot;}\">\n\t\t\t\t\t\t<div class=\"elementor-container elementor-column-gap-default\">\n\t\t\t\t\t\t\t<div class=\"elementor-row\">\n\t\t\t\t\t<div class=\"elementor-column elementor-col-100 elementor-top-column elementor-element elementor-element-6081284\" data-id=\"6081284\" data-element_type=\"column\">\n\t\t\t<div class=\"elementor-column-wrap elementor-element-populated\">\n\t\t\t\t\t\t\t<div class=\"elementor-widget-wrap\">\n\t\t\t\t\t\t<div class=\"elementor-element elementor-element-6a6aae8 elementor-widget elementor-widget-exhibz-title\" data-id=\"6a6aae8\" data-element_type=\"widget\" data-settings=\"{&quot;ekit_we_effect_on&quot;:&quot;none&quot;}\" data-widget_type=\"exhibz-title.default\">\n\t\t\t\t<div class=\"elementor-widget-container\">\n\t\t\t\n    <div class=\"title-section-area\">\n        <h2 class=\"section-title\">\n            <span class=\"sub-title\">INFORMA\u00c7\u00d5ES<\/span>\n\t\t\t <em class=\"title-bar-shap\">Contactos<\/em>        <\/h2>\n\t\t                            <span class=\"title-border\">&nbsp;<\/span>\n            <\/div><!-- Section title -->\n    \n    \n\n    \t\t<\/div>\n\t\t\t\t<\/div>\n\t\t\t\t<section class=\"elementor-section elementor-inner-section elementor-element elementor-element-00c0674 elementor-section-boxed elementor-section-height-default elementor-section-height-default\" data-id=\"00c0674\" data-element_type=\"section\">\n\t\t\t\t\t\t<div class=\"elementor-container elementor-column-gap-default\">\n\t\t\t\t\t\t\t<div class=\"elementor-row\">\n\t\t\t\t\t<div class=\"elementor-column elementor-col-50 elementor-inner-column elementor-element elementor-element-133c603\" data-id=\"133c603\" data-element_type=\"column\">\n\t\t\t<div class=\"elementor-column-wrap elementor-element-populated\">\n\t\t\t\t\t\t\t<div class=\"elementor-widget-wrap\">\n\t\t\t\t\t\t<div class=\"elementor-element elementor-element-389ad6c elementor-widget elementor-widget-exhibz-feature\" data-id=\"389ad6c\" data-element_type=\"widget\" data-settings=\"{&quot;ekit_we_effect_on&quot;:&quot;none&quot;}\" data-widget_type=\"exhibz-feature.default\">\n\t\t\t\t<div class=\"elementor-widget-container\">\n\t\t\t \n    \n    \n\t\t\t<div class=\"single-intro-text single-contact-feature\">\n\t\t\t<h3 class=\"ts-title\">congresso@hospvetmontenegro.com<\/h3>\n\t\t\t<p>\n\t\t\t\t\t\t\t<\/p>\n\t\t\t<span class=\"count-number icon icon-contact1\">\n\t\t\t\t\n\t\t\t<\/span>\n\t\t<\/div>\n    \n\t\n\t \n\n    \n    \t\t<\/div>\n\t\t\t\t<\/div>\n\t\t\t\t\t\t<\/div>\n\t\t\t\t\t<\/div>\n\t\t<\/div>\n\t\t\t\t<div class=\"elementor-column elementor-col-50 elementor-inner-column elementor-element elementor-element-1d9bfff\" data-id=\"1d9bfff\" data-element_type=\"column\">\n\t\t\t<div class=\"elementor-column-wrap elementor-element-populated\">\n\t\t\t\t\t\t\t<div class=\"elementor-widget-wrap\">\n\t\t\t\t\t\t<div class=\"elementor-element elementor-element-4da74fc elementor-widget elementor-widget-exhibz-feature\" data-id=\"4da74fc\" data-element_type=\"widget\" data-settings=\"{&quot;ekit_we_effect_on&quot;:&quot;none&quot;}\" data-widget_type=\"exhibz-feature.default\">\n\t\t\t\t<div class=\"elementor-widget-container\">\n\t\t\t \n    \n    \n\t\t\t<div class=\"single-intro-text single-contact-feature\">\n\t\t\t<h3 class=\"ts-title\">+351 967 785 298<\/h3>\n\t\t\t<p>\n\t\t\t\t(Chamada para rede m\u00f3vel nacional)\t\t\t<\/p>\n\t\t\t<span class=\"count-number fa fa-phone\">\n\t\t\t\t\n\t\t\t<\/span>\n\t\t<\/div>\n    \n\t\n\t \n\n    \n    \t\t<\/div>\n\t\t\t\t<\/div>\n\t\t\t\t\t\t<\/div>\n\t\t\t\t\t<\/div>\n\t\t<\/div>\n\t\t\t\t\t\t\t\t<\/div>\n\t\t\t\t\t<\/div>\n\t\t<\/section>\n\t\t\t\t\t\t<\/div>\n\t\t\t\t\t<\/div>\n\t\t<\/div>\n\t\t\t\t\t\t\t\t<\/div>\n\t\t\t\t\t<\/div>\n\t\t<\/section>\n\t\t\t\t<section class=\"elementor-section elementor-top-section elementor-element elementor-element-8e8f67e elementor-section-full_width elementor-section-height-default elementor-section-height-default\" data-id=\"8e8f67e\" data-element_type=\"section\">\n\t\t\t\t\t\t<div class=\"elementor-container elementor-column-gap-no\">\n\t\t\t\t\t\t\t<div class=\"elementor-row\">\n\t\t\t\t\t<div class=\"elementor-column elementor-col-100 elementor-top-column elementor-element elementor-element-4db4011\" data-id=\"4db4011\" data-element_type=\"column\">\n\t\t\t<div class=\"elementor-column-wrap elementor-element-populated\">\n\t\t\t\t\t\t\t<div class=\"elementor-widget-wrap\">\n\t\t\t\t\t\t<div class=\"elementor-element elementor-element-3981dff elementor-widget elementor-widget-google_maps\" data-id=\"3981dff\" data-element_type=\"widget\" data-settings=\"{&quot;ekit_we_effect_on&quot;:&quot;none&quot;}\" data-widget_type=\"google_maps.default\">\n\t\t\t\t<div class=\"elementor-widget-container\">\n\t\t\t\t\t<div class=\"elementor-custom-embed\">\n\t\t\t<iframe loading=\"lazy\"\n\t\t\t\t\tsrc=\"https:\/\/maps.google.com\/maps?q=europarque&#038;t=m&#038;z=16&#038;output=embed&#038;iwloc=near\"\n\t\t\t\t\ttitle=\"europarque\"\n\t\t\t\t\taria-label=\"europarque\"\n\t\t\t><\/iframe>\n\t\t<\/div>\n\t\t\t\t<\/div>\n\t\t\t\t<\/div>\n\t\t\t\t\t\t<\/div>\n\t\t\t\t\t<\/div>\n\t\t<\/div>\n\t\t\t\t\t\t\t\t<\/div>\n\t\t\t\t\t<\/div>\n\t\t<\/section>\n\t\t\t\t<section class=\"elementor-section elementor-top-section elementor-element elementor-element-097acb7 elementor-section-boxed elementor-section-height-default elementor-section-height-default\" data-id=\"097acb7\" data-element_type=\"section\" data-settings=\"{&quot;background_background&quot;:&quot;classic&quot;}\">\n\t\t\t\t\t\t<div class=\"elementor-container elementor-column-gap-default\">\n\t\t\t\t\t\t\t<div class=\"elementor-row\">\n\t\t\t\t\t<div class=\"elementor-column elementor-col-100 elementor-top-column elementor-element elementor-element-b2c8d0e\" data-id=\"b2c8d0e\" data-element_type=\"column\">\n\t\t\t<div class=\"elementor-column-wrap elementor-element-populated\">\n\t\t\t\t\t\t\t<div class=\"elementor-widget-wrap\">\n\t\t\t\t\t\t<div class=\"elementor-element elementor-element-0508f57 elementor-widget elementor-widget-exhibz-title\" data-id=\"0508f57\" data-element_type=\"widget\" data-settings=\"{&quot;ekit_we_effect_on&quot;:&quot;none&quot;}\" data-widget_type=\"exhibz-title.default\">\n\t\t\t\t<div class=\"elementor-widget-container\">\n\t\t\t\n    <div class=\"title-section-area\">\n        <h2 class=\"section-title\">\n            <span class=\"sub-title\">TEM D\u00daVIDAS<\/span>\n\t\t\tEnvie-nos uma mensagem        <\/h2>\n\t\t                            <span class=\"title-border\">&nbsp;<\/span>\n            <\/div><!-- Section title -->\n    \n    \n\n    \t\t<\/div>\n\t\t\t\t<\/div>\n\t\t\t\t<div class=\"elementor-element elementor-element-ead9de5 elementor-widget elementor-widget-shortcode\" data-id=\"ead9de5\" data-element_type=\"widget\" data-settings=\"{&quot;ekit_we_effect_on&quot;:&quot;none&quot;}\" data-widget_type=\"shortcode.default\">\n\t\t\t\t<div class=\"elementor-widget-container\">\n\t\t\t\t\t<div class=\"elementor-shortcode\"><div role=\"form\" class=\"wpcf7\" id=\"wpcf7-f1574-o1\" lang=\"en-US\" dir=\"ltr\">\n<div class=\"screen-reader-response\"><p role=\"status\" aria-live=\"polite\" aria-atomic=\"true\"><\/p> <ul><\/ul><\/div>\n<form action=\"\/2022\/es\/wp-json\/wp\/v2\/pages\/1225#wpcf7-f1574-o1\" method=\"post\" class=\"wpcf7-form init\" novalidate=\"novalidate\" data-status=\"init\" data-trp-original-action=\"\/2022\/es\/wp-json\/wp\/v2\/pages\/1225#wpcf7-f1574-o1\">\n<div style=\"display: none;\">\n<input type=\"hidden\" name=\"_wpcf7\" value=\"1574\" \/>\n<input type=\"hidden\" name=\"_wpcf7_version\" value=\"5.6.3\" \/>\n<input type=\"hidden\" name=\"_wpcf7_locale\" value=\"en_US\" \/>\n<input type=\"hidden\" name=\"_wpcf7_unit_tag\" value=\"wpcf7-f1574-o1\" \/>\n<input type=\"hidden\" name=\"_wpcf7_container_post\" value=\"0\" \/>\n<input type=\"hidden\" name=\"_wpcf7_posted_data_hash\" value=\"\" \/>\n<\/div>\n<div class=\"ts-contact-form sidebar-widgets\">\n<div class=\"ts-form-group\">\n<div class=\"ts-form contactMe\">\n<div class=\"row form-group\">\n<div class=\"col-lg-6\">\n<p><span class=\"wpcf7-form-control-wrap\" data-name=\"text-567\"><input type=\"text\" name=\"text-567\" value=\"\" size=\"40\" class=\"wpcf7-form-control wpcf7-text wpcf7-validates-as-required form-control field\" aria-required=\"true\" aria-invalid=\"false\" placeholder=\"Name\" \/><\/span>\n                                        <\/p><\/div>\n<div class=\"col-lg-6\">\n<span class=\"wpcf7-form-control-wrap\" data-name=\"tel-709\"><input type=\"tel\" name=\"tel-709\" value=\"\" size=\"40\" class=\"wpcf7-form-control wpcf7-text wpcf7-tel wpcf7-validates-as-required wpcf7-validates-as-tel form-control field\" aria-required=\"true\" aria-invalid=\"false\" placeholder=\"Phone\" \/><\/span>\n                                        <\/div>\n<\/div>\n<div class=\"row form-group\">\n<div class=\"col-lg-6\">\n<span class=\"wpcf7-form-control-wrap\" data-name=\"email-980\"><input type=\"email\" name=\"email-980\" value=\"\" size=\"40\" class=\"wpcf7-form-control wpcf7-text wpcf7-email wpcf7-validates-as-required wpcf7-validates-as-email form-control field\" aria-required=\"true\" aria-invalid=\"false\" placeholder=\"Your Email\" \/><\/span>\n                                        <\/div>\n<div class=\"col-lg-6\">\n<span class=\"wpcf7-form-control-wrap\" data-name=\"text-49\"><input type=\"text\" name=\"text-49\" value=\"\" size=\"40\" class=\"wpcf7-form-control wpcf7-text form-control field\" aria-invalid=\"false\" placeholder=\"Subject\" \/><\/span>\n                                        <\/div>\n<\/div>\n<p><span class=\"wpcf7-form-control-wrap\" data-name=\"textarea-463\"><textarea name=\"textarea-463\" cols=\"40\" rows=\"10\" class=\"wpcf7-form-control wpcf7-textarea wpcf7-validates-as-required form-control message-box field\" aria-required=\"true\" aria-invalid=\"false\" placeholder=\"Message\"><\/textarea><\/span><\/p>\n<div class=\"ts-btn-wraper text-center\">\n                                   <input type=\"submit\" value=\"Contact Us\" class=\"wpcf7-form-control has-spinner wpcf7-submit btn\" \/>\n                                    <\/div>\n<div class=\"msg\"><\/div>\n<\/div>\n<\/div>\n<\/div>\n<div class=\"wpcf7-response-output\" aria-hidden=\"true\"><\/div><input type=\"hidden\" name=\"trp-form-language\" value=\"es\"\/><\/form><\/div><\/div>\n\t\t\t\t<\/div>\n\t\t\t\t<\/div>\n\t\t\t\t\t\t<\/div>\n\t\t\t\t\t<\/div>\n\t\t<\/div>\n\t\t\t\t\t\t\t\t<\/div>\n\t\t\t\t\t<\/div>\n\t\t<\/section>\n\t\t\t\t\t\t\t\t\t<\/div>\n\t\t\t<\/div>\n\t\t\t\t\t<\/div>","protected":false},"excerpt":{"rendered":"<p>INFORMA\u00c7\u00d5ES Contactos &nbsp; congresso@hospvetmontenegro.com +351 967 785 298 (Chamada para rede m\u00f3vel nacional) TEM D\u00daVIDAS Envie-nos uma mensagem &nbsp;<\/p>","protected":false},"author":1,"featured_media":0,"parent":0,"menu_order":0,"comment_status":"closed","ping_status":"closed","template":"template\/full-width-template.php","meta":[],"yoast_head":"<!-- This site is optimized with the Yoast SEO plugin v19.7.1 - https:\/\/yoast.com\/wordpress\/plugins\/seo\/ -->\n<title>Contactos - XVIII CONGRESSO INTERNACIONAL VETERIN\u00c1RIO MONTENEGRO<\/title>\n<meta name=\"robots\" content=\"noindex, follow, max-snippet:-1, max-image-preview:large, max-video-preview:-1\" \/>\n<meta property=\"og:locale\" content=\"es_ES\" \/>\n<meta property=\"og:type\" content=\"article\" \/>\n<meta property=\"og:title\" content=\"Contactos - XVIII CONGRESSO INTERNACIONAL VETERIN\u00c1RIO MONTENEGRO\" \/>\n<meta property=\"og:description\" content=\"INFORMA\u00c7\u00d5ES Contactos &nbsp; congresso@hospvetmontenegro.com +351 967 785 298 (Chamada para rede m\u00f3vel nacional) TEM D\u00daVIDAS Envie-nos uma mensagem &nbsp;\" \/>\n<meta property=\"og:url\" content=\"https:\/\/congressohvm.com\/2022\/es\/contactos\/\" \/>\n<meta property=\"og:site_name\" content=\"XVIII CONGRESSO INTERNACIONAL VETERIN\u00c1RIO MONTENEGRO\" \/>\n<meta property=\"article:modified_time\" content=\"2022-12-15T16:22:00+00:00\" \/>\n<meta name=\"twitter:card\" content=\"summary_large_image\" \/>\n<meta name=\"twitter:label1\" content=\"Tiempo de lectura\" \/>\n\t<meta name=\"twitter:data1\" content=\"1 minuto\" \/>\n<script type=\"application\/ld+json\" class=\"yoast-schema-graph\">{\"@context\":\"https:\/\/schema.org\",\"@graph\":[{\"@type\":\"WebPage\",\"@id\":\"https:\/\/congressohvm.com\/2022\/contactos\/\",\"url\":\"https:\/\/congressohvm.com\/2022\/contactos\/\",\"name\":\"Contactos - XVIII CONGRESSO INTERNACIONAL VETERIN\u00c1RIO MONTENEGRO\",\"isPartOf\":{\"@id\":\"https:\/\/congressohvm.com\/2022\/#website\"},\"datePublished\":\"2019-01-08T06:14:37+00:00\",\"dateModified\":\"2022-12-15T16:22:00+00:00\",\"breadcrumb\":{\"@id\":\"https:\/\/congressohvm.com\/2022\/contactos\/#breadcrumb\"},\"inLanguage\":\"es\",\"potentialAction\":[{\"@type\":\"ReadAction\",\"target\":[\"https:\/\/congressohvm.com\/2022\/contactos\/\"]}]},{\"@type\":\"BreadcrumbList\",\"@id\":\"https:\/\/congressohvm.com\/2022\/contactos\/#breadcrumb\",\"itemListElement\":[{\"@type\":\"ListItem\",\"position\":1,\"name\":\"In\u00edcio\",\"item\":\"https:\/\/congressohvm.com\/2022\/\"},{\"@type\":\"ListItem\",\"position\":2,\"name\":\"Contactos\"}]},{\"@type\":\"WebSite\",\"@id\":\"https:\/\/congressohvm.com\/2022\/#website\",\"url\":\"https:\/\/congressohvm.com\/2022\/\",\"name\":\"XVIII CONGRESSO INTERNACIONAL VETERIN\u00c1RIO MONTENEGRO\",\"description\":\"XVIII CONGRESSO INTERNACIONAL VETERIN\u00c1RIO MONTENEGRO\",\"potentialAction\":[{\"@type\":\"SearchAction\",\"target\":{\"@type\":\"EntryPoint\",\"urlTemplate\":\"https:\/\/congressohvm.com\/2022\/?s={search_term_string}\"},\"query-input\":\"required name=search_term_string\"}],\"inLanguage\":\"es\"}]}<\/script>\n<!-- \/ Yoast SEO plugin. -->","yoast_head_json":{"title":"Contactos - XVIII CONGRESSO INTERNACIONAL VETERIN\u00c1RIO MONTENEGRO","robots":{"index":"noindex","follow":"follow","max-snippet":"max-snippet:-1","max-image-preview":"max-image-preview:large","max-video-preview":"max-video-preview:-1"},"og_locale":"es_ES","og_type":"article","og_title":"Contactos - XVIII CONGRESSO INTERNACIONAL VETERIN\u00c1RIO MONTENEGRO","og_description":"INFORMA\u00c7\u00d5ES Contactos &nbsp; congresso@hospvetmontenegro.com +351 967 785 298 (Chamada para rede m\u00f3vel nacional) TEM D\u00daVIDAS Envie-nos uma mensagem &nbsp;","og_url":"https:\/\/congressohvm.com\/2022\/es\/contactos\/","og_site_name":"XVIII CONGRESSO INTERNACIONAL VETERIN\u00c1RIO MONTENEGRO","article_modified_time":"2022-12-15T16:22:00+00:00","twitter_card":"summary_large_image","twitter_misc":{"Tiempo de lectura":"1 minuto"},"schema":{"@context":"https:\/\/schema.org","@graph":[{"@type":"WebPage","@id":"https:\/\/congressohvm.com\/2022\/contactos\/","url":"https:\/\/congressohvm.com\/2022\/contactos\/","name":"Contactos - XVIII CONGRESSO INTERNACIONAL VETERIN\u00c1RIO MONTENEGRO","isPartOf":{"@id":"https:\/\/congressohvm.com\/2022\/#website"},"datePublished":"2019-01-08T06:14:37+00:00","dateModified":"2022-12-15T16:22:00+00:00","breadcrumb":{"@id":"https:\/\/congressohvm.com\/2022\/contactos\/#breadcrumb"},"inLanguage":"es","potentialAction":[{"@type":"ReadAction","target":["https:\/\/congressohvm.com\/2022\/contactos\/"]}]},{"@type":"BreadcrumbList","@id":"https:\/\/congressohvm.com\/2022\/contactos\/#breadcrumb","itemListElement":[{"@type":"ListItem","position":1,"name":"In\u00edcio","item":"https:\/\/congressohvm.com\/2022\/"},{"@type":"ListItem","position":2,"name":"Contactos"}]},{"@type":"WebSite","@id":"https:\/\/congressohvm.com\/2022\/#website","url":"https:\/\/congressohvm.com\/2022\/","name":"XVIII CONGRESSO INTERNACIONAL VETERIN\u00c1RIO MONTENEGRO","description":"XVIII CONGRESSO INTERNACIONAL VETERIN\u00c1RIO MONTENEGRO","potentialAction":[{"@type":"SearchAction","target":{"@type":"EntryPoint","urlTemplate":"https:\/\/congressohvm.com\/2022\/?s={search_term_string}"},"query-input":"required name=search_term_string"}],"inLanguage":"es"}]}},"_links":{"self":[{"href":"https:\/\/congressohvm.com\/2022\/es\/wp-json\/wp\/v2\/pages\/1225"}],"collection":[{"href":"https:\/\/congressohvm.com\/2022\/es\/wp-json\/wp\/v2\/pages"}],"about":[{"href":"https:\/\/congressohvm.com\/2022\/es\/wp-json\/wp\/v2\/types\/page"}],"author":[{"embeddable":true,"href":"https:\/\/congressohvm.com\/2022\/es\/wp-json\/wp\/v2\/users\/1"}],"replies":[{"embeddable":true,"href":"https:\/\/congressohvm.com\/2022\/es\/wp-json\/wp\/v2\/comments?post=1225"}],"version-history":[{"count":22,"href":"https:\/\/congressohvm.com\/2022\/es\/wp-json\/wp\/v2\/pages\/1225\/revisions"}],"predecessor-version":[{"id":3764,"href":"https:\/\/congressohvm.com\/2022\/es\/wp-json\/wp\/v2\/pages\/1225\/revisions\/3764"}],"wp:attachment":[{"href":"https:\/\/congressohvm.com\/2022\/es\/wp-json\/wp\/v2\/media?parent=1225"}],"curies":[{"name":"wp","href":"https:\/\/api.w.org\/{rel}","templated":true}]}}