{"id":2427,"date":"2021-08-19T15:37:46","date_gmt":"2021-08-19T15:37:46","guid":{"rendered":"https:\/\/congressohvm.com\/2021\/?page_id=2427"},"modified":"2021-08-24T15:02:50","modified_gmt":"2021-08-24T15:02:50","slug":"edicoes-anteriores","status":"publish","type":"page","link":"https:\/\/congressohvm.com\/2021\/edicoes-anteriores\/","title":{"rendered":"Edi\u00e7\u00f5es Anteriores"},"content":{"rendered":"\t\t<div data-elementor-type=\"wp-page\" data-elementor-id=\"2427\" class=\"elementor elementor-2427\" data-elementor-settings=\"[]\">\n\t\t\t\t\t\t<div class=\"elementor-inner\">\n\t\t\t\t\t\t\t<div class=\"elementor-section-wrap\">\n\t\t\t\t\t\t\t<section class=\"elementor-section elementor-top-section elementor-element elementor-element-3988849 elementor-section-boxed elementor-section-height-default elementor-section-height-default\" data-id=\"3988849\" data-element_type=\"section\" data-settings=\"{&quot;background_background&quot;:&quot;classic&quot;}\">\n\t\t\t\t\t\t<div class=\"elementor-container elementor-column-gap-default\">\n\t\t\t\t\t\t\t<div class=\"elementor-row\">\n\t\t\t\t\t<div class=\"elementor-column elementor-col-100 elementor-top-column elementor-element elementor-element-ad9f3ff\" data-id=\"ad9f3ff\" data-element_type=\"column\">\n\t\t\t<div class=\"elementor-column-wrap elementor-element-populated\">\n\t\t\t\t\t\t\t<div class=\"elementor-widget-wrap\">\n\t\t\t\t\t\t<div class=\"elementor-element elementor-element-e77afae elementor-widget elementor-widget-text-editor\" data-id=\"e77afae\" data-element_type=\"widget\" data-settings=\"{&quot;ekit_we_effect_on&quot;:&quot;none&quot;}\" data-widget_type=\"text-editor.default\">\n\t\t\t\t<div class=\"elementor-widget-container\">\n\t\t\t\t\t\t\t\t<div class=\"elementor-text-editor elementor-clearfix\">\n\t\t\t\t\t<p><a href=\"https:\/\/congressohvm.com\/1\" target=\"_new\" rel=\"noopener\">2020 \u2013 XVI Congresso Medicina<\/a><\/p><table style=\"height: 835px;\" border=\"0\" width=\"240\"><tbody><tr><td><a href=\"https:\/\/congressohvm.com\/2019\/\" target=\"_new\" rel=\"noopener\">2019 \u2013 XV Congresso Medicina<\/a><\/td><\/tr><tr><td><a href=\"https:\/\/congressohvm.com\/congr\/edicoes\/2016\/index.php?lang=pt\" target=\"_new\" rel=\"noopener\">2016 \u2013 XII Congresso Medicina<\/a><\/td><\/tr><tr><td><a href=\"https:\/\/congressohvm.com\/congr\/edicoes\/2015\/index.php?lang=pt\" target=\"_new\" rel=\"noopener\">2015 \u2013 XI Congresso Medicina<\/a><\/td><\/tr><tr><td><a href=\"https:\/\/congressohvm.com\/congr\/edicoes\/2014\/pt\/index_congresso.php\" target=\"_new\" rel=\"noopener\">2014 \u2013 X Congresso Medicina<\/a><\/td><\/tr><tr><td><a href=\"https:\/\/congressohvm.com\/congr\/edicoes\/2014\/pt\/index_enfermagem.php\" target=\"_new\" rel=\"noopener\">2014 \u2013 IV Congresso Enfermagem<\/a><\/td><\/tr><tr><td><a href=\"https:\/\/congressohvm.com\/congr\/edicoes\/2013\/veterinario\/\" target=\"_new\" rel=\"noopener\">2013 \u2013 IX Congresso de Medicina<\/a><\/td><\/tr><tr><td><a href=\"https:\/\/congressohvm.com\/congr\/edicoes\/2013\/enfermagem\/\" target=\"_new\" rel=\"noopener\">2013 \u2013 III Congresso Enfermagem Veterin\u00e1ria<\/a><\/td><\/tr><tr><td><a href=\"https:\/\/congressohvm.com\/congr\/edicoes\/2012_esp\/\" target=\"_new\" rel=\"noopener\">2012 \u2013 I Congresso de Medicina Interna<\/a><\/td><\/tr><tr><td><a href=\"https:\/\/congressohvm.com\/congr\/edicoes\/2012\/veterinario\/\" target=\"_new\" rel=\"noopener\">2012 \u2013 Congresso de Endocrinologia<\/a><\/td><\/tr><tr><td><a href=\"https:\/\/congressohvm.com\/congr\/edicoes\/2012\/enfermagem\/\" target=\"_new\" rel=\"noopener\">2012 \u2013 II Congresso de Enfermagem Veterin\u00e1ria<\/a><\/td><\/tr><tr><td><a href=\"https:\/\/congressohvm.com\/congr\/edicoes\/2011\/veterinario\/\" target=\"_new\" rel=\"noopener\">2011 \u2013 Congresso de Oncologia<\/a><\/td><\/tr><tr><td><a href=\"https:\/\/congressohvm.com\/congr\/edicoes\/2011\/enfermagem\/\" target=\"_new\" rel=\"noopener\">2011 \u2013 I Congresso de Enfermagem Veterin\u00e1ria<\/a><\/td><\/tr><tr><td><a href=\"https:\/\/congressohvm.com\/congr\/edicoes\/2010\/\" target=\"_new\" rel=\"noopener\">2010 \u2013 Congresso de Emerg\u00eancias Veterin\u00e1ria<\/a><\/td><\/tr><tr><td><a href=\"https:\/\/congressohvm.com\/congr\/edicoes\/2009\/\" target=\"_new\" rel=\"noopener\">2009 \u2013 Congresso de Gastroenterologia<\/a><\/td><\/tr><tr><td><a href=\"https:\/\/congressohvm.com\/congr\/edicoes\/2008\/\" target=\"_new\" rel=\"noopener\">2008 \u2013 Congresso de Dermatologia<\/a><\/td><\/tr><tr><td><a href=\"https:\/\/congressohvm.com\/congr\/edicoes\/2007\/\" target=\"_new\" rel=\"noopener\">2007 \u2013 Congresso Cardio-Respirat\u00f3rio<\/a><\/td><\/tr><tr><td><a href=\"https:\/\/congressohvm.com\/congr\/edicoes\/2006\/\" target=\"_new\" rel=\"noopener\">2006 \u2013 Congresso de Neurologia<\/a><\/td><\/tr><tr><td><a href=\"https:\/\/congressohvm.com\/congr\/edicoes\/2005\/\" target=\"_new\" rel=\"noopener\">2005 \u2013 Congresso de Nefrologia<\/a><\/td><\/tr><\/tbody><\/table><p>\u00a0<\/p>\t\t\t\t\t<\/div>\n\t\t\t\t\t\t<\/div>\n\t\t\t\t<\/div>\n\t\t\t\t\t\t<\/div>\n\t\t\t\t\t<\/div>\n\t\t<\/div>\n\t\t\t\t\t\t\t\t<\/div>\n\t\t\t\t\t<\/div>\n\t\t<\/section>\n\t\t\t\t\t\t<\/div>\n\t\t\t\t\t\t<\/div>\n\t\t\t\t\t<\/div>\n\t\t","protected":false},"excerpt":{"rendered":"<p>2020 \u2013 XVI Congresso Medicina 2019 \u2013 XV Congresso Medicina 2016 \u2013 XII Congresso Medicina 2015 \u2013 XI Congresso Medicina 2014 \u2013 X Congresso Medicina 2014 \u2013 IV Congresso Enfermagem 2013 \u2013 IX Congresso de Medicina 2013 \u2013 III Congresso Enfermagem Veterin\u00e1ria 2012 \u2013 I Congresso de Medicina Interna 2012 \u2013 Congresso de Endocrinologia 2012 [&hellip;]<\/p>\n","protected":false},"author":1,"featured_media":0,"parent":0,"menu_order":0,"comment_status":"closed","ping_status":"closed","template":"","meta":[],"yoast_head":"<!-- This site is optimized with the Yoast SEO plugin v17.0 - https:\/\/yoast.com\/wordpress\/plugins\/seo\/ -->\n<title>Edi\u00e7\u00f5es Anteriores - XVII CONGRESSO INTERNACIONAL VETERIN\u00c1RIO MONTENEGRO<\/title>\n<meta name=\"robots\" content=\"index, follow, max-snippet:-1, max-image-preview:large, max-video-preview:-1\" \/>\n<link rel=\"canonical\" href=\"https:\/\/congressohvm.com\/2021\/edicoes-anteriores\/\" \/>\n<meta property=\"og:locale\" content=\"pt_PT\" \/>\n<meta property=\"og:type\" content=\"article\" \/>\n<meta property=\"og:title\" content=\"Edi\u00e7\u00f5es Anteriores - XVII CONGRESSO INTERNACIONAL VETERIN\u00c1RIO MONTENEGRO\" \/>\n<meta property=\"og:description\" content=\"2020 \u2013 XVI Congresso Medicina 2019 \u2013 XV Congresso Medicina 2016 \u2013 XII Congresso Medicina 2015 \u2013 XI Congresso Medicina 2014 \u2013 X Congresso Medicina 2014 \u2013 IV Congresso Enfermagem 2013 \u2013 IX Congresso de Medicina 2013 \u2013 III Congresso Enfermagem Veterin\u00e1ria 2012 \u2013 I Congresso de Medicina Interna 2012 \u2013 Congresso de Endocrinologia 2012 [&hellip;]\" \/>\n<meta property=\"og:url\" content=\"https:\/\/congressohvm.com\/2021\/edicoes-anteriores\/\" \/>\n<meta property=\"og:site_name\" content=\"XVII CONGRESSO INTERNACIONAL VETERIN\u00c1RIO MONTENEGRO\" \/>\n<meta property=\"article:modified_time\" content=\"2021-08-24T15:02:50+00:00\" \/>\n<meta name=\"twitter:card\" content=\"summary_large_image\" \/>\n<script type=\"application\/ld+json\" class=\"yoast-schema-graph\">{\"@context\":\"https:\/\/schema.org\",\"@graph\":[{\"@type\":\"WebSite\",\"@id\":\"https:\/\/congressohvm.com\/2021\/#website\",\"url\":\"https:\/\/congressohvm.com\/2021\/\",\"name\":\"XVII CONGRESSO INTERNACIONAL VETERIN\\u00c1RIO MONTENEGRO\",\"description\":\"XVII CONGRESSO INTERNACIONAL VETERIN\\u00c1RIO MONTENEGRO\",\"potentialAction\":[{\"@type\":\"SearchAction\",\"target\":{\"@type\":\"EntryPoint\",\"urlTemplate\":\"https:\/\/congressohvm.com\/2021\/?s={search_term_string}\"},\"query-input\":\"required name=search_term_string\"}],\"inLanguage\":\"pt-PT\"},{\"@type\":\"WebPage\",\"@id\":\"https:\/\/congressohvm.com\/2021\/edicoes-anteriores\/#webpage\",\"url\":\"https:\/\/congressohvm.com\/2021\/edicoes-anteriores\/\",\"name\":\"Edi\\u00e7\\u00f5es Anteriores - XVII CONGRESSO INTERNACIONAL VETERIN\\u00c1RIO MONTENEGRO\",\"isPartOf\":{\"@id\":\"https:\/\/congressohvm.com\/2021\/#website\"},\"datePublished\":\"2021-08-19T15:37:46+00:00\",\"dateModified\":\"2021-08-24T15:02:50+00:00\",\"breadcrumb\":{\"@id\":\"https:\/\/congressohvm.com\/2021\/edicoes-anteriores\/#breadcrumb\"},\"inLanguage\":\"pt-PT\",\"potentialAction\":[{\"@type\":\"ReadAction\",\"target\":[\"https:\/\/congressohvm.com\/2021\/edicoes-anteriores\/\"]}]},{\"@type\":\"BreadcrumbList\",\"@id\":\"https:\/\/congressohvm.com\/2021\/edicoes-anteriores\/#breadcrumb\",\"itemListElement\":[{\"@type\":\"ListItem\",\"position\":1,\"name\":\"In\\u00edcio\",\"item\":\"https:\/\/congressohvm.com\/2021\/\"},{\"@type\":\"ListItem\",\"position\":2,\"name\":\"Edi\\u00e7\\u00f5es Anteriores\"}]}]}<\/script>\n<!-- \/ Yoast SEO plugin. -->","yoast_head_json":{"title":"Edi\u00e7\u00f5es Anteriores - XVII CONGRESSO INTERNACIONAL VETERIN\u00c1RIO MONTENEGRO","robots":{"index":"index","follow":"follow","max-snippet":"max-snippet:-1","max-image-preview":"max-image-preview:large","max-video-preview":"max-video-preview:-1"},"canonical":"https:\/\/congressohvm.com\/2021\/edicoes-anteriores\/","og_locale":"pt_PT","og_type":"article","og_title":"Edi\u00e7\u00f5es Anteriores - XVII CONGRESSO INTERNACIONAL VETERIN\u00c1RIO MONTENEGRO","og_description":"2020 \u2013 XVI Congresso Medicina 2019 \u2013 XV Congresso Medicina 2016 \u2013 XII Congresso Medicina 2015 \u2013 XI Congresso Medicina 2014 \u2013 X Congresso Medicina 2014 \u2013 IV Congresso Enfermagem 2013 \u2013 IX Congresso de Medicina 2013 \u2013 III Congresso Enfermagem Veterin\u00e1ria 2012 \u2013 I Congresso de Medicina Interna 2012 \u2013 Congresso de Endocrinologia 2012 [&hellip;]","og_url":"https:\/\/congressohvm.com\/2021\/edicoes-anteriores\/","og_site_name":"XVII CONGRESSO INTERNACIONAL VETERIN\u00c1RIO MONTENEGRO","article_modified_time":"2021-08-24T15:02:50+00:00","twitter_card":"summary_large_image","schema":{"@context":"https:\/\/schema.org","@graph":[{"@type":"WebSite","@id":"https:\/\/congressohvm.com\/2021\/#website","url":"https:\/\/congressohvm.com\/2021\/","name":"XVII CONGRESSO INTERNACIONAL VETERIN\u00c1RIO MONTENEGRO","description":"XVII CONGRESSO INTERNACIONAL VETERIN\u00c1RIO MONTENEGRO","potentialAction":[{"@type":"SearchAction","target":{"@type":"EntryPoint","urlTemplate":"https:\/\/congressohvm.com\/2021\/?s={search_term_string}"},"query-input":"required name=search_term_string"}],"inLanguage":"pt-PT"},{"@type":"WebPage","@id":"https:\/\/congressohvm.com\/2021\/edicoes-anteriores\/#webpage","url":"https:\/\/congressohvm.com\/2021\/edicoes-anteriores\/","name":"Edi\u00e7\u00f5es Anteriores - XVII CONGRESSO INTERNACIONAL VETERIN\u00c1RIO MONTENEGRO","isPartOf":{"@id":"https:\/\/congressohvm.com\/2021\/#website"},"datePublished":"2021-08-19T15:37:46+00:00","dateModified":"2021-08-24T15:02:50+00:00","breadcrumb":{"@id":"https:\/\/congressohvm.com\/2021\/edicoes-anteriores\/#breadcrumb"},"inLanguage":"pt-PT","potentialAction":[{"@type":"ReadAction","target":["https:\/\/congressohvm.com\/2021\/edicoes-anteriores\/"]}]},{"@type":"BreadcrumbList","@id":"https:\/\/congressohvm.com\/2021\/edicoes-anteriores\/#breadcrumb","itemListElement":[{"@type":"ListItem","position":1,"name":"In\u00edcio","item":"https:\/\/congressohvm.com\/2021\/"},{"@type":"ListItem","position":2,"name":"Edi\u00e7\u00f5es Anteriores"}]}]}},"_links":{"self":[{"href":"https:\/\/congressohvm.com\/2021\/wp-json\/wp\/v2\/pages\/2427"}],"collection":[{"href":"https:\/\/congressohvm.com\/2021\/wp-json\/wp\/v2\/pages"}],"about":[{"href":"https:\/\/congressohvm.com\/2021\/wp-json\/wp\/v2\/types\/page"}],"author":[{"embeddable":true,"href":"https:\/\/congressohvm.com\/2021\/wp-json\/wp\/v2\/users\/1"}],"replies":[{"embeddable":true,"href":"https:\/\/congressohvm.com\/2021\/wp-json\/wp\/v2\/comments?post=2427"}],"version-history":[{"count":13,"href":"https:\/\/congressohvm.com\/2021\/wp-json\/wp\/v2\/pages\/2427\/revisions"}],"predecessor-version":[{"id":2559,"href":"https:\/\/congressohvm.com\/2021\/wp-json\/wp\/v2\/pages\/2427\/revisions\/2559"}],"wp:attachment":[{"href":"https:\/\/congressohvm.com\/2021\/wp-json\/wp\/v2\/media?parent=2427"}],"curies":[{"name":"wp","href":"https:\/\/api.w.org\/{rel}","templated":true}]}}