{"id":1225,"date":"2019-01-08T06:14:37","date_gmt":"2019-01-08T06:14:37","guid":{"rendered":"http:\/\/localhost\/Exhibz\/?page_id=1225"},"modified":"2021-08-30T16:50:10","modified_gmt":"2021-08-30T16:50:10","slug":"contactos","status":"publish","type":"page","link":"https:\/\/congressohvm.com\/2021\/contactos\/","title":{"rendered":"Contactos"},"content":{"rendered":"\t\t<div data-elementor-type=\"wp-post\" data-elementor-id=\"1225\" class=\"elementor elementor-1225\" data-elementor-settings=\"[]\">\n\t\t\t\t\t\t<div class=\"elementor-inner\">\n\t\t\t\t\t\t\t<div class=\"elementor-section-wrap\">\n\t\t\t\t\t\t\t<section class=\"elementor-section elementor-top-section elementor-element elementor-element-d2832ba elementor-section-boxed elementor-section-height-default elementor-section-height-default\" data-id=\"d2832ba\" data-element_type=\"section\" data-settings=\"{&quot;background_background&quot;:&quot;classic&quot;}\">\n\t\t\t\t\t\t<div class=\"elementor-container elementor-column-gap-default\">\n\t\t\t\t\t\t\t<div class=\"elementor-row\">\n\t\t\t\t\t<div class=\"elementor-column elementor-col-100 elementor-top-column elementor-element elementor-element-6081284\" data-id=\"6081284\" data-element_type=\"column\">\n\t\t\t<div class=\"elementor-column-wrap elementor-element-populated\">\n\t\t\t\t\t\t\t<div class=\"elementor-widget-wrap\">\n\t\t\t\t\t\t<section class=\"elementor-section elementor-inner-section elementor-element elementor-element-00c0674 elementor-section-boxed elementor-section-height-default elementor-section-height-default\" data-id=\"00c0674\" data-element_type=\"section\">\n\t\t\t\t\t\t<div class=\"elementor-container elementor-column-gap-default\">\n\t\t\t\t\t\t\t<div class=\"elementor-row\">\n\t\t\t\t\t<div class=\"elementor-column elementor-col-33 elementor-inner-column elementor-element elementor-element-e385218\" data-id=\"e385218\" data-element_type=\"column\">\n\t\t\t<div class=\"elementor-column-wrap elementor-element-populated\">\n\t\t\t\t\t\t\t<div class=\"elementor-widget-wrap\">\n\t\t\t\t\t\t<div class=\"elementor-element elementor-element-7e6fed9 elementor-widget elementor-widget-exhibz-title\" data-id=\"7e6fed9\" data-element_type=\"widget\" data-settings=\"{&quot;ekit_we_effect_on&quot;:&quot;none&quot;}\" data-widget_type=\"exhibz-title.default\">\n\t\t\t\t<div class=\"elementor-widget-container\">\n\t\t\t\n    <div class=\"title-section-area\">\n        <h2 class=\"section-title\">\n            <span class=\"sub-title\">FALE CONNOSCO<\/span>\n\t\t\tContactos        <\/h2>\n\t\t                    <span class=\"title-shape\">\n                  <svg xmlns='http:\/\/www.w3.org\/2000\/svg' xmlns:xlink='http:\/\/www.w3.org\/1999\/xlink' width='71px' height='11px'> <path fill-rule='evenodd' d='M59.669,10.710 L49.164,3.306 L39.428,10.681 L29.714,3.322 L20.006,10.682 L10.295,3.322 L1.185,10.228 L-0.010,8.578 L10.295,0.765 L20.006,8.125 L29.714,0.765 L39.428,8.125 L49.122,0.781 L59.680,8.223 L69.858,1.192 L70.982,2.895 L59.669,10.710 Z'\/><\/svg>\n            <\/span>\n                    <\/div><!-- Section title -->\n    \n    \n\n    \t\t<\/div>\n\t\t\t\t<\/div>\n\t\t\t\t\t\t<\/div>\n\t\t\t\t\t<\/div>\n\t\t<\/div>\n\t\t\t\t<div class=\"elementor-column elementor-col-33 elementor-inner-column elementor-element elementor-element-133c603\" data-id=\"133c603\" data-element_type=\"column\">\n\t\t\t<div class=\"elementor-column-wrap elementor-element-populated\">\n\t\t\t\t\t\t\t<div class=\"elementor-widget-wrap\">\n\t\t\t\t\t\t<div class=\"elementor-element elementor-element-957418e elementor-widget elementor-widget-exhibz-feature\" data-id=\"957418e\" data-element_type=\"widget\" data-settings=\"{&quot;ekit_we_effect_on&quot;:&quot;none&quot;}\" data-widget_type=\"exhibz-feature.default\">\n\t\t\t\t<div class=\"elementor-widget-container\">\n\t\t\t \n    \n    \n\t\t\t<div class=\"single-intro-text single-contact-feature\">\n\t\t\t<h3 class=\"ts-title\">Informa\u00e7\u00f5es<\/h3>\n\t\t\t<p>\n\t\t\t\t<b>Tel.: <p><\/b>\n+351 918985945<p>\n\n<b>Email: <\/b>\ncongresso@hospvetmontenegro.com\t\t\t<\/p>\n\t\t\t<span class=\"count-number fa fa-info-circle\">\n\t\t\t\t\n\t\t\t<\/span>\n\t\t<\/div>\n    \n\t\n\t \n\n    \n    \t\t<\/div>\n\t\t\t\t<\/div>\n\t\t\t\t\t\t<\/div>\n\t\t\t\t\t<\/div>\n\t\t<\/div>\n\t\t\t\t<div class=\"elementor-column elementor-col-33 elementor-inner-column elementor-element elementor-element-1d9bfff\" data-id=\"1d9bfff\" data-element_type=\"column\">\n\t\t\t<div class=\"elementor-column-wrap\">\n\t\t\t\t\t\t\t<div class=\"elementor-widget-wrap\">\n\t\t\t\t\t\t\t\t<\/div>\n\t\t\t\t\t<\/div>\n\t\t<\/div>\n\t\t\t\t\t\t\t\t<\/div>\n\t\t\t\t\t<\/div>\n\t\t<\/section>\n\t\t\t\t\t\t<\/div>\n\t\t\t\t\t<\/div>\n\t\t<\/div>\n\t\t\t\t\t\t\t\t<\/div>\n\t\t\t\t\t<\/div>\n\t\t<\/section>\n\t\t\t\t<section class=\"elementor-section elementor-top-section elementor-element elementor-element-720aa374 elementor-section-boxed elementor-section-height-default elementor-section-height-default\" data-id=\"720aa374\" data-element_type=\"section\" data-settings=\"{&quot;background_background&quot;:&quot;classic&quot;}\">\n\t\t\t\t\t\t\t<div class=\"elementor-background-overlay\"><\/div>\n\t\t\t\t\t\t\t<div class=\"elementor-container elementor-column-gap-default\">\n\t\t\t\t\t\t\t<div class=\"elementor-row\">\n\t\t\t\t\t<div class=\"elementor-column elementor-col-50 elementor-top-column elementor-element elementor-element-4719f8ce\" data-id=\"4719f8ce\" data-element_type=\"column\">\n\t\t\t<div class=\"elementor-column-wrap elementor-element-populated\">\n\t\t\t\t\t\t\t<div class=\"elementor-widget-wrap\">\n\t\t\t\t\t\t<div class=\"elementor-element elementor-element-728cc25c elementor-widget elementor-widget-exhibz-title\" data-id=\"728cc25c\" data-element_type=\"widget\" data-settings=\"{&quot;ekit_we_effect_on&quot;:&quot;none&quot;}\" data-widget_type=\"exhibz-title.default\">\n\t\t\t\t<div class=\"elementor-widget-container\">\n\t\t\t\n    <div class=\"title-section-area\">\n        <h2 class=\"section-title\">\n            <span class=\"sub-title\">LOCALIZA\u00c7\u00c3O<\/span>\n\t\t\tComo chegar        <\/h2>\n\t\t                    <span class=\"title-shape\">\n                  <svg xmlns='http:\/\/www.w3.org\/2000\/svg' xmlns:xlink='http:\/\/www.w3.org\/1999\/xlink' width='71px' height='11px'> <path fill-rule='evenodd' d='M59.669,10.710 L49.164,3.306 L39.428,10.681 L29.714,3.322 L20.006,10.682 L10.295,3.322 L1.185,10.228 L-0.010,8.578 L10.295,0.765 L20.006,8.125 L29.714,0.765 L39.428,8.125 L49.122,0.781 L59.680,8.223 L69.858,1.192 L70.982,2.895 L59.669,10.710 Z'\/><\/svg>\n            <\/span>\n                    <\/div><!-- Section title -->\n    \n    \n\n    \t\t<\/div>\n\t\t\t\t<\/div>\n\t\t\t\t<div class=\"elementor-element elementor-element-2472db8e ts-map-tabs elementor-tabs-view-horizontal elementor-invisible elementor-widget elementor-widget-tabs\" data-id=\"2472db8e\" data-element_type=\"widget\" data-settings=\"{&quot;_animation&quot;:&quot;fadeIn&quot;,&quot;ekit_we_effect_on&quot;:&quot;none&quot;}\" data-widget_type=\"tabs.default\">\n\t\t\t\t<div class=\"elementor-widget-container\">\n\t\t\t\t\t<div class=\"elementor-tabs\">\n\t\t\t<div class=\"elementor-tabs-wrapper\" role=\"tablist\" >\n\t\t\t\t\t\t\t\t\t<div id=\"elementor-tab-title-6111\" class=\"elementor-tab-title elementor-tab-desktop-title\" aria-selected=\"true\" data-tab=\"1\" role=\"tab\" tabindex=\"0\" aria-controls=\"elementor-tab-content-6111\" aria-expanded=\"false\"><a href=\"\"><\/a><\/div>\n\t\t\t\t\t\t\t<\/div>\n\t\t\t<div class=\"elementor-tabs-content-wrapper\" role=\"tablist\" aria-orientation=\"vertical\">\n\t\t\t\t\t\t\t\t\t<div class=\"elementor-tab-title elementor-tab-mobile-title\" aria-selected=\"true\" data-tab=\"1\" role=\"tab\" tabindex=\"0\" aria-controls=\"elementor-tab-content-6111\" aria-expanded=\"false\"><\/div>\n\t\t\t\t\t<div id=\"elementor-tab-content-6111\" class=\"elementor-tab-content elementor-clearfix\" data-tab=\"1\" role=\"tabpanel\" aria-labelledby=\"elementor-tab-title-6111\" tabindex=\"0\" hidden=\"false\"><h4>Audit\u00f3rio Europarque<\/h4>\n<p>R. Interior do Europarque 4520-<span style=\"color: var( --e-global-color-text ); font-family: var( --e-global-typography-text-font-family ), Sans-serif; font-weight: var( --e-global-typography-text-font-weight );\">153,&nbsp;<\/span><span style=\"color: var( --e-global-color-text ); font-family: var( --e-global-typography-text-font-family ), Sans-serif; font-weight: var( --e-global-typography-text-font-weight );\">Santa Maria da Feira<\/span><\/p>\n<p><\/p>\n<div>\n<div>\n<div>\n<h3>Informa\u00e7\u00f5es<\/h3>\n<p><strong>Tel.:<\/strong>&nbsp;+351 918985945<\/p>\n<p><strong>Email: <\/strong>congresso@hospvetmontenegro.com<\/p>\n<\/div>\n<\/div>\n<\/div><\/div>\n\t\t\t\t\t\t\t<\/div>\n\t\t<\/div>\n\t\t\t\t<\/div>\n\t\t\t\t<\/div>\n\t\t\t\t\t\t<\/div>\n\t\t\t\t\t<\/div>\n\t\t<\/div>\n\t\t\t\t<div class=\"elementor-column elementor-col-50 elementor-top-column elementor-element elementor-element-63cc64b2 ts-tab-map\" data-id=\"63cc64b2\" data-element_type=\"column\">\n\t\t\t<div class=\"elementor-column-wrap elementor-element-populated\">\n\t\t\t\t\t\t\t<div class=\"elementor-widget-wrap\">\n\t\t\t\t\t\t<div class=\"elementor-element elementor-element-6a7e69b7 elementor-widget elementor-widget-google_maps\" data-id=\"6a7e69b7\" data-element_type=\"widget\" data-settings=\"{&quot;ekit_we_effect_on&quot;:&quot;none&quot;}\" data-widget_type=\"google_maps.default\">\n\t\t\t\t<div class=\"elementor-widget-container\">\n\t\t\t\t\t<div class=\"elementor-custom-embed\">\n\t\t\t<iframe frameborder=\"0\" scrolling=\"no\" marginheight=\"0\" marginwidth=\"0\" src=\"https:\/\/maps.google.com\/maps?q=Europarque%20%E2%80%93%20Cidade%20dos%20Eventos&amp;t=m&amp;z=14&amp;output=embed&amp;iwloc=near\" title=\"%3$s\" aria-label=\"%3$s\"><\/iframe>\n\t\t<\/div>\n\t\t\t\t<\/div>\n\t\t\t\t<\/div>\n\t\t\t\t\t\t<\/div>\n\t\t\t\t\t<\/div>\n\t\t<\/div>\n\t\t\t\t\t\t\t\t<\/div>\n\t\t\t\t\t<\/div>\n\t\t<\/section>\n\t\t\t\t<section class=\"elementor-section elementor-top-section elementor-element elementor-element-097acb7 elementor-section-boxed elementor-section-height-default elementor-section-height-default\" data-id=\"097acb7\" data-element_type=\"section\" data-settings=\"{&quot;background_background&quot;:&quot;classic&quot;}\">\n\t\t\t\t\t\t<div class=\"elementor-container elementor-column-gap-default\">\n\t\t\t\t\t\t\t<div class=\"elementor-row\">\n\t\t\t\t\t<div class=\"elementor-column elementor-col-100 elementor-top-column elementor-element elementor-element-b2c8d0e\" data-id=\"b2c8d0e\" data-element_type=\"column\">\n\t\t\t<div class=\"elementor-column-wrap elementor-element-populated\">\n\t\t\t\t\t\t\t<div class=\"elementor-widget-wrap\">\n\t\t\t\t\t\t<div class=\"elementor-element elementor-element-0508f57 elementor-widget elementor-widget-exhibz-title\" data-id=\"0508f57\" data-element_type=\"widget\" data-settings=\"{&quot;ekit_we_effect_on&quot;:&quot;none&quot;}\" data-widget_type=\"exhibz-title.default\">\n\t\t\t\t<div class=\"elementor-widget-container\">\n\t\t\t\n    <div class=\"title-section-area\">\n        <h2 class=\"section-title\">\n            <span class=\"sub-title\">TEM D\u00daVIDAS<\/span>\n\t\t\tEnvie-nos uma Mensagem        <\/h2>\n\t\t                    <span class=\"title-shape\">\n                  <svg xmlns='http:\/\/www.w3.org\/2000\/svg' xmlns:xlink='http:\/\/www.w3.org\/1999\/xlink' width='71px' height='11px'> <path fill-rule='evenodd' d='M59.669,10.710 L49.164,3.306 L39.428,10.681 L29.714,3.322 L20.006,10.682 L10.295,3.322 L1.185,10.228 L-0.010,8.578 L10.295,0.765 L20.006,8.125 L29.714,0.765 L39.428,8.125 L49.122,0.781 L59.680,8.223 L69.858,1.192 L70.982,2.895 L59.669,10.710 Z'\/><\/svg>\n            <\/span>\n                    <\/div><!-- Section title -->\n    \n    \n\n    \t\t<\/div>\n\t\t\t\t<\/div>\n\t\t\t\t<div class=\"elementor-element elementor-element-ead9de5 elementor-widget elementor-widget-shortcode\" data-id=\"ead9de5\" data-element_type=\"widget\" data-settings=\"{&quot;ekit_we_effect_on&quot;:&quot;none&quot;}\" data-widget_type=\"shortcode.default\">\n\t\t\t\t<div class=\"elementor-widget-container\">\n\t\t\t\t\t<div class=\"elementor-shortcode\"><div role=\"form\" class=\"wpcf7\" id=\"wpcf7-f1574-o1\" lang=\"en-US\" dir=\"ltr\">\n<div class=\"screen-reader-response\"><p role=\"status\" aria-live=\"polite\" aria-atomic=\"true\"><\/p> <ul><\/ul><\/div>\n<form action=\"\/2021\/wp-json\/wp\/v2\/pages\/1225#wpcf7-f1574-o1\" method=\"post\" class=\"wpcf7-form init\" novalidate=\"novalidate\" data-status=\"init\">\n<div style=\"display: none;\">\n<input type=\"hidden\" name=\"_wpcf7\" value=\"1574\" \/>\n<input type=\"hidden\" name=\"_wpcf7_version\" value=\"5.4.2\" \/>\n<input type=\"hidden\" name=\"_wpcf7_locale\" value=\"en_US\" \/>\n<input type=\"hidden\" name=\"_wpcf7_unit_tag\" value=\"wpcf7-f1574-o1\" \/>\n<input type=\"hidden\" name=\"_wpcf7_container_post\" value=\"0\" \/>\n<input type=\"hidden\" name=\"_wpcf7_posted_data_hash\" value=\"\" \/>\n<\/div>\n<div class=\"ts-contact-form sidebar-widgets\">\n<div class=\"ts-form-group \">\n<div class=\"ts-form contactMe\">\n<div class=\"row form-group\">\n<div class=\"col-lg-6\">\n<span class=\"wpcf7-form-control-wrap text-49\"><input type=\"text\" name=\"text-49\" value=\"\" size=\"40\" class=\"wpcf7-form-control wpcf7-text form-control field\" aria-invalid=\"false\" placeholder=\"Nome\" \/><\/span>\n                                        <\/div>\n<div class=\"col-lg-6\">\n<span class=\"wpcf7-form-control-wrap tel-709\"><input type=\"tel\" name=\"tel-709\" value=\"\" size=\"40\" class=\"wpcf7-form-control wpcf7-text wpcf7-tel wpcf7-validates-as-required wpcf7-validates-as-tel form-control field\" aria-required=\"true\" aria-invalid=\"false\" placeholder=\"Telefone\" \/><\/span>\n                                        <\/div>\n<\/div>\n<div class=\"row form-group\">\n<div class=\"col-lg-6\">\n<span class=\"wpcf7-form-control-wrap email-980\"><input type=\"email\" name=\"email-980\" value=\"\" size=\"40\" class=\"wpcf7-form-control wpcf7-text wpcf7-email wpcf7-validates-as-required wpcf7-validates-as-email form-control field\" aria-required=\"true\" aria-invalid=\"false\" placeholder=\"Email\" \/><\/span>\n                                        <\/div>\n<div class=\"col-lg-6\">\n<span class=\"wpcf7-form-control-wrap text-49\"><input type=\"text\" name=\"text-49\" value=\"\" size=\"40\" class=\"wpcf7-form-control wpcf7-text form-control field\" aria-invalid=\"false\" placeholder=\"Assunto\" \/><\/span>\n                                        <\/div>\n<\/div>\n<p><span class=\"wpcf7-form-control-wrap textarea-463\"><textarea name=\"textarea-463\" cols=\"40\" rows=\"10\" class=\"wpcf7-form-control wpcf7-textarea wpcf7-validates-as-required form-control message-box field\" aria-required=\"true\" aria-invalid=\"false\" placeholder=\"Mensagem\"><\/textarea><\/span><\/p>\n<div class=\"ts-btn-wraper text-center\">\n                                   <input type=\"submit\" value=\"Enviar\" class=\"wpcf7-form-control wpcf7-submit btn\" \/>\n                                    <\/div>\n<div class=\"msg\"><\/div>\n<\/div>\n<\/div>\n<\/div>\n<div class=\"wpcf7-response-output\" aria-hidden=\"true\"><\/div><\/form><\/div><\/div>\n\t\t\t\t<\/div>\n\t\t\t\t<\/div>\n\t\t\t\t\t\t<\/div>\n\t\t\t\t\t<\/div>\n\t\t<\/div>\n\t\t\t\t\t\t\t\t<\/div>\n\t\t\t\t\t<\/div>\n\t\t<\/section>\n\t\t\t\t<section class=\"elementor-section elementor-top-section elementor-element elementor-element-4d0de7fa elementor-section-boxed elementor-section-height-default elementor-section-height-default\" data-id=\"4d0de7fa\" data-element_type=\"section\" data-settings=\"{&quot;background_background&quot;:&quot;classic&quot;}\">\n\t\t\t\t\t\t\t<div class=\"elementor-background-overlay\"><\/div>\n\t\t\t\t\t\t\t<div class=\"elementor-container elementor-column-gap-default\">\n\t\t\t\t\t\t\t<div class=\"elementor-row\">\n\t\t\t\t\t<div class=\"elementor-column elementor-col-100 elementor-top-column elementor-element elementor-element-5f417328\" data-id=\"5f417328\" data-element_type=\"column\">\n\t\t\t<div class=\"elementor-column-wrap elementor-element-populated\">\n\t\t\t\t\t\t\t<div class=\"elementor-widget-wrap\">\n\t\t\t\t\t\t<div class=\"elementor-element elementor-element-77420f5d elementor-invisible elementor-widget elementor-widget-exhibz-title\" data-id=\"77420f5d\" data-element_type=\"widget\" data-settings=\"{&quot;_animation&quot;:&quot;fadeInDown&quot;,&quot;_animation_delay&quot;:300,&quot;ekit_we_effect_on&quot;:&quot;none&quot;}\" data-widget_type=\"exhibz-title.default\">\n\t\t\t\t<div class=\"elementor-widget-container\">\n\t\t\t\n    <div class=\"title-section-area\">\n        <h2 class=\"section-title\">\n            <span class=\"sub-title\"><\/span>\n\t\t\tReserve o seu lugar        <\/h2>\n\t\t                    <span class=\"title-shape\">\n                  <svg xmlns='http:\/\/www.w3.org\/2000\/svg' xmlns:xlink='http:\/\/www.w3.org\/1999\/xlink' width='71px' height='11px'> <path fill-rule='evenodd' d='M59.669,10.710 L49.164,3.306 L39.428,10.681 L29.714,3.322 L20.006,10.682 L10.295,3.322 L1.185,10.228 L-0.010,8.578 L10.295,0.765 L20.006,8.125 L29.714,0.765 L39.428,8.125 L49.122,0.781 L59.680,8.223 L69.858,1.192 L70.982,2.895 L59.669,10.710 Z'\/><\/svg>\n            <\/span>\n                    <\/div><!-- Section title -->\n    \n    \n\n    \t\t<\/div>\n\t\t\t\t<\/div>\n\t\t\t\t<div class=\"elementor-element elementor-element-8af2897 elementor-align-center elementor-invisible elementor-widget elementor-widget-button\" data-id=\"8af2897\" data-element_type=\"widget\" data-settings=\"{&quot;_animation&quot;:&quot;fadeInUp&quot;,&quot;_animation_delay&quot;:400,&quot;ekit_we_effect_on&quot;:&quot;none&quot;}\" data-widget_type=\"button.default\">\n\t\t\t\t<div class=\"elementor-widget-container\">\n\t\t\t\t\t<div class=\"elementor-button-wrapper\">\n\t\t\t<a href=\"https:\/\/xviicongressohospitalveterinariomontenegro.admeus.pt\" class=\"elementor-button-link elementor-button elementor-size-md\" role=\"button\">\n\t\t\t\t\t\t<span class=\"elementor-button-content-wrapper\">\n\t\t\t\t\t\t<span class=\"elementor-button-text\">Comprar Bilhete<\/span>\n\t\t<\/span>\n\t\t\t\t\t<\/a>\n\t\t<\/div>\n\t\t\t\t<\/div>\n\t\t\t\t<\/div>\n\t\t\t\t\t\t<\/div>\n\t\t\t\t\t<\/div>\n\t\t<\/div>\n\t\t\t\t\t\t\t\t<\/div>\n\t\t\t\t\t<\/div>\n\t\t<\/section>\n\t\t\t\t<section class=\"elementor-section elementor-top-section elementor-element elementor-element-5d580b35 ts-newsletter elementor-section-boxed elementor-section-height-default elementor-section-height-default\" data-id=\"5d580b35\" data-element_type=\"section\">\n\t\t\t\t\t\t<div class=\"elementor-container elementor-column-gap-default\">\n\t\t\t\t\t\t\t<div class=\"elementor-row\">\n\t\t\t\t\t<div class=\"elementor-column elementor-col-100 elementor-top-column elementor-element elementor-element-52b72f3a\" data-id=\"52b72f3a\" data-element_type=\"column\" data-settings=\"{&quot;background_background&quot;:&quot;classic&quot;}\">\n\t\t\t<div class=\"elementor-column-wrap elementor-element-populated\">\n\t\t\t\t\t<div class=\"elementor-background-overlay\"><\/div>\n\t\t\t\t\t\t\t<div class=\"elementor-widget-wrap\">\n\t\t\t\t\t\t<div class=\"elementor-element elementor-element-7293ec00 elementor-widget elementor-widget-heading\" data-id=\"7293ec00\" data-element_type=\"widget\" data-settings=\"{&quot;ekit_we_effect_on&quot;:&quot;none&quot;}\" data-widget_type=\"heading.default\">\n\t\t\t\t<div class=\"elementor-widget-container\">\n\t\t\t<h2 class=\"elementor-heading-title elementor-size-default\">SUBSCREVA A NEWSLETTER<\/h2>\t\t<\/div>\n\t\t\t\t<\/div>\n\t\t\t\t<div class=\"elementor-element elementor-element-77eb65f4 elementor-widget elementor-widget-heading\" data-id=\"77eb65f4\" data-element_type=\"widget\" data-settings=\"{&quot;ekit_we_effect_on&quot;:&quot;none&quot;}\" data-widget_type=\"heading.default\">\n\t\t\t\t<div class=\"elementor-widget-container\">\n\t\t\t<h2 class=\"elementor-heading-title elementor-size-default\">Quer saber mais?<\/h2>\t\t<\/div>\n\t\t\t\t<\/div>\n\t\t\t\t\t\t<\/div>\n\t\t\t\t\t<\/div>\n\t\t<\/div>\n\t\t\t\t\t\t\t\t<\/div>\n\t\t\t\t\t<\/div>\n\t\t<\/section>\n\t\t\t\t\t\t<\/div>\n\t\t\t\t\t\t<\/div>\n\t\t\t\t\t<\/div>\n\t\t","protected":false},"excerpt":{"rendered":"<p>FALE CONNOSCO Contactos Informa\u00e7\u00f5es Tel.: +351 918985945 Email: congresso@hospvetmontenegro.com LOCALIZA\u00c7\u00c3O Como chegar Audit\u00f3rio Europarque R. Interior do Europarque 4520-153,&nbsp;Santa Maria da Feira Informa\u00e7\u00f5es Tel.:&nbsp;+351 918985945 Email: congresso@hospvetmontenegro.com TEM D\u00daVIDAS Envie-nos uma Mensagem Reserve o seu lugar Comprar Bilhete SUBSCREVA A NEWSLETTER Quer saber mais?<\/p>\n","protected":false},"author":1,"featured_media":0,"parent":0,"menu_order":0,"comment_status":"closed","ping_status":"closed","template":"template\/full-width-template.php","meta":[],"yoast_head":"<!-- This site is optimized with the Yoast SEO plugin v17.0 - https:\/\/yoast.com\/wordpress\/plugins\/seo\/ -->\n<title>Contactos - XVII CONGRESSO INTERNACIONAL VETERIN\u00c1RIO MONTENEGRO<\/title>\n<meta name=\"robots\" content=\"index, follow, max-snippet:-1, max-image-preview:large, max-video-preview:-1\" \/>\n<link rel=\"canonical\" href=\"https:\/\/congressohvm.com\/2021\/contactos\/\" \/>\n<meta property=\"og:locale\" content=\"pt_PT\" \/>\n<meta property=\"og:type\" content=\"article\" \/>\n<meta property=\"og:title\" content=\"Contactos - XVII CONGRESSO INTERNACIONAL VETERIN\u00c1RIO MONTENEGRO\" \/>\n<meta property=\"og:description\" content=\"FALE CONNOSCO Contactos Informa\u00e7\u00f5es Tel.: +351 918985945 Email: congresso@hospvetmontenegro.com LOCALIZA\u00c7\u00c3O Como chegar Audit\u00f3rio Europarque R. Interior do Europarque 4520-153,&nbsp;Santa Maria da Feira Informa\u00e7\u00f5es Tel.:&nbsp;+351 918985945 Email: congresso@hospvetmontenegro.com TEM D\u00daVIDAS Envie-nos uma Mensagem Reserve o seu lugar Comprar Bilhete SUBSCREVA A NEWSLETTER Quer saber mais?\" \/>\n<meta property=\"og:url\" content=\"https:\/\/congressohvm.com\/2021\/contactos\/\" \/>\n<meta property=\"og:site_name\" content=\"XVII CONGRESSO INTERNACIONAL VETERIN\u00c1RIO MONTENEGRO\" \/>\n<meta property=\"article:modified_time\" content=\"2021-08-30T16:50:10+00:00\" \/>\n<meta name=\"twitter:card\" content=\"summary_large_image\" \/>\n<meta name=\"twitter:label1\" content=\"Tempo estimado de leitura\" \/>\n\t<meta name=\"twitter:data1\" content=\"1 minuto\" \/>\n<script type=\"application\/ld+json\" class=\"yoast-schema-graph\">{\"@context\":\"https:\/\/schema.org\",\"@graph\":[{\"@type\":\"WebSite\",\"@id\":\"https:\/\/congressohvm.com\/2021\/#website\",\"url\":\"https:\/\/congressohvm.com\/2021\/\",\"name\":\"XVII CONGRESSO INTERNACIONAL VETERIN\\u00c1RIO MONTENEGRO\",\"description\":\"XVII CONGRESSO INTERNACIONAL VETERIN\\u00c1RIO MONTENEGRO\",\"potentialAction\":[{\"@type\":\"SearchAction\",\"target\":{\"@type\":\"EntryPoint\",\"urlTemplate\":\"https:\/\/congressohvm.com\/2021\/?s={search_term_string}\"},\"query-input\":\"required name=search_term_string\"}],\"inLanguage\":\"pt-PT\"},{\"@type\":\"WebPage\",\"@id\":\"https:\/\/congressohvm.com\/2021\/contactos\/#webpage\",\"url\":\"https:\/\/congressohvm.com\/2021\/contactos\/\",\"name\":\"Contactos - XVII CONGRESSO INTERNACIONAL VETERIN\\u00c1RIO MONTENEGRO\",\"isPartOf\":{\"@id\":\"https:\/\/congressohvm.com\/2021\/#website\"},\"datePublished\":\"2019-01-08T06:14:37+00:00\",\"dateModified\":\"2021-08-30T16:50:10+00:00\",\"breadcrumb\":{\"@id\":\"https:\/\/congressohvm.com\/2021\/contactos\/#breadcrumb\"},\"inLanguage\":\"pt-PT\",\"potentialAction\":[{\"@type\":\"ReadAction\",\"target\":[\"https:\/\/congressohvm.com\/2021\/contactos\/\"]}]},{\"@type\":\"BreadcrumbList\",\"@id\":\"https:\/\/congressohvm.com\/2021\/contactos\/#breadcrumb\",\"itemListElement\":[{\"@type\":\"ListItem\",\"position\":1,\"name\":\"In\\u00edcio\",\"item\":\"https:\/\/congressohvm.com\/2021\/\"},{\"@type\":\"ListItem\",\"position\":2,\"name\":\"Contactos\"}]}]}<\/script>\n<!-- \/ Yoast SEO plugin. -->","yoast_head_json":{"title":"Contactos - XVII CONGRESSO INTERNACIONAL VETERIN\u00c1RIO MONTENEGRO","robots":{"index":"index","follow":"follow","max-snippet":"max-snippet:-1","max-image-preview":"max-image-preview:large","max-video-preview":"max-video-preview:-1"},"canonical":"https:\/\/congressohvm.com\/2021\/contactos\/","og_locale":"pt_PT","og_type":"article","og_title":"Contactos - XVII CONGRESSO INTERNACIONAL VETERIN\u00c1RIO MONTENEGRO","og_description":"FALE CONNOSCO Contactos Informa\u00e7\u00f5es Tel.: +351 918985945 Email: congresso@hospvetmontenegro.com LOCALIZA\u00c7\u00c3O Como chegar Audit\u00f3rio Europarque R. Interior do Europarque 4520-153,&nbsp;Santa Maria da Feira Informa\u00e7\u00f5es Tel.:&nbsp;+351 918985945 Email: congresso@hospvetmontenegro.com TEM D\u00daVIDAS Envie-nos uma Mensagem Reserve o seu lugar Comprar Bilhete SUBSCREVA A NEWSLETTER Quer saber mais?","og_url":"https:\/\/congressohvm.com\/2021\/contactos\/","og_site_name":"XVII CONGRESSO INTERNACIONAL VETERIN\u00c1RIO MONTENEGRO","article_modified_time":"2021-08-30T16:50:10+00:00","twitter_card":"summary_large_image","twitter_misc":{"Tempo estimado de leitura":"1 minuto"},"schema":{"@context":"https:\/\/schema.org","@graph":[{"@type":"WebSite","@id":"https:\/\/congressohvm.com\/2021\/#website","url":"https:\/\/congressohvm.com\/2021\/","name":"XVII CONGRESSO INTERNACIONAL VETERIN\u00c1RIO MONTENEGRO","description":"XVII CONGRESSO INTERNACIONAL VETERIN\u00c1RIO MONTENEGRO","potentialAction":[{"@type":"SearchAction","target":{"@type":"EntryPoint","urlTemplate":"https:\/\/congressohvm.com\/2021\/?s={search_term_string}"},"query-input":"required name=search_term_string"}],"inLanguage":"pt-PT"},{"@type":"WebPage","@id":"https:\/\/congressohvm.com\/2021\/contactos\/#webpage","url":"https:\/\/congressohvm.com\/2021\/contactos\/","name":"Contactos - XVII CONGRESSO INTERNACIONAL VETERIN\u00c1RIO MONTENEGRO","isPartOf":{"@id":"https:\/\/congressohvm.com\/2021\/#website"},"datePublished":"2019-01-08T06:14:37+00:00","dateModified":"2021-08-30T16:50:10+00:00","breadcrumb":{"@id":"https:\/\/congressohvm.com\/2021\/contactos\/#breadcrumb"},"inLanguage":"pt-PT","potentialAction":[{"@type":"ReadAction","target":["https:\/\/congressohvm.com\/2021\/contactos\/"]}]},{"@type":"BreadcrumbList","@id":"https:\/\/congressohvm.com\/2021\/contactos\/#breadcrumb","itemListElement":[{"@type":"ListItem","position":1,"name":"In\u00edcio","item":"https:\/\/congressohvm.com\/2021\/"},{"@type":"ListItem","position":2,"name":"Contactos"}]}]}},"_links":{"self":[{"href":"https:\/\/congressohvm.com\/2021\/wp-json\/wp\/v2\/pages\/1225"}],"collection":[{"href":"https:\/\/congressohvm.com\/2021\/wp-json\/wp\/v2\/pages"}],"about":[{"href":"https:\/\/congressohvm.com\/2021\/wp-json\/wp\/v2\/types\/page"}],"author":[{"embeddable":true,"href":"https:\/\/congressohvm.com\/2021\/wp-json\/wp\/v2\/users\/1"}],"replies":[{"embeddable":true,"href":"https:\/\/congressohvm.com\/2021\/wp-json\/wp\/v2\/comments?post=1225"}],"version-history":[{"count":23,"href":"https:\/\/congressohvm.com\/2021\/wp-json\/wp\/v2\/pages\/1225\/revisions"}],"predecessor-version":[{"id":2781,"href":"https:\/\/congressohvm.com\/2021\/wp-json\/wp\/v2\/pages\/1225\/revisions\/2781"}],"wp:attachment":[{"href":"https:\/\/congressohvm.com\/2021\/wp-json\/wp\/v2\/media?parent=1225"}],"curies":[{"name":"wp","href":"https:\/\/api.w.org\/{rel}","templated":true}]}}