{"id":938,"date":"2019-10-21T16:53:49","date_gmt":"2019-10-21T16:53:49","guid":{"rendered":"https:\/\/congressohvm.com\/1\/sala-avancada\/"},"modified":"2020-02-17T18:20:45","modified_gmt":"2020-02-17T18:20:45","slug":"advanced-room","status":"publish","type":"page","link":"https:\/\/congressohvm.com\/1\/advanced-room\/?lang=en","title":{"rendered":"Advanced Room"},"content":{"rendered":"<p>[vc_row][vc_column][vc_tta_tabs][vc_tta_section title=&#8221;21\/02\/2020 &#8211; Friday&#8221; tab_id=&#8221;1508781140593-cf89a491-84ec&#8221;][vc_column_text]<\/p>\n<table style=\"background-color: #ffffff; border: 0px;\" border=\"0\" width=\"100%\" cellspacing=\"0\" cellpadding=\"0\">\n<tbody>\n<tr style=\"background-color: #e64528; border: none;\">\n<td style=\"color: #ffffff;\" width=\"15%\"><i class=\"fa fa-calendar\"><\/i> Time<\/td>\n<td style=\"color: #ffffff;\" width=\"59%\"><i class=\"fa fa-list-alt\"><\/i> Session<\/td>\n<td style=\"color: #ffffff;\" width=\"26%\"><i class=\"fa fa-microphone\"><\/i> Speaker<\/td>\n<\/tr>\n<tr style=\"background-color: #f4f5f9; border: none;\">\n<td align=\"center\">09:00<\/td>\n<td>Breakfast<\/td>\n<td>&#8211;<\/td>\n<\/tr>\n<tr>\n<td align=\"center\">10:00<\/td>\n<td>Estomatologia Veterin\u00e1ria Avan\u00e7ada: Novas abordagens no diagn\u00f3stico e tratamentos da cavidade oral.<\/td>\n<td>Bruno Tavares<\/td>\n<\/tr>\n<tr style=\"background-color: #f4f5f9; border: none;\">\n<td align=\"center\">10:50<\/td>\n<td>\u201cPersistent arterial duct surgery (Different ways: Minimally invasive and traditional technics\u201d<\/td>\n<td>Roberto Bussadori<\/td>\n<\/tr>\n<tr>\n<td align=\"center\">11:40<\/td>\n<td>\u201cIntroduction to endovascular therapy\u201d<\/td>\n<td>Alexis Santana<\/td>\n<\/tr>\n<tr style=\"background-color: #f4f5f9; border: none;\">\n<td align=\"center\">12:20<\/td>\n<td>Os procedimentos de MIS na pr\u00e1tica hospitalar<\/td>\n<td>Ricardo Aleixo<\/td>\n<\/tr>\n<tr>\n<td align=\"center\">13:00<\/td>\n<td>Lunch<\/td>\n<td><\/td>\n<\/tr>\n<tr style=\"background-color: #f4f5f9; border: none;\">\n<td align=\"center\">14:30<\/td>\n<td>\u201cLocking plates: they are essential, which system should I choose?<\/td>\n<td>Crist\u00f3bal Fr\u00edas Rides<\/td>\n<\/tr>\n<tr>\n<td align=\"center\">15:20<\/td>\n<td>\u201cRadiofrequency tumour ablation: new approach in veterinary oncology\u201d<\/td>\n<td>Pablo Ochoa<\/td>\n<\/tr>\n<tr style=\"background-color: #f4f5f9; border: none;\">\n<td align=\"center\">16:10<\/td>\n<td>Coffee-Break<\/td>\n<td><\/td>\n<\/tr>\n<tr>\n<td align=\"center\">17:10<\/td>\n<td>\u201cDouble pelvic osteotomy + great trochanter transposition to manage off-label DPO\u201d<\/td>\n<td>Massimo Petazzoni<\/td>\n<\/tr>\n<tr style=\"background-color: #f4f5f9; border: none;\">\n<td align=\"center\">18:00<\/td>\n<td><\/td>\n<td>Hugo Pereira<\/td>\n<\/tr>\n<tr>\n<td align=\"center\">18:50<\/td>\n<td>\u201cFluoroscopic procedures in the small animal practice\u201d<\/td>\n<td>Diego Casas<\/td>\n<\/tr>\n<tr style=\"background-color: #f4f5f9; border: none;\">\n<td align=\"center\">19:40<\/td>\n<td><\/td>\n<td><\/td>\n<\/tr>\n<\/tbody>\n<\/table>\n<p>[\/vc_column_text][\/vc_tta_section][vc_tta_section title=&#8221;22\/02\/2020 &#8211; Saturday&#8221; tab_id=&#8221;1569426319673-4dccadf0-4849&#8243;][vc_column_text]<\/p>\n<table style=\"background-color: #ffffff; border: 0px;\" border=\"0\" width=\"100%\" cellspacing=\"0\" cellpadding=\"0\">\n<tbody>\n<tr style=\"background-color: #e64528; border: none;\">\n<td style=\"color: #ffffff;\" width=\"15%\"><i class=\"fa fa-calendar\"><\/i> Time<\/td>\n<td style=\"color: #ffffff;\" width=\"59%\"><i class=\"fa fa-list-alt\"><\/i> Session<\/td>\n<td style=\"color: #ffffff;\" width=\"26%\"><i class=\"fa fa-microphone\"><\/i> Speaker<\/td>\n<\/tr>\n<tr style=\"background-color: #f4f5f9; border: none;\">\n<td align=\"center\">09:00<\/td>\n<td>\u201cLocoregional anaesthesia and analgesia\u201d<\/td>\n<td>Jaime Viscasillas<\/td>\n<\/tr>\n<tr>\n<td align=\"center\">10:00<\/td>\n<td>Update about the intervertebral disc disease<\/td>\n<td>Ronaldo da Costa<\/td>\n<\/tr>\n<tr style=\"background-color: #f4f5f9; border: none;\">\n<td align=\"center\">10:50<\/td>\n<td>Coffee-Break<\/td>\n<td>&#8211;<\/td>\n<\/tr>\n<tr>\n<td align=\"center\">11:30<\/td>\n<td>\u201cModified Slocum Ulnar Splitting. PUS Petazzoni Ulnar Splitting to better settle dysplastic elbows\u201d<\/td>\n<td>Massimo Petazzoni<\/td>\n<\/tr>\n<tr style=\"background-color: #f4f5f9; border: none;\">\n<td align=\"center\">12:20<\/td>\n<td><span lang=\"en\"><span title=\"\">Lymphoma &#8211; diagnosis and typification with one puncture<\/span><\/span><\/td>\n<td>Nazar\u00e9 Pinto da Cunha<\/td>\n<\/tr>\n<tr>\n<td align=\"center\">13:00<\/td>\n<td>Lunch<\/td>\n<td>&#8211;<\/td>\n<\/tr>\n<tr style=\"background-color: #f4f5f9; border: none;\">\n<td align=\"center\">14:30<\/td>\n<td><\/td>\n<td>Jorge Leite<\/td>\n<\/tr>\n<tr>\n<td align=\"center\">15:50<\/td>\n<td>\u201cMinimally Invasion in routine practice procedures\u2026why not?<\/td>\n<td>Flor Costoya Vasquez<\/td>\n<\/tr>\n<tr style=\"background-color: #f4f5f9; border: none;\">\n<td align=\"center\">16:30<\/td>\n<td>Coffee-Break<\/td>\n<td>&#8211;<\/td>\n<\/tr>\n<tr>\n<td align=\"center\">17:30<\/td>\n<td><\/td>\n<td>&#8211;<\/td>\n<\/tr>\n<tr style=\"background-color: #f4f5f9; border: none;\">\n<td align=\"center\">18:20<\/td>\n<td><\/td>\n<td>Roberto Bussadori<\/td>\n<\/tr>\n<\/tbody>\n<\/table>\n<p>[\/vc_column_text][\/vc_tta_section][\/vc_tta_tabs][\/vc_column][\/vc_row]<\/p>\n","protected":false},"excerpt":{"rendered":"<p>[vc_row][vc_column][vc_tta_tabs][vc_tta_section title=&#8221;21\/02\/2020 &#8211; Friday&#8221; tab_id=&#8221;1508781140593-cf89a491-84ec&#8221;][vc_column_text] Time Session Speaker 09:00 Breakfast &#8211; 10:00 Estomatologia Veterin\u00e1ria Avan\u00e7ada:<\/p>\n","protected":false},"author":1,"featured_media":0,"parent":0,"menu_order":0,"comment_status":"closed","ping_status":"closed","template":"","meta":{"footnotes":""},"class_list":["post-938","page","type-page","status-publish","hentry"],"_links":{"self":[{"href":"https:\/\/congressohvm.com\/1\/wp-json\/wp\/v2\/pages\/938","targetHints":{"allow":["GET"]}}],"collection":[{"href":"https:\/\/congressohvm.com\/1\/wp-json\/wp\/v2\/pages"}],"about":[{"href":"https:\/\/congressohvm.com\/1\/wp-json\/wp\/v2\/types\/page"}],"author":[{"embeddable":true,"href":"https:\/\/congressohvm.com\/1\/wp-json\/wp\/v2\/users\/1"}],"replies":[{"embeddable":true,"href":"https:\/\/congressohvm.com\/1\/wp-json\/wp\/v2\/comments?post=938"}],"version-history":[{"count":5,"href":"https:\/\/congressohvm.com\/1\/wp-json\/wp\/v2\/pages\/938\/revisions"}],"predecessor-version":[{"id":1591,"href":"https:\/\/congressohvm.com\/1\/wp-json\/wp\/v2\/pages\/938\/revisions\/1591"}],"wp:attachment":[{"href":"https:\/\/congressohvm.com\/1\/wp-json\/wp\/v2\/media?parent=938"}],"curies":[{"name":"wp","href":"https:\/\/api.w.org\/{rel}","templated":true}]}}