{"id":934,"date":"2019-09-25T15:51:28","date_gmt":"2019-09-25T15:51:28","guid":{"rendered":"https:\/\/congressohvm.com\/1\/sala-de-enfermagem\/"},"modified":"2020-02-17T18:21:41","modified_gmt":"2020-02-17T18:21:41","slug":"nursing-room","status":"publish","type":"page","link":"https:\/\/congressohvm.com\/1\/nursing-room\/?lang=en","title":{"rendered":"Nursing Room"},"content":{"rendered":"<p>[vc_row][vc_column][vc_tta_tabs][vc_tta_section title=&#8221;21\/02\/2020 &#8211; Friday&#8221; tab_id=&#8221;1508781140593-cf89a491-84ec&#8221;][vc_column_text]<\/p>\n<table style=\"background-color: #ffffff; border: 0px;\" border=\"0\" width=\"100%\" cellspacing=\"0\" cellpadding=\"0\">\n<tbody>\n<tr style=\"background-color: #e64528; border: none;\">\n<td style=\"color: #ffffff;\" width=\"15%\"><i class=\"fa fa-calendar\"><\/i> Time<\/td>\n<td style=\"color: #ffffff;\" width=\"59%\"><i class=\"fa fa-list-alt\"><\/i> Session<\/td>\n<td style=\"color: #ffffff;\" width=\"26%\"><i class=\"fa fa-microphone\"><\/i> Speaker<\/td>\n<\/tr>\n<tr style=\"background-color: #f4f5f9; border: none;\">\n<td align=\"center\">09:00<\/td>\n<td>Breakfast<\/td>\n<td><\/td>\n<\/tr>\n<tr>\n<td align=\"center\">10:00<\/td>\n<td><\/td>\n<td><\/td>\n<\/tr>\n<tr style=\"background-color: #f4f5f9; border: none;\">\n<td align=\"center\">10:50<\/td>\n<td>\u201cNurse role preparing locoregional anesthesia\u201d<\/td>\n<td>Jaime Viscasillas<\/td>\n<\/tr>\n<tr>\n<td align=\"center\">11:40<\/td>\n<td>\u201cAdvanced Imaging, what it offers?\u201d<\/td>\n<td>V\u00e2nia Evaristo<\/td>\n<\/tr>\n<tr style=\"background-color: #f4f5f9; border: none;\">\n<td align=\"center\">12:20<\/td>\n<td>Cats are cats! Differences between canine and feline neurology<\/td>\n<td>Ronaldo da Costa<\/td>\n<\/tr>\n<tr>\n<td align=\"center\">13:00<\/td>\n<td>Lunch<\/td>\n<td><\/td>\n<\/tr>\n<tr style=\"background-color: #f4f5f9; border: none;\">\n<td align=\"center\">14:30<\/td>\n<td>\u201cManagement of diabetic dogs and cats\u201d<\/td>\n<td>Rodolfo Leal<\/td>\n<\/tr>\n<tr>\n<td align=\"center\">15:20<\/td>\n<td>\u201cHow to approach a dyspnoeic pacient\u201d<\/td>\n<td>Roberto Bussadori<\/td>\n<\/tr>\n<tr style=\"background-color: #f4f5f9; border: none;\">\n<td align=\"center\">16:10<\/td>\n<td>Coffee-Break<\/td>\n<td><\/td>\n<\/tr>\n<tr>\n<td align=\"center\">17:10<\/td>\n<td>\u201cPreparation and support in preparing the operation theatre for minimal invasive surgery\u201d<\/td>\n<td>Ricardo Aleixo<\/td>\n<\/tr>\n<tr style=\"background-color: #f4f5f9; border: none;\">\n<td align=\"center\">18:00<\/td>\n<td><\/td>\n<td><\/td>\n<\/tr>\n<tr>\n<td align=\"center\">18:50<\/td>\n<td><\/td>\n<td><\/td>\n<\/tr>\n<tr style=\"background-color: #f4f5f9; border: none;\">\n<td align=\"center\">19:40<\/td>\n<td><\/td>\n<td><\/td>\n<\/tr>\n<\/tbody>\n<\/table>\n<p>[\/vc_column_text][\/vc_tta_section][vc_tta_section title=&#8221;22\/02\/2020 &#8211; Saturday&#8221; tab_id=&#8221;1569426319673-4dccadf0-4849&#8243;][vc_column_text]<\/p>\n<table style=\"background-color: #ffffff; border: 0px;\" border=\"0\" width=\"100%\" cellspacing=\"0\" cellpadding=\"0\">\n<tbody>\n<tr style=\"background-color: #e64528; border: none;\">\n<td style=\"color: #ffffff;\" width=\"15%\"><i class=\"fa fa-calendar\"><\/i> Time<\/td>\n<td style=\"color: #ffffff;\" width=\"59%\"><i class=\"fa fa-list-alt\"><\/i> Session<\/td>\n<td style=\"color: #ffffff;\" width=\"26%\"><i class=\"fa fa-microphone\"><\/i> Speaker<\/td>\n<\/tr>\n<tr style=\"background-color: #f4f5f9; border: none;\">\n<td align=\"center\">09:00<\/td>\n<td>O que devo fazer? Um guia para decis\u00f5es \u00e9ticas em enfermagem veterin\u00e1ria<\/td>\n<td>Manuel Santana<\/td>\n<\/tr>\n<tr>\n<td align=\"center\">10:00<\/td>\n<td>\u201cRole of the nurse in the poisoned patients\u201d<\/td>\n<td>Rodolfo Leal<\/td>\n<\/tr>\n<tr style=\"background-color: #f4f5f9; border: none;\">\n<td align=\"center\">10:50<\/td>\n<td>Coffee-Break<\/td>\n<td><\/td>\n<\/tr>\n<tr>\n<td align=\"center\">11:30<\/td>\n<td>HVM<\/td>\n<td>Duarte Oliveira<\/td>\n<\/tr>\n<tr style=\"background-color: #f4f5f9; border: none;\">\n<td align=\"center\">12:20<\/td>\n<td>&#8220;The important role of the nurse in oncology. Life quality and follow up of treatments\u201d<\/td>\n<td>Rita Serras<\/td>\n<\/tr>\n<tr>\n<td align=\"center\">13:00<\/td>\n<td>Lunch<\/td>\n<td><\/td>\n<\/tr>\n<tr style=\"background-color: #f4f5f9; border: none;\">\n<td align=\"center\">14:30<\/td>\n<td>\u201cAugmented Reality in veterinary teaching\u201d<\/td>\n<td>Pablo Ochoa<\/td>\n<\/tr>\n<tr>\n<td align=\"center\">15:50<\/td>\n<td>\u201cEmergency handling of a heart congestive failure patient\u201d<\/td>\n<td>Alexis Santana<\/td>\n<\/tr>\n<tr style=\"background-color: #f4f5f9; border: none;\">\n<td align=\"center\">16:30<\/td>\n<td>Coffee-Break<\/td>\n<td><\/td>\n<\/tr>\n<tr>\n<td align=\"center\">17:30<\/td>\n<td>\u201cAnaesthetics monitoring\u201d<\/td>\n<td>Jaime Viscasillas<\/td>\n<\/tr>\n<tr style=\"background-color: #f4f5f9; border: none;\">\n<td align=\"center\">18:20<\/td>\n<td><\/td>\n<td>Jo\u00e3o Ribeiro<\/td>\n<\/tr>\n<\/tbody>\n<\/table>\n<p>[\/vc_column_text][\/vc_tta_section][\/vc_tta_tabs][\/vc_column][\/vc_row]<\/p>\n","protected":false},"excerpt":{"rendered":"<p>[vc_row][vc_column][vc_tta_tabs][vc_tta_section title=&#8221;21\/02\/2020 &#8211; Friday&#8221; tab_id=&#8221;1508781140593-cf89a491-84ec&#8221;][vc_column_text] Time Session Speaker 09:00 Breakfast 10:00 10:50 \u201cNurse role preparing<\/p>\n","protected":false},"author":1,"featured_media":0,"parent":0,"menu_order":0,"comment_status":"closed","ping_status":"closed","template":"","meta":{"footnotes":""},"class_list":["post-934","page","type-page","status-publish","hentry"],"_links":{"self":[{"href":"https:\/\/congressohvm.com\/1\/wp-json\/wp\/v2\/pages\/934","targetHints":{"allow":["GET"]}}],"collection":[{"href":"https:\/\/congressohvm.com\/1\/wp-json\/wp\/v2\/pages"}],"about":[{"href":"https:\/\/congressohvm.com\/1\/wp-json\/wp\/v2\/types\/page"}],"author":[{"embeddable":true,"href":"https:\/\/congressohvm.com\/1\/wp-json\/wp\/v2\/users\/1"}],"replies":[{"embeddable":true,"href":"https:\/\/congressohvm.com\/1\/wp-json\/wp\/v2\/comments?post=934"}],"version-history":[{"count":5,"href":"https:\/\/congressohvm.com\/1\/wp-json\/wp\/v2\/pages\/934\/revisions"}],"predecessor-version":[{"id":1592,"href":"https:\/\/congressohvm.com\/1\/wp-json\/wp\/v2\/pages\/934\/revisions\/1592"}],"wp:attachment":[{"href":"https:\/\/congressohvm.com\/1\/wp-json\/wp\/v2\/media?parent=934"}],"curies":[{"name":"wp","href":"https:\/\/api.w.org\/{rel}","templated":true}]}}