{"id":924,"date":"2019-10-23T09:34:49","date_gmt":"2019-10-23T09:34:49","guid":{"rendered":"https:\/\/congressohvm.com\/1\/comissao-cientifica\/"},"modified":"2019-11-06T10:50:24","modified_gmt":"2019-11-06T10:50:24","slug":"veterinary-scientific","status":"publish","type":"page","link":"https:\/\/congressohvm.com\/1\/veterinary-scientific\/?lang=en","title":{"rendered":"Scientific Board &#8211; Veterinary"},"content":{"rendered":"<p>[vc_row][vc_column width=&#8221;1\/4&#8243;][vc_single_image image=&#8221;778&#8243; img_size=&#8221;300&#215;220&#8243; alignment=&#8221;center&#8221;][\/vc_column][vc_column width=&#8221;3\/4&#8243;][vc_column_text]<strong>Lu\u00eds Maltez (Presidente)<\/strong><br \/>\nLicenciado pela UTAD em 1997, terminou o seu doutoramento pela mesma universidade em janeiro de 2013. \u00c9 Professor Auxiliar das disciplinas de Cirurgia de Animais de<br \/>\nCompanhia do MIMV da UTAD e membro do corpo cl\u00ednico do Hospital Veterin\u00e1rio da UTAD. Tem participado como orador em diversos congressos e ac\u00e7\u00f5es de forma\u00e7\u00e3o nacionais e internacionais.[\/vc_column_text][\/vc_column][\/vc_row][vc_row][vc_column width=&#8221;1\/4&#8243;][vc_single_image image=&#8221;696&#8243; img_size=&#8221;120&#215;120&#8243; alignment=&#8221;center&#8221;][\/vc_column][vc_column width=&#8221;3\/4&#8243;][vc_column_text]<strong>Artur Varej\u00e3o<\/strong><br \/>\n1991: Licenciado pela Faculdade de Medicina Veterin\u00e1ria da Universidade T\u00e9cnica de Lisboa, Portugal.<br \/>\nDesde 1994: Docente de Medicina Interna-Animais de Companhia (Neurologia), Universidade de Tr\u00e1s-os-Montes e Alto Douro, Vila Real, Portugal.<br \/>\n1997-98: Curso de Neurologia Veterin\u00e1ria (ESAVS), Universidade de Berna, Sui\u00e7a.<br \/>\n1998-00: Cursos de Grau Avan\u00e7ado em Neurologia\/Neurocirurgia Veterin\u00e1ria, The Royal Veterinary College, Universidade de Londres, Inglaterra.<br \/>\n2000-01: Cursos de Grau Avan\u00e7ado em Neurocirurgia Veterin\u00e1ria, N\u00e1poles, It\u00e1lia.<br \/>\n2000-03: Investiga\u00e7\u00e3o na \u00e1rea da regenera\u00e7\u00e3o do nervo perif\u00e9rico.<br \/>\n2008: Resid\u00eancia em Neurologia Veterin\u00e1ria reconhecida pelo European College of Veterinary Neurology.<br \/>\n2004-14: Investiga\u00e7\u00e3o na \u00e1rea da regenera\u00e7\u00e3o da medula espinhal.<br \/>\nRespons\u00e1vel pelo Servi\u00e7o de Neurologia do Hospital Veterin\u00e1rio da UTAD.<br \/>\n\u00c1reas de Interesse Especial: Avalia\u00e7\u00e3o funcional em les\u00f5es da medula espinhal.<br \/>\nMembro: APMVEAC, European Society of Veterinary Neurology (ESVN), Sociedade Portuguesa de Neuroci\u00eancias (SPN), Federation of European Neuroscience Societies (FENS), International Brain Research Organization (IBRO).<br \/>\nAutor de v\u00e1rias publica\u00e7\u00f5es nacionais e internacionais na \u00e1rea da neurologia cl\u00ednica, da regenera\u00e7\u00e3o do sistema nervoso e da neuromec\u00e2nica.[\/vc_column_text][\/vc_column][\/vc_row][vc_row][vc_column width=&#8221;1\/4&#8243;][vc_single_image image=&#8221;695&#8243; img_size=&#8221;120&#215;120&#8243; alignment=&#8221;center&#8221;][\/vc_column][vc_column width=&#8221;3\/4&#8243;][vc_column_text]<strong>Ana Patr\u00edcia Sousa<\/strong><br \/>\nLicenciada em Medicina Veterin\u00e1ria pela UTAD (1997). Provas de Aptid\u00e3o Pedag\u00f3gica e Capacidade Cient\u00edfica (2002) e Doutoramento (2008) pela UTAD, ambos na \u00e1rea da Cardiologia. Curso de Cardiologia Veterin\u00e1ria pela ESAVS (2001). Est\u00e1gios em Cardiologia de Animais de Companhia nos Hospitais Veterin\u00e1rios da Universidade Complutense de Madrid (1999) e da Universidade de Liverpool (2008). Entre 1998-2008 foi docente na UTAD de Cl\u00ednica de Animais de Companhia. Atualmente \u00e9 Professora Auxiliar no ICBAS-UP e leciona Farmacologia e Terap\u00eautica dos cursos de Medicina Veterin\u00e1ria e Medicina. Desde 2005 faz Investiga\u00e7\u00e3o na \u00e1rea dos Mecanismos Neuro-humorais na Insufici\u00eancia Card\u00edaca. Presidente (2011-2013) e Vice-Presidente (2013-2015) da Sociedade Portuguesa de Cardiologia Veterin\u00e1ria (SPCAV). Autora de v\u00e1rias publica\u00e7\u00f5es nacionais e internacionais na \u00e1rea da cardiologia e farmacologia.[\/vc_column_text][\/vc_column][\/vc_row][vc_row][vc_column width=&#8221;1\/4&#8243;][vc_single_image image=&#8221;703&#8243; img_size=&#8221;120&#215;120&#8243; alignment=&#8221;center&#8221;][\/vc_column][vc_column width=&#8221;3\/4&#8243;][vc_column_text]<strong>Maria Jo\u00e3o Vieira<\/strong><br \/>\nLicenciada em Medicina Veterin\u00e1ria pelo Instituto de Ci\u00eancias Biom\u00e9dicas Abel Salazar, Universidade do Porto em 2001 e Doutorada em Ci\u00eancias Veterin\u00e1rias pela mesma institui\u00e7\u00e3o em 2011. Realizou o mestrado integrado em Medicina pela Universidade de Coimbra, tendo finalizado em 2013.<br \/>\nProfessora Auxiliar na Escola Universit\u00e1ria Vasco da Gama desde 2005, sendo actualmente regente da unidade curricular de Cl\u00ednica de Animais de Companhia.<br \/>\nExerce Cl\u00ednica e Cirurgia de Animais de Companhia desde 2001, tendo fundado o Hospital Veterin\u00e1rio Clinic\u00e3o na Figueira da Foz em 2003.<br \/>\nTem v\u00e1rias participa\u00e7\u00f5es em congressos e \u00e9 autora e co-autora de v\u00e1rios artigos publicados em revistas cient\u00edficas indexadas. Tem como principais \u00e1reas de interesse a Cirurgia e a Cardiologia, sendo s\u00f3cia fundadora da Sociedade Portuguesa de Cardiologia Veterin\u00e1ria (SPCAV).[\/vc_column_text][\/vc_column][\/vc_row][vc_row][vc_column width=&#8221;1\/4&#8243;][vc_single_image image=&#8221;701&#8243; img_size=&#8221;120&#215;120&#8243; alignment=&#8221;center&#8221;][\/vc_column][vc_column width=&#8221;3\/4&#8243;][vc_column_text]<strong>Lu\u00eds Martins<br \/>\n<\/strong>Licenciado em Medicina Veterin\u00e1ria pela Escola Superior de Medicina Veterin\u00e1ria da UTL, desenvolve atividade cl\u00ednica desde 1987. Doutorado em Bioqu\u00edmica pela U. Coimbra, \u00e9 Professor Auxiliar da Universidade de \u00c9vora, onde integra a Comiss\u00e3o do Curso de Doutoramento em Bioqu\u00edmica, sendo tamb\u00e9m respons\u00e1vel pelo Laborat\u00f3rio de An\u00e1lises Cl\u00ednicas do respetivo Hospital Veterin\u00e1rio. Investiga maioritariamente em imunoalergologia, \u00e1rea principal de publica\u00e7\u00e3o. Integra o Grupo de Trabalho em Alergologia Comparada e Veterin\u00e1ria da Academia Europeia de Alergologia e Imunologia Cl\u00ednica, e \u00e9 revisor de diferentes publica\u00e7\u00f5es cient\u00edficas na sua \u00e1rea de especializa\u00e7\u00e3o.[\/vc_column_text][\/vc_column][\/vc_row][vc_row][vc_column width=&#8221;1\/4&#8243;][vc_single_image image=&#8221;697&#8243; img_size=&#8221;120&#215;120&#8243; alignment=&#8221;center&#8221;][\/vc_column][vc_column width=&#8221;3\/4&#8243;][vc_column_text]<strong>Concei\u00e7\u00e3o Peleteiro<\/strong><br \/>\nNasceu em Lisboa em 1954. Obteve o grau de licenciada em Medicina Veterin\u00e1ria em 1976, na ent\u00e3o Escola Superior de Medicina Veterin\u00e1ria, hoje Faculdade de Medicina Veterin\u00e1ria, da Universidade T\u00e9cnica de Lisboa. Desde essa data que exerce fun\u00e7\u00f5es docentes sendo atualmente Professora Catedr\u00e1tica de Anatomia Patol\u00f3gica do Departamento de Sanidade Animal da Faculdade de Medicina Veterin\u00e1ria. Obteve o grau de MsC e PhD na Universidade de Stirling, Reino Unido, em 1981 e 1987, respetivamente. Foi Vice-Reitora da Universidade T\u00e9cnica de Lisboa entre 1996-1999 e no decurso do ano de 2011. Foi Vice-Presidente da FCT entre 203 e 2004. \u00c9 membro do Col\u00e9gio Europeu de Patologia Veterin\u00e1ria desde 1996.[\/vc_column_text][\/vc_column][\/vc_row][vc_row][vc_column width=&#8221;1\/4&#8243;][vc_single_image image=&#8221;699&#8243; img_size=&#8221;120&#215;120&#8243; alignment=&#8221;center&#8221;][\/vc_column][vc_column width=&#8221;3\/4&#8243;][vc_column_text]<strong>Lara Alves<\/strong><br \/>\nLicenciada em Medicina Veterin\u00e1ria pela Universidade de Tr\u00e1s-os-Montes e Alto Douro desde 2002.<br \/>\nMestre em Medicina Legal e Ci\u00eancias Forenses desde 2010 pela Faculdade de Medicina da Universidade de Lisboa<br \/>\nDoutoranda em Ci\u00eancias Veterin\u00e1rias na Universidade de Tr\u00e1s-os-Montes e Alto Douro desde 2012<br \/>\nProfessora Auxiliar Convidada da Faculdade de Medicina Veterin\u00e1ria da Universidade Lus\u00f3fona de Humanidades e Tecnologias desde 2007.[\/vc_column_text][\/vc_column][\/vc_row][vc_row][vc_column width=&#8221;1\/4&#8243;][vc_single_image image=&#8221;698&#8243; img_size=&#8221;120&#215;120&#8243; alignment=&#8221;center&#8221;][\/vc_column][vc_column width=&#8221;3\/4&#8243;][vc_column_text]<strong>German Santamarina<\/strong><br \/>\nGraduou-se na Faculdade de Veterin\u00e1ria Lugo, Universidade de Santiago de Compostela em 1989 e obteve o t\u00edtulo de Doutor em Medicina Veterin\u00e1ria na mesma universidade em 1993. Realizou forma\u00e7\u00e3o na \u00e1rea de Cardiologia e Medicina Interna nas faculdades de Davis (EUA), Bolonha (It\u00e1lia), Alfort (Fran\u00e7a) e Lyon (Fran\u00e7a). Atualmente \u00e9 professor de Patologia M\u00e9dica do Departamento de Ci\u00eancias Veterin\u00e1rias Cl\u00ednicas na Faculdade de Veterin\u00e1ria de Lugo com a atividade de cl\u00ednica no Departamento de Medicina Interna do Hospital Veterin\u00e1ria da Universidade Rof Codina. Reitor da Universidade de Santiago de Compostela desde junho de 2012.[\/vc_column_text][\/vc_column][\/vc_row][vc_row][vc_column width=&#8221;1\/4&#8243;][vc_single_image image=&#8221;702&#8243; img_size=&#8221;120&#215;120&#8243; alignment=&#8221;center&#8221;][\/vc_column][vc_column width=&#8221;3\/4&#8243;][vc_column_text]<strong>Maria Luisa Suarez<\/strong><br \/>\nLicenciada em Veterin\u00e1ria pela Faculdade de Veterin\u00e1ria de Lugo, Universidade de Santiago de Compostela em 1991, obteve o Doutoramento em Medicina Veterin\u00e1ria em 1997 na mesma universidade. Come\u00e7ou sua carreira docente como professora associada em 1997 e \u00e9 atualmente professora de Patologia M\u00e9dica do Departamento de Ci\u00eancias Veterin\u00e1rias Cl\u00ednicas, Faculdade de Veterin\u00e1ria de Lugo com a atividade como internista no Hospital Veterin\u00e1rio da Universidade Rof Codina.[\/vc_column_text][\/vc_column][\/vc_row][vc_row][vc_column width=&#8221;1\/4&#8243;][vc_single_image image=&#8221;725&#8243; img_size=&#8221;300&#215;220&#8243; alignment=&#8221;center&#8221;][\/vc_column][vc_column width=&#8221;3\/4&#8243;][vc_column_text]<strong>Xavier Roura<\/strong><br \/>\n\u00c9 m\u00e9dico veterin\u00e1rio do Hospital Cl\u00ednic Veterinari na Universitat Aut\u00f2noma de Barcelona (Espanha). Licenciou-se na UAB (Espanha) em 1989. De 1990 a 1991 fez um internato no HCV da UAB (Espanha). Douturou-se em 1999 com o trabalho \u201cDiagnosis of Canine Leishmaniasis with Polymerase Chain Reaction\u201d. Tornou-se um Diplomate of the European College of Veterinary Internal Medicine em 2004. De 1992 at\u00e9 hoje tem trabalhado como clinic no HCV da UAB. O Dr Roura frequentou v\u00e1rias institui\u00e7\u00f5es como visitante tais como: Veterinary College of Ohio State (1993), North Carolina State (1997, 2001 e 2004) e Animal Medical Center of New York (2007). Tem bastantes confer\u00eancias, publica\u00e7\u00f5es cient\u00edficas e cap\u00edtulos de livros nas \u00e1reas de doen\u00e7as inoficiosas (especialmente em doen\u00e7as disseminadas por vetores) e medicina interna de c\u00e3es e gatos.[\/vc_column_text][\/vc_column][\/vc_row]<\/p>\n","protected":false},"excerpt":{"rendered":"<p>[vc_row][vc_column width=&#8221;1\/4&#8243;][vc_single_image image=&#8221;778&#8243; img_size=&#8221;300&#215;220&#8243; alignment=&#8221;center&#8221;][\/vc_column][vc_column width=&#8221;3\/4&#8243;][vc_column_text]Lu\u00eds Maltez (Presidente) Licenciado pela UTAD em 1997, terminou o<\/p>\n","protected":false},"author":1,"featured_media":0,"parent":0,"menu_order":0,"comment_status":"closed","ping_status":"closed","template":"","meta":{"footnotes":""},"class_list":["post-924","page","type-page","status-publish","hentry"],"_links":{"self":[{"href":"https:\/\/congressohvm.com\/1\/wp-json\/wp\/v2\/pages\/924","targetHints":{"allow":["GET"]}}],"collection":[{"href":"https:\/\/congressohvm.com\/1\/wp-json\/wp\/v2\/pages"}],"about":[{"href":"https:\/\/congressohvm.com\/1\/wp-json\/wp\/v2\/types\/page"}],"author":[{"embeddable":true,"href":"https:\/\/congressohvm.com\/1\/wp-json\/wp\/v2\/users\/1"}],"replies":[{"embeddable":true,"href":"https:\/\/congressohvm.com\/1\/wp-json\/wp\/v2\/comments?post=924"}],"version-history":[{"count":1,"href":"https:\/\/congressohvm.com\/1\/wp-json\/wp\/v2\/pages\/924\/revisions"}],"predecessor-version":[{"id":927,"href":"https:\/\/congressohvm.com\/1\/wp-json\/wp\/v2\/pages\/924\/revisions\/927"}],"wp:attachment":[{"href":"https:\/\/congressohvm.com\/1\/wp-json\/wp\/v2\/media?parent=924"}],"curies":[{"name":"wp","href":"https:\/\/api.w.org\/{rel}","templated":true}]}}