{"id":829,"date":"2019-08-14T09:47:52","date_gmt":"2019-08-14T09:47:52","guid":{"rendered":"https:\/\/congressohvm.com\/1\/politica-de-protecao-de-dados\/"},"modified":"2019-11-05T12:24:21","modified_gmt":"2019-11-05T12:24:21","slug":"politica-de-protecao-de-dados","status":"publish","type":"page","link":"https:\/\/congressohvm.com\/1\/politica-de-protecao-de-dados\/?lang=es","title":{"rendered":"Pol\u00edtica de protecci\u00f3n de datos"},"content":{"rendered":"<p>[vc_row][vc_column][vc_column_text]<\/p>\n<p style=\"text-align: center;\"><strong>PROTE\u00c7\u00c3O DADOS PESSOAIS<\/strong><br \/>\n<strong>INCRI\u00c7\u00d5ES CONGRESSO VETERIN\u00c1RIO MONTENEGRO E CORRIDA DO VETERIN\u00c1RIO<\/strong><\/p>\n<p>O Hospital Veterin\u00e1rio Montenegro, adiante melhor identificado, na qualidade de Respons\u00e1vel pelo Tratamento de Dados, faculta para os devidos efeitos legais aos titulares dos dados pessoais a serem objeto de tratamento, as seguintes informa\u00e7\u00f5es:<\/p>\n<table style=\"background-color: #ffffff; border: 0px;\" border=\"0\" width=\"100%\" cellspacing=\"0\" cellpadding=\"0\">\n<tbody>\n<tr>\n<td align=\"left\" width=\"15%\">1. Identidade e contactos do respons\u00e1vel pelo tratamento<\/td>\n<td width=\"59%\">Hospital Veterin\u00e1rio Montenegro \u2013 Sociedade Unipessoal, Lda. (doravante HVM)<br \/>\nSede: Rua da P\u00f3voa, 34 \/ 42, no Porto<br \/>\nmatriculada na Conservat\u00f3ria do Registo Comercial do Porto sob o n\u00famero \u00fanico de matr\u00edcula e de pessoa coletiva 506.141.403<br \/>\nContactos:<br \/>\nEmail: referenciahospvetmontenegro@gmail.com<br \/>\nTel. 225 360 445<\/td>\n<\/tr>\n<tr style=\"background-color: #f4f5f9; border: none;\">\n<td align=\"left\">2. Contactos do Encarregado da Prote\u00e7\u00e3o de Dados<\/td>\n<td>N\u00e3o aplic\u00e1vel<\/td>\n<\/tr>\n<tr>\n<td align=\"left\">3. Finalidades do tratamento<\/td>\n<td>Cumprimento de obriga\u00e7\u00f5es contrato e marketing<\/td>\n<\/tr>\n<tr style=\"background-color: #f4f5f9; border: none;\">\n<td align=\"left\">4. Fundamento jur\u00eddico para o tratamento<\/td>\n<td>Execu\u00e7\u00e3o de contrato e consentimento do titular dos dados nos casos em que tal seja aplic\u00e1vel<\/td>\n<\/tr>\n<tr>\n<td align=\"left\">5. Transfer\u00eancia dos dados pessoais para pa\u00eds terceiro\/organiza\u00e7\u00e3o internacional<\/td>\n<td>N\u00e3o aplic\u00e1vel<\/td>\n<\/tr>\n<tr style=\"background-color: #f4f5f9; border: none;\">\n<td align=\"left\">6. Prazo de conserva\u00e7\u00e3o dos dados pessoais<\/td>\n<td>2 anos<\/td>\n<\/tr>\n<\/tbody>\n<\/table>\n<p><strong>Informa\u00e7\u00f5es adicionais:<\/strong><br \/>\nO titular dos dados pessoais pode exercer face ao respons\u00e1vel pelo tratamento os seguintes direitos relativamente aos dados pessoais que lhe digam respeito:<\/p>\n<ol>\n<li>direito de acesso, direito de retifica\u00e7\u00e3o, direito ao apagamento, direito \u00e0 limita\u00e7\u00e3o do tratamento, direito de se opor ao tratamento, direito de retirar o consentimento em qualquer altura nos termos da lei, e o direito de apresentar reclama\u00e7\u00e3o a uma autoridade de controlo.<\/li>\n<\/ol>\n<p>[\/vc_column_text][\/vc_column][\/vc_row]<\/p>\n","protected":false},"excerpt":{"rendered":"<p>[vc_row][vc_column][vc_column_text] PROTE\u00c7\u00c3O DADOS PESSOAIS INCRI\u00c7\u00d5ES CONGRESSO VETERIN\u00c1RIO MONTENEGRO E CORRIDA DO VETERIN\u00c1RIO O Hospital Veterin\u00e1rio<\/p>\n","protected":false},"author":1,"featured_media":0,"parent":0,"menu_order":0,"comment_status":"closed","ping_status":"closed","template":"","meta":{"footnotes":""},"class_list":["post-829","page","type-page","status-publish","hentry"],"_links":{"self":[{"href":"https:\/\/congressohvm.com\/1\/wp-json\/wp\/v2\/pages\/829","targetHints":{"allow":["GET"]}}],"collection":[{"href":"https:\/\/congressohvm.com\/1\/wp-json\/wp\/v2\/pages"}],"about":[{"href":"https:\/\/congressohvm.com\/1\/wp-json\/wp\/v2\/types\/page"}],"author":[{"embeddable":true,"href":"https:\/\/congressohvm.com\/1\/wp-json\/wp\/v2\/users\/1"}],"replies":[{"embeddable":true,"href":"https:\/\/congressohvm.com\/1\/wp-json\/wp\/v2\/comments?post=829"}],"version-history":[{"count":1,"href":"https:\/\/congressohvm.com\/1\/wp-json\/wp\/v2\/pages\/829\/revisions"}],"predecessor-version":[{"id":831,"href":"https:\/\/congressohvm.com\/1\/wp-json\/wp\/v2\/pages\/829\/revisions\/831"}],"wp:attachment":[{"href":"https:\/\/congressohvm.com\/1\/wp-json\/wp\/v2\/media?parent=829"}],"curies":[{"name":"wp","href":"https:\/\/api.w.org\/{rel}","templated":true}]}}