{"id":785,"date":"2017-03-19T04:03:16","date_gmt":"2017-03-19T04:03:16","guid":{"rendered":"https:\/\/congressohvm.com\/1\/homepage-one\/"},"modified":"2020-02-28T11:29:29","modified_gmt":"2020-02-28T11:29:29","slug":"homepage-one","status":"publish","type":"page","link":"https:\/\/congressohvm.com\/1\/homepage-one\/?lang=es","title":{"rendered":"Homepage One"},"content":{"rendered":"<p>[vc_row full_width=&#8221;stretch_row_content_no_spaces&#8221;][vc_column][event_hub_about_1 title=&#8221;MENSAJE&#8221; event_info=&#8221;%5B%7B%22title%22%3A%22Europarque%22%2C%22description%22%3A%22Santa%20Maria%20da%20Feira%22%2C%22icon_fontawesome%22%3A%22fa%20fa-map-marker%22%7D%2C%7B%22title%22%3A%2220%20a%2022%20de%20Febrero%22%2C%22description%22%3A%222020%22%2C%22icon_fontawesome%22%3A%22fa%20fa-calendar%22%7D%2C%7B%22title%22%3A%222500%20Lugares%22%2C%22description%22%3A%22Inscr%C3%ADbase%22%2C%22icon_fontawesome%22%3A%22fa%20fa-sitemap%22%7D%2C%7B%22title%22%3A%2230%20Oradores%22%2C%22description%22%3A%22Los%20mejores%20profesionales%22%2C%22icon_fontawesome%22%3A%22fa%20fa-microphone%22%7D%2C%7B%22title%22%3A%2271%20Patrocinadores%22%2C%22description%22%3A%22Los%20mejores%20apoyos%22%2C%22icon_fontawesome%22%3A%22fa%20fa-user-plus%22%7D%5D&#8221;]<\/p>\n<div style=\"text-align: justify;\">\n<p>Nos complace anunciar por 16\u00aa vez consecutiva la celebraci\u00f3n del Congreso Veterinario de Montenegro.<\/p>\n<p>&nbsp;<\/p>\n<p>Esta reuni\u00f3n, que tendr\u00e1 lugar en Europarque, en Santa Maria da Feira, los d\u00edas 21 y 22 de febrero de 2020, estar\u00e1 dedicada al tema &#8220;Innovaci\u00f3n y desarrollo&#8221;.<\/p>\n<p>&nbsp;<\/p>\n<p>En esta 16\u00aa edici\u00f3n, hemos elegido un tema m\u00e1s amplio que nos permitir\u00e1 abordar las novedades e innovaciones en el sector de la medicina veterinaria.<\/p>\n<p>&nbsp;<\/p>\n<p>Pero la noticia no ha terminado aqu\u00ed, tambi\u00e9n el nombramiento del evento se ha actualizado al Congreso Internacional Veterinario de Montenegro, para reforzar su magnitud y, en consecuencia, ampliar su atractivo para patrocinadores, oradores y congresistas.<\/p>\n<p>&nbsp;<\/p>\n<p>Nuestro objetivo es compartir las \u00faltimas noticias de medicina veterinaria en un ambiente relajado e informal y abierto a la participaci\u00f3n de todos los actores del sector.<\/p>\n<p>&nbsp;<\/p>\n<p>En cuanto al programa cient\u00edfico, que pronto se cerrar\u00e1, tendremos un panel de oradores de renombre, tales como: Massimo Petazzoni, Roberto Bussadori, Alexis Santana, Diego Casas, Jorge Leite, Rodolfo Leal, Ana Rita Serras, Crist\u00f3bal Fr\u00edas, Paulo Borges, entre otros.<\/p>\n<p>&nbsp;<\/p>\n<p>Este a\u00f1o, tambi\u00e9n tendremos noticias sobre las habitaciones. 4 salas funcionar\u00e1n simult\u00e1neamente, a saber:<\/p>\n<p>1. Sala principal, como de costumbre, dedicada a veterinarios y estudiantes de medicina veterinaria. Con traducci\u00f3n simult\u00e1nea al ingl\u00e9s.<br \/>\n2. Sala de enfermer\u00eda, como es habitual, dedicada a enfermeras y estudiantes de veterinaria, enfermer\u00eda veterinaria y asistentes.<br \/>\n3. Sala avanzada, dedicada a conferencias con temas m\u00e1s espec\u00edficos e interactivos.<br \/>\n4. One Health Room, una de las grandes novedades de esta edici\u00f3n. Pensados juntos por la Prof. Dra. Patr\u00edcia Poeta y el Dr. Paulo Teixeira, dedicados a la salud p\u00fablica y la producci\u00f3n animal.<\/p>\n<p>&nbsp;<\/p>\n<p>Y debido a que los comentarios de todos son cr\u00edticos, descubrimos que fue un\u00e1nime mejorar el pabell\u00f3n de la feria comercial para la edici\u00f3n anterior. Por lo tanto, mantendremos el mismo plano de planta, pero, en el escenario, crearemos un \u00e1rea de sal\u00f3n l\u00fadica para permitir la interacci\u00f3n entre los congresistas y los patrocinadores.<\/p>\n<p>&nbsp;<\/p>\n<p>Junto a todo esto, estamos preparando varios momentos de relajaci\u00f3n, que no interferir\u00e1n con el componente formativo ni con la feria.<\/p>\n<p>&nbsp;<\/p>\n<p>El homenaje al Prof. Miguel Faria, que siempre ha sido un miembro activo de la organizaci\u00f3n de este congreso, permanecer\u00e1. Por lo tanto, garanticemos una vez m\u00e1s la adjudicaci\u00f3n del Prof. Miguel Faria por la mejor comunicaci\u00f3n libre.<\/p>\n<p>&nbsp;<\/p>\n<p>La presentaci\u00f3n ganadora ser\u00e1 anunciada en el escenario del pabell\u00f3n y el premio otorgado al ganador. Las comunicaciones cient\u00edficas han sido de una calidad extremadamente alta y, sin duda, son un orgullo para toda la clase. En este sentido, continuaremos premiando los mejores trabajos cient\u00edficos que reflejan el alto nivel de investigaci\u00f3n en medicina veterinaria realizada en Portugal. Por lo tanto, celebraremos el Concurso de p\u00f3sters cient\u00edficos para veterinarios y estudiantes de medicina veterinaria, con un premio en met\u00e1lico del mismo valor que la \u00faltima edici\u00f3n. Pero no nos detenemos aqu\u00ed, para valorar la Enfermer\u00eda, creamos el Concurso de p\u00f3sters cient\u00edficos para enfermeras veterinarias y estudiantes de enfermer\u00eda veterinaria, cuyo premio monetario ser\u00e1 de igual valor.<\/p>\n<p>&nbsp;<\/p>\n<p>En cuanto al componente social del Congreso, culminar\u00e1 con la Cena de Gala del Congreso Oficial, en un lugar a definir.<\/p>\n<p>&nbsp;<\/p>\n<p>Para las invitaciones al evento, en su mayor\u00eda ser\u00e1n realizadas por los patrocinadores, pero se establecer\u00e1 una fecha para comenzar las invitaciones para evitar conflictos de intereses.<\/p>\n<p>&nbsp;<\/p>\n<p>Le recordamos que el Congreso Veterinario Internacional de Montenegro cuenta con la mayor representaci\u00f3n de profesionales en el campo de la medicina veterinaria a nivel ib\u00e9rico. En la \u00faltima edici\u00f3n, reunimos alrededor de 1300 veterinarios, 300 estudiantes de veterinaria y 500 enfermeras y estudiantes de enfermer\u00eda veterinaria, de los cuales unos 300 congresistas espa\u00f1oles.<\/p>\n<p>&nbsp;<\/p>\n<p>Este a\u00f1o nos gustar\u00eda elevar a\u00fan m\u00e1s el list\u00f3n para los congresos de veterinaria centr\u00e1ndonos en la premisa de Innovaci\u00f3n y Desarrollo. Ser\u00e1 una excelente oportunidad para comercializar herramientas innovadoras que nuestra clase est\u00e1 tan interesada.<\/p>\n<p>&nbsp;<\/p>\n<p>Con este fin, contamos con el compromiso y el apoyo de todos, crucial para el \u00e9xito continuo de este evento.<\/p>\n<\/div>\n<p>[\/event_hub_about_1][\/vc_column][\/vc_row][vc_row full_width=&#8221;stretch_row_content_no_spaces&#8221; content_placement=&#8221;middle&#8221; css=&#8221;.vc_custom_1572975812941{background-image: url(https:\/\/congressohvm.com\/1\/wp-content\/uploads\/2019\/11\/congre.jpg?id=880) !important;}&#8221;][vc_column][vc_row_inner el_class=&#8221;containe&#8221;][vc_column_inner css=&#8221;.vc_custom_1572974129373{border-top-width: 100px !important;padding-bottom: 50px !important;}&#8221;][vc_column_text]<\/p>\n<h1 class=\"header-title\" style=\"text-align: center; color: #ffffff;\">COMISI\u00d3N ORGANIZADORA<\/h1>\n<h4 class=\"header-desc\" style=\"text-align: center; color: #ffffff;\">XVI Congreso Internacional Veterinario Montenegro!<\/h4>\n<p>[\/vc_column_text][\/vc_column_inner][\/vc_row_inner][vc_row_inner content_placement=&#8221;middle&#8221; css=&#8221;.vc_custom_1572976906126{padding-left: 5% !important;background-position: center !important;background-repeat: no-repeat !important;background-size: contain !important;}&#8221;][vc_column_inner width=&#8221;1\/4&#8243;][vc_single_image image=&#8221;854&#8243; img_size=&#8221;full&#8221;][\/vc_column_inner][vc_column_inner width=&#8221;1\/4&#8243;][vc_single_image image=&#8221;857&#8243; img_size=&#8221;full&#8221;][\/vc_column_inner][vc_column_inner width=&#8221;1\/4&#8243;][vc_single_image image=&#8221;860&#8243; img_size=&#8221;full&#8221;][\/vc_column_inner][vc_column_inner width=&#8221;1\/4&#8243;][vc_single_image image=&#8221;863&#8243; img_size=&#8221;full&#8221;][\/vc_column_inner][\/vc_row_inner][vc_row_inner content_placement=&#8221;middle&#8221; css=&#8221;.vc_custom_1572976909947{padding-left: 5% !important;background-position: center !important;background-repeat: no-repeat !important;background-size: contain !important;}&#8221;][vc_column_inner width=&#8221;1\/4&#8243;][vc_single_image image=&#8221;866&#8243; img_size=&#8221;full&#8221;][\/vc_column_inner][vc_column_inner width=&#8221;1\/4&#8243;][vc_single_image image=&#8221;1034&#8243; img_size=&#8221;full&#8221;][\/vc_column_inner][vc_column_inner width=&#8221;1\/4&#8243;][vc_single_image image=&#8221;872&#8243; img_size=&#8221;full&#8221;][\/vc_column_inner][vc_column_inner width=&#8221;1\/4&#8243;][vc_single_image image=&#8221;875&#8243; img_size=&#8221;full&#8221;][\/vc_column_inner][\/vc_row_inner][\/vc_column][\/vc_row][vc_row full_width=&#8221;stretch_row_content_no_spaces&#8221;][vc_column][event_hub_speakers order=&#8221;ASC&#8221; orderby=&#8221;name&#8221; bg_image=&#8221;22&#8243; title=&#8221;ORADORES&#8221; sub_title=&#8221;XVI Congresso Internacional Veterin\u00e1rio Montenegro!&#8221; post_count=&#8221;60&#8243;][\/vc_column][\/vc_row][vc_row full_width=&#8221;stretch_row_content_no_spaces&#8221;][vc_column][event_hub_sponsors title=&#8221;SPONSORS&#8221; sub_title=&#8221;Todos os patrocinadores do Congresso!&#8221; platinum_title=&#8221;MAIN SPONSORS&#8221; platinum_info=&#8221;%5B%7B%22image%22%3A%221172%22%7D%2C%7B%22image%22%3A%221175%22%7D%2C%7B%22image%22%3A%221178%22%7D%2C%7B%22image%22%3A%221181%22%7D%2C%7B%22image%22%3A%221185%22%7D%5D&#8221; gold_title=&#8221;MEDIA PARTNERS&#8221; gold_info=&#8221;%5B%7B%22image%22%3A%221195%22%7D%2C%7B%22image%22%3A%221198%22%7D%2C%7B%22image%22%3A%221201%22%7D%5D&#8221; silver_title=&#8221;PATROCINADORES&#8221; silver_info=&#8221;%5B%7B%22image%22%3A%221205%22%7D%2C%7B%22image%22%3A%221208%22%7D%2C%7B%22image%22%3A%221211%22%7D%2C%7B%22image%22%3A%221214%22%7D%2C%7B%22image%22%3A%221217%22%7D%2C%7B%22image%22%3A%221220%22%7D%2C%7B%22image%22%3A%221226%22%7D%2C%7B%22image%22%3A%221229%22%7D%2C%7B%22image%22%3A%221232%22%7D%2C%7B%22image%22%3A%221236%22%7D%2C%7B%22image%22%3A%221239%22%7D%2C%7B%22image%22%3A%221242%22%7D%2C%7B%22image%22%3A%221245%22%7D%2C%7B%22image%22%3A%221248%22%7D%2C%7B%22image%22%3A%221251%22%7D%2C%7B%22image%22%3A%221254%22%7D%2C%7B%22image%22%3A%221257%22%7D%2C%7B%22image%22%3A%221260%22%7D%2C%7B%22image%22%3A%221263%22%7D%2C%7B%22image%22%3A%221266%22%7D%2C%7B%22image%22%3A%221269%22%7D%2C%7B%22image%22%3A%221272%22%7D%2C%7B%22image%22%3A%221275%22%7D%2C%7B%22image%22%3A%221284%22%7D%2C%7B%22image%22%3A%221288%22%7D%2C%7B%22image%22%3A%221319%22%7D%2C%7B%22image%22%3A%221323%22%7D%2C%7B%22image%22%3A%221326%22%7D%2C%7B%22image%22%3A%221329%22%7D%2C%7B%22image%22%3A%221332%22%7D%2C%7B%22image%22%3A%221358%22%7D%2C%7B%22image%22%3A%221354%22%7D%2C%7B%22image%22%3A%221382%22%7D%2C%7B%22image%22%3A%221378%22%7D%2C%7B%22image%22%3A%221411%22%7D%2C%7B%22image%22%3A%221437%22%7D%2C%7B%22image%22%3A%221482%22%7D%2C%7B%22image%22%3A%221485%22%7D%2C%7B%22image%22%3A%221488%22%7D%2C%7B%22image%22%3A%221538%22%7D%2C%7B%22image%22%3A%221554%22%7D%2C%7B%22image%22%3A%221560%22%7D%2C%7B%22image%22%3A%221579%22%7D%5D&#8221;][\/vc_column][\/vc_row][vc_row full_width=&#8221;stretch_row_content_no_spaces&#8221; disable_element=&#8221;yes&#8221;][vc_column][event_hub_speakers bg_image=&#8221;22&#8243; title=&#8221;ORADORES&#8221; sub_title=&#8221;XVI Congresso Internacional Veterin\u00e1rio Montenegro!&#8221; post_count=&#8221;8&#8243;][event_hub_sponsors title=&#8221;SPONSORS&#8221; sub_title=&#8221;Todos os patrocinadores do Congresso!&#8221; platinum_title=&#8221;MAIN SPONSORS&#8221; platinum_info=&#8221;%5B%7B%22image%22%3A%2225%22%7D%2C%7B%22image%22%3A%2226%22%7D%2C%7B%22image%22%3A%2227%22%7D%5D&#8221; gold_title=&#8221;MEDIA PARTNERS&#8221; gold_info=&#8221;%5B%7B%22image%22%3A%2225%22%7D%2C%7B%22image%22%3A%2226%22%7D%2C%7B%22image%22%3A%2227%22%7D%2C%7B%22image%22%3A%2226%22%7D%5D&#8221; silver_title=&#8221;PATROCINADORES&#8221; silver_info=&#8221;%5B%7B%22image%22%3A%2225%22%7D%2C%7B%22image%22%3A%2226%22%7D%2C%7B%22image%22%3A%2227%22%7D%2C%7B%22image%22%3A%2225%22%7D%2C%7B%22image%22%3A%2227%22%7D%5D&#8221;][event_hub_become_sponsor title=&#8221;TORNE-SE NUM PATROCINADOR&#8221; request_btn=&#8221;Request Now&#8221; request_btn_url=&#8221;#&#8221; sponsor_image=&#8221;32&#8243;]Apoie o Congresso e seja patrocinador deste que \u00e9 o maior evento da \u00e1rea na pen\u00ednsula ib\u00e9rica.[\/event_hub_become_sponsor][event_hub_recent_blog title=&#8221;NOT\u00cdCIAS&#8221; subtitle=&#8221;As \u00faltimas not\u00edcias sobre o Congresso!&#8221; post_count=&#8221;3&#8243;][event_hub_google_map title=&#8221;LabArtisan&#8221; map_icon=&#8221;219&#8243; latitute=&#8221;46.4731014&#8243; longitute=&#8221;-26.735611&#8243; map_zoom=&#8221;3&#8243;][\/vc_column][\/vc_row][vc_row][vc_column][vc_column_text]<\/p>\n<p>[\/vc_column_text][\/vc_column][\/vc_row]<\/p>\n","protected":false},"excerpt":{"rendered":"<p>[vc_row full_width=&#8221;stretch_row_content_no_spaces&#8221;][vc_column][event_hub_about_1 title=&#8221;MENSAJE&#8221; event_info=&#8221;%5B%7B%22title%22%3A%22Europarque%22%2C%22description%22%3A%22Santa%20Maria%20da%20Feira%22%2C%22icon_fontawesome%22%3A%22fa%20fa-map-marker%22%7D%2C%7B%22title%22%3A%2220%20a%2022%20de%20Febrero%22%2C%22description%22%3A%222020%22%2C%22icon_fontawesome%22%3A%22fa%20fa-calendar%22%7D%2C%7B%22title%22%3A%222500%20Lugares%22%2C%22description%22%3A%22Inscr%C3%ADbase%22%2C%22icon_fontawesome%22%3A%22fa%20fa-sitemap%22%7D%2C%7B%22title%22%3A%2230%20Oradores%22%2C%22description%22%3A%22Los%20mejores%20profesionales%22%2C%22icon_fontawesome%22%3A%22fa%20fa-microphone%22%7D%2C%7B%22title%22%3A%2271%20Patrocinadores%22%2C%22description%22%3A%22Los%20mejores%20apoyos%22%2C%22icon_fontawesome%22%3A%22fa%20fa-user-plus%22%7D%5D&#8221;] Nos complace anunciar por 16\u00aa vez consecutiva la celebraci\u00f3n del Congreso<\/p>\n","protected":false},"author":1,"featured_media":0,"parent":0,"menu_order":0,"comment_status":"closed","ping_status":"closed","template":"template-full-width.php","meta":{"footnotes":""},"class_list":["post-785","page","type-page","status-publish","hentry"],"_links":{"self":[{"href":"https:\/\/congressohvm.com\/1\/wp-json\/wp\/v2\/pages\/785","targetHints":{"allow":["GET"]}}],"collection":[{"href":"https:\/\/congressohvm.com\/1\/wp-json\/wp\/v2\/pages"}],"about":[{"href":"https:\/\/congressohvm.com\/1\/wp-json\/wp\/v2\/types\/page"}],"author":[{"embeddable":true,"href":"https:\/\/congressohvm.com\/1\/wp-json\/wp\/v2\/users\/1"}],"replies":[{"embeddable":true,"href":"https:\/\/congressohvm.com\/1\/wp-json\/wp\/v2\/comments?post=785"}],"version-history":[{"count":37,"href":"https:\/\/congressohvm.com\/1\/wp-json\/wp\/v2\/pages\/785\/revisions"}],"predecessor-version":[{"id":1582,"href":"https:\/\/congressohvm.com\/1\/wp-json\/wp\/v2\/pages\/785\/revisions\/1582"}],"wp:attachment":[{"href":"https:\/\/congressohvm.com\/1\/wp-json\/wp\/v2\/media?parent=785"}],"curies":[{"name":"wp","href":"https:\/\/api.w.org\/{rel}","templated":true}]}}