{"id":709,"date":"2019-10-23T09:43:23","date_gmt":"2019-10-23T09:43:23","guid":{"rendered":"https:\/\/congressohvm.com\/1\/?page_id=709"},"modified":"2020-02-07T12:00:27","modified_gmt":"2020-02-07T12:00:27","slug":"comissao-cientifica-enfermagem","status":"publish","type":"page","link":"https:\/\/congressohvm.com\/1\/comissao-cientifica-enfermagem\/","title":{"rendered":"Comiss\u00e3o Cient\u00edfica &#8211; Enfermagem"},"content":{"rendered":"<p>[vc_row][vc_column width=&#8221;1\/4&#8243;][vc_single_image image=&#8221;714&#8243; img_size=&#8221;300&#215;220&#8243; alignment=&#8221;center&#8221;][\/vc_column][vc_column width=&#8221;3\/4&#8243;][vc_column_text]<strong>Helena Vala (Presidente)<\/strong><\/p>\n<p>Helena Vala, Licenciada em Medicina Veterin\u00e1ria, com o grau de Doutor em Ci\u00eancias Veterin\u00e1rias, concedido pela Universidade de Tr\u00e1s-os-Montes e Alto Douro, em 2002, e a agrega\u00e7\u00e3o em 2019, em Ci\u00eancias Veterin\u00e1rias, Ramo Sanidade exerce fun\u00e7\u00f5es de Professora Coordenadora da Escola Superior Agr\u00e1ria do Instituto Polit\u00e9cnico de Viseu (ESAV) e de anatomopatologista no Laborat\u00f3rio de Anatomia Patol\u00f3gica Veterin\u00e1ria da mesma Escola.<\/p>\n<p>As \u00e1reas em que exerce as suas actividades de doc\u00eancia prendem-se com a histologia, patologia, doen\u00e7as infecciosas, imunologia e parasitologia em animais dom\u00e9sticos.<\/p>\n<p>A sua \u00e1rea de interesse de investiga\u00e7\u00e3o prende-se com o estudo de doen\u00e7as animais com impacto na sa\u00fade animal e humana, o estudo de neoplasias em animais de companhia e em animais de interesse pecu\u00e1rio e o estudo de tecidos animais. Nesse \u00e2mbito tem participado em v\u00e1rios projetos de investiga\u00e7\u00e3o, participado na divulga\u00e7\u00e3o de resultados atrav\u00e9s de publica\u00e7\u00f5es em diversos formatos que incluem cap\u00edtulos de livro e artigos cient\u00edficos publicados em revistas internacionais do ISI, bem como comunica\u00e7\u00f5es em eventos cient\u00edficos nacionais e internacionais.<\/p>\n<p>No exerc\u00edcio da sua atividade desempenhou v\u00e1rios cargos de gest\u00e3o que inclu\u00edram a Dire\u00e7\u00e3o de Departamento, a Vice-Presid\u00eancia do Conselho Diretivo, a Presid\u00eancia do Conselho Cient\u00edfico, a Presid\u00eancia da Assembleia de Representantes e Presid\u00eancia da Comiss\u00e3o de Avalia\u00e7\u00e3o e Qualidade da ESAV, tendo ainda sido membro do Conselho Pedag\u00f3gico da ESAV, do Conselho Acad\u00e9mico e do Conselho Geral do IPV.<\/p>\n<p>Pertenceu tamb\u00e9m \u00e0 dire\u00e7\u00e3o de uma sociedade cient\u00edfica, a Sociedade Portuguesa de Patologia Animal, como Vice-Presidente, durante dois mandatos e depois como Presidente durante outros dois mandatos (2011 a 2015).<\/p>\n<p>Tem participado na orienta\u00e7\u00e3o de teses de doutoramento, mestrado e licenciatura, em j\u00faris acad\u00e9micos, j\u00faris de recrutamento de pessoal docente, comiss\u00f5es cient\u00edficas de eventos cient\u00edficos, sendo membro do conselho editorial e revisora regular de revistas cient\u00edficas do ISI.[\/vc_column_text][\/vc_column][\/vc_row][vc_row][vc_column width=&#8221;1\/4&#8243;][vc_single_image image=&#8221;1548&#8243; img_size=&#8221;300&#215;220&#8243; alignment=&#8221;center&#8221;][\/vc_column][vc_column width=&#8221;3\/4&#8243;][vc_column_text]<strong>Cristina Mega<\/strong><\/p>\n<p>Licenciada em Medicina Veterin\u00e1ria pela Faculdade de Medicina Veterin\u00e1ria da<br \/>\nUniversidade de Lisboa (1992), Mestre em Ci\u00eancias da Vis\u00e3o (2007) e Doutorada em<br \/>\nCi\u00eancias Biom\u00e9dicas, ambos, pela Faculdade de Medicina da Universidade de Coimbra (2017). Exerceu actividade cl\u00ednica na \u00e1rea dos Animais de Companhia de 1992 a 2004 e foi Directora Cl\u00ednica da Cl\u00ednica Veterin\u00e1ria da Barra (1998 \u2013 2004). Neste momento, \u00e9 Professora Adjunta da Escola Superior Agr\u00e1ria de Viseu, Instituto Superior Polit\u00e9cnico de Viseu, onde \u00e9 Directora do Curso de Enfermagem Veterin\u00e1ria (2017) e lecciona nas \u00e1reas m\u00e9dico-cir\u00fargicas e de urg\u00eancias e cuidados intensivos, desde 2005. \u00c9 autora e co \u2013 autora de diversas publica\u00e7\u00f5es cient\u00edficas e de comunica\u00e7\u00f5es, nacionais e internacionais, nas \u00e1reas das Ci\u00eancias Veterin\u00e1rias e Biom\u00e9dicas.[\/vc_column_text][\/vc_column][\/vc_row][vc_row][vc_column width=&#8221;1\/4&#8243;][vc_single_image image=&#8221;722&#8243; img_size=&#8221;300&#215;220&#8243; alignment=&#8221;center&#8221;][\/vc_column][vc_column width=&#8221;3\/4&#8243;][vc_column_text]<strong>Ana Cristina Matos<\/strong><\/p>\n<p>Licenciada em Medicina Veterin\u00e1ria pela UTAD (1996). Mestre em Ci\u00eancias Agr\u00e1rias-Produ\u00e7\u00e3o Animal (2005) e Doutorada em Ci\u00eancias Veterin\u00e1rias (2016) pela mesma Institui\u00e7\u00e3o, Master Business Administration-Vet, (2016) pela OMV e IFE. Professora Adjunta no IPCB-ESA desde 1999, lecionando v\u00e1rias Unidades Curriculares da Licenciatura em Enfermagem Veterin\u00e1ria e do CTeSP em Cuidados Veterin\u00e1rios, sendo atualmente Coordenadora da Licenciatura de Enfermagem Veterin\u00e1ria. Desde 2009 faz Investiga\u00e7\u00e3o na \u00e1rea da Patologia dos Animais Selvagens e \u00e9 Autora de v\u00e1rias publica\u00e7\u00f5es nesta \u00e1rea.[\/vc_column_text][\/vc_column][\/vc_row][vc_row][vc_column width=&#8221;1\/4&#8243;][vc_single_image image=&#8221;717&#8243; img_size=&#8221;300&#215;220&#8243; alignment=&#8221;center&#8221;][\/vc_column][vc_column width=&#8221;3\/4&#8243;][vc_column_text]<strong>Helder Quintas<\/strong><\/p>\n<p>Professor Adjunto da Escola Superior Agraria &#8211; Instituto Polit\u00e9cnico de Bragan\u00e7a. Investigador do CIMO. M\u00e9dico Veterin\u00e1rio, Licenciado pela Universidade de Tr\u00e1s os Montes e Alto Douro. Doutoramento em Ci\u00eancias Veterin\u00e1rias em 2015 (UTAD). Exerce actividade cl\u00ednica desde 2003 sobretudo em animais de produ\u00e7\u00e3o, com especial interesse na \u00e1rea dos pequenos ruminantes.[\/vc_column_text][\/vc_column][\/vc_row][vc_row][vc_column width=&#8221;1\/4&#8243;][vc_single_image image=&#8221;723&#8243; img_size=&#8221;300&#215;220&#8243; alignment=&#8221;center&#8221;][\/vc_column][vc_column width=&#8221;3\/4&#8243;][vc_column_text]<strong>Laura Hurtado<\/strong><\/p>\n<p>Licenciatura em Medicina Veterin\u00e1ria pela Faculdade de Medicina Veterin\u00e1ria, Universidade da Extremadura, em 2009.<\/p>\n<p>Em 2011, Mestrado em Investiga\u00e7\u00e3o nas Ci\u00eancias da Sa\u00fade (MUI) pela Universidade da Extremadura, Faculdade de Veterin\u00e1ria, C\u00e1ceres\u2013 <em>Evaluaci\u00f3n de diferentes abordajes quir\u00fargicos m\u00ednimamente invasivos en la creaci\u00f3n de un modelo experimental para el entrenamiento en pieloplastia laparosc\u00f3pica.<\/em><\/p>\n<p>Desde setembro de 2016, Professor Adjunto Convidado da Escola Superior Agr\u00e1ria de Elvas ao 100% , Instituto Polit\u00e9cnico de Portalegre. Professor da \u00e1rea de cirurgia de m\u00ednima invas\u00e3o e e especializa\u00e7\u00e3o em novos animais de companhia<\/p>\n<p>Em 2017,Curso b\u00e1sico em Cirurg\u00eda en Tejidos Blandos, que pertence ao Diploma de P\u00f3s -gradua\u00e7\u00e3o em Anestesia e Cirurg\u00eda em Pequenos Animais. Universidade Aut\u00f3noma de Barcelona (UAB). E em 2018, M\u00f3dulo 2: Curso en Anestesia e analgesia, que pertence ao Diploma de P\u00f3s-gradua\u00e7\u00e3o em Anestesia e Cirurg\u00eda em Pequenos Animais. Universidade Aut\u00f3noma de Barcelona (UAB<\/p>\n<p>Desde janeiro de 2017, Co-Coordenadora de curso da Licenciatura em Enfermagem Veterin\u00e1ria da Escola Superior Agr\u00e1ria de Elvas, Instituto Polit\u00e9cnico de Portalegre.[\/vc_column_text][\/vc_column][\/vc_row][vc_row][vc_column width=&#8221;1\/4&#8243;][vc_single_image image=&#8221;719&#8243; img_size=&#8221;300&#215;220&#8243; alignment=&#8221;center&#8221;][\/vc_column][vc_column width=&#8221;3\/4&#8243;][vc_column_text]<strong>Teresa Letra Mateus<br \/>\n<\/strong><\/p>\n<p>Licenciada em Medicina Veterin\u00e1ria (UTAD), Mestre em Ci\u00eancia e Tecnologia Alimentar (ESB-UCP) e Doutora em Ci\u00eancias Veterin\u00e1rias (ICBAS-UP). P\u00f3s-graduada em Seguran\u00e7a Alimentar (ESB-UCP), Promo\u00e7\u00e3o e Educa\u00e7\u00e3o para a Sa\u00fade (ESE-IPVC) e Comunica\u00e7\u00e3o em Sa\u00fade (ESS-IPVC). Entre\u00a0 2001 a 2018 trabalhou em sanidade animal, consultoria e forma\u00e7\u00e3o em higiene e seguran\u00e7a alimentar e leccionou no ensino superior (UTAD, EUVG e IPVC). Actualmente \u00e9 Professora Adjunta na Escola Superior Agr\u00e1ria do IPVC, pertence ao Departamento de Sa\u00fade P\u00fablica Veterin\u00e1ria do Instituto de Sa\u00fade P\u00fablica da Universidade do Porto (ISPUP) e \u00e9 membro integrado da EpiUnit \u2013 ISPUP. Os seus interesses s\u00e3o a Uma S\u00f3 Sa\u00fade e a Comunica\u00e7\u00e3o.[\/vc_column_text][\/vc_column][\/vc_row]<\/p>\n","protected":false},"excerpt":{"rendered":"<p>[vc_row][vc_column width=&#8221;1\/4&#8243;][vc_single_image image=&#8221;714&#8243; img_size=&#8221;300&#215;220&#8243; alignment=&#8221;center&#8221;][\/vc_column][vc_column width=&#8221;3\/4&#8243;][vc_column_text]Helena Vala (Presidente) Helena Vala, Licenciada em Medicina Veterin\u00e1ria, com<\/p>\n","protected":false},"author":1,"featured_media":0,"parent":0,"menu_order":0,"comment_status":"closed","ping_status":"closed","template":"","meta":{"footnotes":""},"class_list":["post-709","page","type-page","status-publish","hentry"],"_links":{"self":[{"href":"https:\/\/congressohvm.com\/1\/wp-json\/wp\/v2\/pages\/709","targetHints":{"allow":["GET"]}}],"collection":[{"href":"https:\/\/congressohvm.com\/1\/wp-json\/wp\/v2\/pages"}],"about":[{"href":"https:\/\/congressohvm.com\/1\/wp-json\/wp\/v2\/types\/page"}],"author":[{"embeddable":true,"href":"https:\/\/congressohvm.com\/1\/wp-json\/wp\/v2\/users\/1"}],"replies":[{"embeddable":true,"href":"https:\/\/congressohvm.com\/1\/wp-json\/wp\/v2\/comments?post=709"}],"version-history":[{"count":7,"href":"https:\/\/congressohvm.com\/1\/wp-json\/wp\/v2\/pages\/709\/revisions"}],"predecessor-version":[{"id":1551,"href":"https:\/\/congressohvm.com\/1\/wp-json\/wp\/v2\/pages\/709\/revisions\/1551"}],"wp:attachment":[{"href":"https:\/\/congressohvm.com\/1\/wp-json\/wp\/v2\/media?parent=709"}],"curies":[{"name":"wp","href":"https:\/\/api.w.org\/{rel}","templated":true}]}}