{"id":635,"date":"2019-10-21T17:11:08","date_gmt":"2019-10-21T17:11:08","guid":{"rendered":"https:\/\/congressohvm.com\/1\/?page_id=635"},"modified":"2019-10-21T17:20:15","modified_gmt":"2019-10-21T17:20:15","slug":"sala-ceva-stewardship-antimicrobiana-em-medicina-veterinaria","status":"publish","type":"page","link":"https:\/\/congressohvm.com\/1\/sala-ceva-stewardship-antimicrobiana-em-medicina-veterinaria\/","title":{"rendered":"Sala Ceva &#8211; Stewardship Antimicrobiana em Medicina Veterin\u00e1ria"},"content":{"rendered":"<p>[vc_row css=&#8221;.vc_custom_1571678414479{margin-top: -70px !important;}&#8221;][vc_column][vc_column_text]<img loading=\"lazy\" decoding=\"async\" class=\"size-full wp-image-639 alignright\" src=\"https:\/\/congressohvm.com\/1\/wp-content\/uploads\/2019\/10\/ceva.jpg\" alt=\"\" width=\"150\" height=\"141\" \/>[\/vc_column_text][\/vc_column][\/vc_row][vc_row][vc_column][vc_tta_tabs][vc_tta_section title=&#8221;22\/02\/2020 &#8211; S\u00e1bado&#8221; tab_id=&#8221;1569426319673-4dccadf0-4849&#8243;][vc_column_text]<\/p>\n<table style=\"background-color: #ffffff; border: 0px;\" border=\"0\" width=\"100%\" cellspacing=\"0\" cellpadding=\"0\">\n<tbody>\n<tr style=\"background-color: #e64528; border: none;\">\n<td style=\"color: #ffffff;\" width=\"15%\"><i class=\"fa fa-calendar\"><\/i> Hor\u00e1rio<\/td>\n<td style=\"color: #ffffff;\" width=\"59%\"><i class=\"fa fa-list-alt\"><\/i> Sess\u00e3o<\/td>\n<td style=\"color: #ffffff;\" width=\"26%\"><i class=\"fa fa-microphone\"><\/i> Orador<\/td>\n<\/tr>\n<tr style=\"background-color: #f4f5f9; border: none;\">\n<td align=\"center\">14:30 \u2013 15:00<\/td>\n<td>Stewardship Antimicrobiana \u2013 o que \u00e9 e porque \u00e9 importante<\/td>\n<td>Dr. Tim Nuttall<\/td>\n<\/tr>\n<tr style=\"background-color: #f4f5f9; border: none;\">\n<td align=\"center\">15:00 \u2013 15:30<\/td>\n<td>Medidas de interven\u00e7\u00e3o \u2013 Da teoria \u00e0 pr\u00e1tica<\/td>\n<td>Dr. Tim Nuttall<\/td>\n<\/tr>\n<tr style=\"background-color: #f4f5f9; border: none;\">\n<td align=\"center\">15:30 \u2013 16:00<\/td>\n<td>Como \u00e9 que as cl\u00ednicas e os laborat\u00f3rios de an\u00e1lises podem colaborar?<\/td>\n<td>Dra. Constan\u00e7a Pomba<\/td>\n<\/tr>\n<tr style=\"background-color: #f4f5f9; border: none;\">\n<td align=\"center\">16:00 \u2013 16:30<\/td>\n<td>Coffee break<\/td>\n<td>&#8211;<\/td>\n<\/tr>\n<tr style=\"background-color: #f4f5f9; border: none;\">\n<td align=\"center\">16:30 \u2013 17:30<\/td>\n<td>Qual ser\u00e1 o antibi\u00f3tico adequado a cada caso? \u2013 Casos cl\u00ednicos<\/td>\n<td>&#8211;<\/td>\n<\/tr>\n<tr style=\"background-color: #f4f5f9; border: none;\">\n<td align=\"center\">&#8220;<\/td>\n<td>&#8211; Dermatologia<\/td>\n<td>Dr. Tim Nuttall<\/td>\n<\/tr>\n<tr style=\"background-color: #f4f5f9; border: none;\">\n<td align=\"center\">&#8220;<\/td>\n<td>&#8211; Urin\u00e1rio<\/td>\n<td>Dra. Constan\u00e7a Pomba<\/td>\n<\/tr>\n<tr style=\"background-color: #f4f5f9; border: none;\">\n<td align=\"center\">17:30 \u2013 18:00<\/td>\n<td>Q &amp; A \u2013 Conclus\u00e3o (qual a situa\u00e7\u00e3o em Portugal e no Reino Unido &#8211; Esc\u00f3cia)<\/td>\n<td>&#8211;<\/td>\n<\/tr>\n<\/tbody>\n<\/table>\n<p>[\/vc_column_text][\/vc_tta_section][\/vc_tta_tabs][\/vc_column][\/vc_row]<\/p>\n","protected":false},"excerpt":{"rendered":"<p>[vc_row css=&#8221;.vc_custom_1571678414479{margin-top: -70px !important;}&#8221;][vc_column][vc_column_text][\/vc_column_text][\/vc_column][\/vc_row][vc_row][vc_column][vc_tta_tabs][vc_tta_section title=&#8221;22\/02\/2020 &#8211; S\u00e1bado&#8221; tab_id=&#8221;1569426319673-4dccadf0-4849&#8243;][vc_column_text] Hor\u00e1rio Sess\u00e3o Orador 14:30 \u2013 15:00 Stewardship<\/p>\n","protected":false},"author":1,"featured_media":0,"parent":0,"menu_order":0,"comment_status":"closed","ping_status":"closed","template":"","meta":{"footnotes":""},"class_list":["post-635","page","type-page","status-publish","hentry"],"_links":{"self":[{"href":"https:\/\/congressohvm.com\/1\/wp-json\/wp\/v2\/pages\/635","targetHints":{"allow":["GET"]}}],"collection":[{"href":"https:\/\/congressohvm.com\/1\/wp-json\/wp\/v2\/pages"}],"about":[{"href":"https:\/\/congressohvm.com\/1\/wp-json\/wp\/v2\/types\/page"}],"author":[{"embeddable":true,"href":"https:\/\/congressohvm.com\/1\/wp-json\/wp\/v2\/users\/1"}],"replies":[{"embeddable":true,"href":"https:\/\/congressohvm.com\/1\/wp-json\/wp\/v2\/comments?post=635"}],"version-history":[{"count":3,"href":"https:\/\/congressohvm.com\/1\/wp-json\/wp\/v2\/pages\/635\/revisions"}],"predecessor-version":[{"id":643,"href":"https:\/\/congressohvm.com\/1\/wp-json\/wp\/v2\/pages\/635\/revisions\/643"}],"wp:attachment":[{"href":"https:\/\/congressohvm.com\/1\/wp-json\/wp\/v2\/media?parent=635"}],"curies":[{"name":"wp","href":"https:\/\/api.w.org\/{rel}","templated":true}]}}