{"id":628,"date":"2019-10-21T16:53:49","date_gmt":"2019-10-21T16:53:49","guid":{"rendered":"https:\/\/congressohvm.com\/1\/?page_id=628"},"modified":"2020-02-17T18:42:03","modified_gmt":"2020-02-17T18:42:03","slug":"sala-avancada","status":"publish","type":"page","link":"https:\/\/congressohvm.com\/1\/sala-avancada\/","title":{"rendered":"Sala Avan\u00e7ada"},"content":{"rendered":"<p>[vc_row][vc_column][vc_tta_tabs][vc_tta_section title=&#8221;21\/02\/2020 &#8211; Sexta-Feira&#8221; tab_id=&#8221;1508781140593-cf89a491-84ec&#8221;][vc_column_text]<\/p>\n<table style=\"background-color: #ffffff; border: 0px;\" border=\"0\" width=\"100%\" cellspacing=\"0\" cellpadding=\"0\">\n<tbody>\n<tr style=\"background-color: #e64528; border: none;\">\n<td style=\"color: #ffffff;\" width=\"15%\"><i class=\"fa fa-calendar\"><\/i> Hor\u00e1rio<\/td>\n<td style=\"color: #ffffff;\" width=\"59%\"><i class=\"fa fa-list-alt\"><\/i> Sess\u00e3o<\/td>\n<td style=\"color: #ffffff;\" width=\"26%\"><i class=\"fa fa-microphone\"><\/i> Orador<\/td>\n<\/tr>\n<tr style=\"background-color: #f4f5f9; border: none;\">\n<td align=\"center\">09:00<\/td>\n<td>Pequeno-Almo\u00e7o<\/td>\n<td>&#8211;<\/td>\n<\/tr>\n<tr>\n<td align=\"center\">10:00<\/td>\n<td>Estomatologia Veterin\u00e1ria Avan\u00e7ada: Novas abordagens no diagn\u00f3stico e tratamentos da cavidade oral.<\/td>\n<td>Bruno Tavares<\/td>\n<\/tr>\n<tr style=\"background-color: #f4f5f9; border: none;\">\n<td align=\"center\">10:50<\/td>\n<td>Cirurgia do Ducto Arterioso Persistente ( Tecnicas Minimo Invasivos VS Tecnicas Tradicionais)<\/td>\n<td>Roberto Bussadori<\/td>\n<\/tr>\n<tr>\n<td align=\"center\">11:40<\/td>\n<td>Indrodu\u00e7\u00e3o \u00e0 Terapia Endovascular<\/td>\n<td>Alexis Santana<\/td>\n<\/tr>\n<tr style=\"background-color: #f4f5f9; border: none;\">\n<td align=\"center\">12:20<\/td>\n<td>Os procedimentos de MIS na pr\u00e1tica hospitalar<\/td>\n<td>Ricardo Aleixo<\/td>\n<\/tr>\n<tr>\n<td align=\"center\">13:00<\/td>\n<td>Almo\u00e7o<\/td>\n<td><\/td>\n<\/tr>\n<tr style=\"background-color: #f4f5f9; border: none;\">\n<td align=\"center\">14:30<\/td>\n<td>Placas bloqueadas: s\u00e3o imprescind\u00edveis? Que sistema devo escolher?<\/td>\n<td>Crist\u00f3bal Fr\u00edas Rides<\/td>\n<\/tr>\n<tr>\n<td align=\"center\">15:20<\/td>\n<td>Abla\u00e7\u00e3o de tumores por radiofrequencia: Uma nova abordagem em oncologia veterin\u00e1ria.<\/td>\n<td>Pablo Ochoa<\/td>\n<\/tr>\n<tr style=\"background-color: #f4f5f9; border: none;\">\n<td align=\"center\">16:10<\/td>\n<td>Coffee-Break<\/td>\n<td><\/td>\n<\/tr>\n<tr>\n<td align=\"center\">17:10<\/td>\n<td>DPO + Transposi\u00e7\u00e3o do grande troc\u00e2nter para maneio de DPO &#8220;off-label&#8221;<\/td>\n<td>Massimo Petazzoni<\/td>\n<\/tr>\n<tr style=\"background-color: #f4f5f9; border: none;\">\n<td align=\"center\">18:00<\/td>\n<td>Aplica\u00e7\u00f5es do contraste em tomografia computorizada<\/td>\n<td>Hugo Pereira<\/td>\n<\/tr>\n<tr>\n<td align=\"center\">18:50<\/td>\n<td>Procedimentos de Fluoroscopia em clinica de Pequenos Animais<\/td>\n<td>Diego Casas<\/td>\n<\/tr>\n<tr style=\"background-color: #f4f5f9; border: none;\">\n<td align=\"center\">19:40<\/td>\n<td>Avi\u00f5es, Formula 1 e a Medicina Veterin\u00e1ria: A Gest\u00e3o de Excelencia chegou!<\/td>\n<td>Rodrigo Cardoso Rabelo<\/td>\n<\/tr>\n<\/tbody>\n<\/table>\n<p>[\/vc_column_text][\/vc_tta_section][vc_tta_section title=&#8221;22\/02\/2020 &#8211; S\u00e1bado&#8221; tab_id=&#8221;1569426319673-4dccadf0-4849&#8243;][vc_column_text]<\/p>\n<table style=\"background-color: #ffffff; border: 0px;\" border=\"0\" width=\"100%\" cellspacing=\"0\" cellpadding=\"0\">\n<tbody>\n<tr style=\"background-color: #e64528; border: none;\">\n<td style=\"color: #ffffff;\" width=\"15%\"><i class=\"fa fa-calendar\"><\/i> Hor\u00e1rio<\/td>\n<td style=\"color: #ffffff;\" width=\"59%\"><i class=\"fa fa-list-alt\"><\/i> Sess\u00e3o<\/td>\n<td style=\"color: #ffffff;\" width=\"26%\"><i class=\"fa fa-microphone\"><\/i> Orador<\/td>\n<\/tr>\n<tr style=\"background-color: #f4f5f9; border: none;\">\n<td align=\"center\">09:00<\/td>\n<td>Anestesia e Analgesia Locoregional<\/td>\n<td>Jaime Viscasillas<\/td>\n<\/tr>\n<tr>\n<td align=\"center\">10:00<\/td>\n<td>Atualiza\u00e7\u00e3o sobre doen\u00e7a do disco intervertebral<\/td>\n<td>Ronaldo da Costa<\/td>\n<\/tr>\n<tr style=\"background-color: #f4f5f9; border: none;\">\n<td align=\"center\">10:50<\/td>\n<td>Coffee-Break<\/td>\n<td>&#8211;<\/td>\n<\/tr>\n<tr>\n<td align=\"center\">11:30<\/td>\n<td>Slocum Ulnar Splitting Modificada. PUS &#8220;Pettazoni Ulnar Splitting&#8221; para melhor resolu\u00e7\u00e3o da displasia do cotovelo<\/td>\n<td>Massimo Petazzoni<\/td>\n<\/tr>\n<tr style=\"background-color: #f4f5f9; border: none;\">\n<td align=\"center\">12:20<\/td>\n<td>Linfoma &#8211; diagn\u00f3stico e tipifica\u00e7\u00e3o s\u00f3 com uma pun\u00e7\u00e3o<\/td>\n<td>Nazar\u00e9 Pinto da Cunha<\/td>\n<\/tr>\n<tr>\n<td align=\"center\">13:00<\/td>\n<td>Almo\u00e7o<\/td>\n<td>&#8211;<\/td>\n<\/tr>\n<tr style=\"background-color: #f4f5f9; border: none;\">\n<td align=\"center\">14:30<\/td>\n<td>DFO e PTO no tratamento de luxa\u00e7\u00e3o de r\u00f3tula<\/td>\n<td>Jorge Leite<\/td>\n<\/tr>\n<tr>\n<td align=\"center\">15:50<\/td>\n<td>A Minina Invas\u00e3o na Clinica Habitual.. Porque n\u00e3o?<\/td>\n<td>Flor Costoya Vasquez<\/td>\n<\/tr>\n<tr style=\"background-color: #f4f5f9; border: none;\">\n<td align=\"center\">16:30<\/td>\n<td>Coffee-Break<\/td>\n<td>&#8211;<\/td>\n<\/tr>\n<tr>\n<td align=\"center\">17:30<\/td>\n<td>Mercado Brasileiro de Servi\u00e7os Veterin\u00e1rios- Oportunidades e Desafios!<\/td>\n<td>Jo\u00e3o Buck<\/td>\n<\/tr>\n<tr style=\"background-color: #f4f5f9; border: none;\">\n<td align=\"center\">18:20<\/td>\n<td>Shunts Portossist\u00e9micos extra e intrahep\u00e1ticos.<\/td>\n<td>Roberto Bussadori<\/td>\n<\/tr>\n<\/tbody>\n<\/table>\n<p>[\/vc_column_text][\/vc_tta_section][\/vc_tta_tabs][\/vc_column][\/vc_row]<\/p>\n","protected":false},"excerpt":{"rendered":"<p>[vc_row][vc_column][vc_tta_tabs][vc_tta_section title=&#8221;21\/02\/2020 &#8211; Sexta-Feira&#8221; tab_id=&#8221;1508781140593-cf89a491-84ec&#8221;][vc_column_text] Hor\u00e1rio Sess\u00e3o Orador 09:00 Pequeno-Almo\u00e7o &#8211; 10:00 Estomatologia Veterin\u00e1ria Avan\u00e7ada:<\/p>\n","protected":false},"author":1,"featured_media":0,"parent":0,"menu_order":0,"comment_status":"closed","ping_status":"closed","template":"","meta":{"footnotes":""},"class_list":["post-628","page","type-page","status-publish","hentry"],"_links":{"self":[{"href":"https:\/\/congressohvm.com\/1\/wp-json\/wp\/v2\/pages\/628","targetHints":{"allow":["GET"]}}],"collection":[{"href":"https:\/\/congressohvm.com\/1\/wp-json\/wp\/v2\/pages"}],"about":[{"href":"https:\/\/congressohvm.com\/1\/wp-json\/wp\/v2\/types\/page"}],"author":[{"embeddable":true,"href":"https:\/\/congressohvm.com\/1\/wp-json\/wp\/v2\/users\/1"}],"replies":[{"embeddable":true,"href":"https:\/\/congressohvm.com\/1\/wp-json\/wp\/v2\/comments?post=628"}],"version-history":[{"count":13,"href":"https:\/\/congressohvm.com\/1\/wp-json\/wp\/v2\/pages\/628\/revisions"}],"predecessor-version":[{"id":1595,"href":"https:\/\/congressohvm.com\/1\/wp-json\/wp\/v2\/pages\/628\/revisions\/1595"}],"wp:attachment":[{"href":"https:\/\/congressohvm.com\/1\/wp-json\/wp\/v2\/media?parent=628"}],"curies":[{"name":"wp","href":"https:\/\/api.w.org\/{rel}","templated":true}]}}