{"id":597,"date":"2019-09-25T16:06:42","date_gmt":"2019-09-25T16:06:42","guid":{"rendered":"https:\/\/congressohvm.com\/1\/?page_id=597"},"modified":"2020-02-10T11:07:53","modified_gmt":"2020-02-10T11:07:53","slug":"sala-one-health","status":"publish","type":"page","link":"https:\/\/congressohvm.com\/1\/sala-one-health\/","title":{"rendered":"Sala One Health"},"content":{"rendered":"<p>[vc_row][vc_column][vc_tta_tabs][vc_tta_section title=&#8221;21\/02\/2020 &#8211; Sexta-Feira&#8221; tab_id=&#8221;1508781140593-cf89a491-84ec&#8221;][vc_column_text]<img loading=\"lazy\" decoding=\"async\" class=\"size-full wp-image-746 alignright\" src=\"https:\/\/congressohvm.com\/1\/wp-content\/uploads\/2019\/10\/pt1.jpg\" alt=\"\" width=\"210\" height=\"123\" \/><\/p>\n<table style=\"background-color: #ffffff; border: 0px;\" border=\"0\" width=\"100%\" cellspacing=\"0\" cellpadding=\"0\">\n<tbody>\n<tr style=\"background-color: #e64528; border: none;\">\n<td style=\"color: #ffffff;\" width=\"15%\"><i class=\"fa fa-calendar\"><\/i> Hor\u00e1rio<\/td>\n<td style=\"color: #ffffff;\" width=\"59%\"><i class=\"fa fa-list-alt\"><\/i> Sess\u00e3o<\/td>\n<td style=\"color: #ffffff;\" width=\"26%\"><i class=\"fa fa-microphone\"><\/i> Orador<\/td>\n<\/tr>\n<tr style=\"background-color: #f4f5f9; border: none;\">\n<td align=\"center\">09:00<\/td>\n<td>Pequeno-almo\u00e7o<\/td>\n<td><\/td>\n<\/tr>\n<tr>\n<td align=\"center\">10:00<\/td>\n<td><\/td>\n<td>Ana Caria (DGAV)<\/td>\n<\/tr>\n<tr style=\"background-color: #f4f5f9; border: none;\">\n<td align=\"center\">10:50<\/td>\n<td>Pequenos Ruminantes<\/td>\n<td>Helder Quintas<\/td>\n<\/tr>\n<tr>\n<td align=\"center\">11:40<\/td>\n<td>Produ\u00e7\u00e3o e consumo de Leite<\/td>\n<td>Luis Pinho<\/td>\n<\/tr>\n<tr style=\"background-color: #f4f5f9; border: none;\">\n<td align=\"center\">12:20<\/td>\n<td>Tuberculosis in humans and animals: new challenges- One Health<\/td>\n<td>JOHN IKONOMOPOULOS<\/td>\n<\/tr>\n<tr>\n<td align=\"center\">13:00<\/td>\n<td>ALMO\u00c7O<\/td>\n<td><\/td>\n<\/tr>\n<tr style=\"background-color: #f4f5f9; border: none;\">\n<td align=\"center\">14:30<\/td>\n<td>Animais errantes: um problema de sa\u00fade p\u00fablica<\/td>\n<td>Liliana Sousa<\/td>\n<\/tr>\n<tr>\n<td align=\"center\">15:20<\/td>\n<td>\u201cBovinicultura Leiteira no contexto One Health\u201d<\/td>\n<td>Elizabete Martins<\/td>\n<\/tr>\n<tr style=\"background-color: #f4f5f9; border: none;\">\n<td align=\"center\">16:10<\/td>\n<td>Coffee-Break<\/td>\n<td><\/td>\n<\/tr>\n<tr>\n<td align=\"center\">17:10<\/td>\n<td>Suinicultura 4.0 &#8211; bem-estar animal e uso de antibi\u00f3ticos<\/td>\n<td>Manuel Joaquim<\/td>\n<\/tr>\n<tr style=\"background-color: #f4f5f9; border: none;\">\n<td align=\"center\">18:00<\/td>\n<td>Abordagem da posi\u00e7\u00e3o e papel do MV no conceito &#8220;One Health&#8221;<\/td>\n<td>Manuel D&#8217;Argent Figueiredo<\/td>\n<\/tr>\n<tr>\n<td align=\"center\">18:50<\/td>\n<td>&#8220;One Health&#8221; &#8211; Perspectiva norte-americana<\/td>\n<td>Luciana da Costa<\/td>\n<\/tr>\n<tr style=\"background-color: #f4f5f9; border: none;\">\n<td align=\"center\">19:40<\/td>\n<td><\/td>\n<td><\/td>\n<\/tr>\n<\/tbody>\n<\/table>\n<p>[\/vc_column_text][\/vc_tta_section][vc_tta_section title=&#8221;22\/02\/2020 &#8211; S\u00e1bado&#8221; tab_id=&#8221;1569426319673-4dccadf0-4849&#8243;][vc_column_text]<img loading=\"lazy\" decoding=\"async\" class=\"wp-image-1460 size-full alignright\" src=\"https:\/\/congressohvm.com\/1\/wp-content\/uploads\/2020\/01\/UTAD4.jpg\" alt=\"\" width=\"250\" height=\"123\" \/><\/p>\n<table style=\"background-color: #ffffff; border: 0px;\" border=\"0\" width=\"100%\" cellspacing=\"0\" cellpadding=\"0\">\n<tbody>\n<tr style=\"background-color: #e64528; border: none;\">\n<td style=\"color: #ffffff;\" width=\"15%\"><i class=\"fa fa-calendar\"><\/i> Hor\u00e1rio<\/td>\n<td style=\"color: #ffffff;\" width=\"59%\"><i class=\"fa fa-list-alt\"><\/i> Sess\u00e3o<\/td>\n<td style=\"color: #ffffff;\" width=\"26%\"><i class=\"fa fa-microphone\"><\/i> Orador<\/td>\n<\/tr>\n<tr style=\"background-color: #f4f5f9; border: none;\">\n<td align=\"center\">08:20<\/td>\n<td>Diagn\u00f3stico microbiol\u00f3gico em medicina veterin\u00e1ria. Em prol da sa\u00fade humana e animal.<\/td>\n<td>Patr\u00edcia Poeta<\/td>\n<\/tr>\n<tr>\n<td align=\"center\">09:10<\/td>\n<td>Resist\u00eancia a antibi\u00f3ticos numa perspectiva \u201cOne Health\u201d. O papel dos animais selvagens como reservat\u00f3rios<\/td>\n<td>Patr\u00edcia Poeta<\/td>\n<\/tr>\n<tr style=\"background-color: #f4f5f9; border: none;\">\n<td align=\"center\">10:00<\/td>\n<td>Que solu\u00e7\u00f5es para a resist\u00eancia a antibi\u00f3ticos no futuro? Como estamos e para onde vamos<\/td>\n<td>Filipa Ceia<\/td>\n<\/tr>\n<tr>\n<td align=\"center\">10:50<\/td>\n<td>Coffee-Break<\/td>\n<td><\/td>\n<\/tr>\n<tr style=\"background-color: #f4f5f9; border: none;\">\n<td align=\"center\">11:30<\/td>\n<td>Autoimmune diseases of unknown etiology: an alarming paradigm<\/td>\n<td>JOHN IKONOMOPOULOS<\/td>\n<\/tr>\n<tr>\n<td align=\"center\">12:20<\/td>\n<td>Os desafios do S\u00e9culo XXI para a Sa\u00fade P\u00fablica na profiss\u00e3o veterin\u00e1ria<\/td>\n<td>Niza Ribeiro<\/td>\n<\/tr>\n<tr style=\"background-color: #f4f5f9; border: none;\">\n<td align=\"center\">13:00<\/td>\n<td>Almo\u00e7o<\/td>\n<td><\/td>\n<\/tr>\n<tr>\n<td align=\"center\">14:30<\/td>\n<td>Uses, abuses and misuses in animal production. How it affects Public Health.<\/td>\n<td>George Stiwell<\/td>\n<\/tr>\n<tr style=\"background-color: #f4f5f9; border: none;\">\n<td align=\"center\">15:50<\/td>\n<td>Tuberculose bovina, uma zoonose emergente na fauna selvagem<\/td>\n<td>Nuno Santos<\/td>\n<\/tr>\n<tr>\n<td align=\"center\">16:30<\/td>\n<td>Coffee-Break<\/td>\n<td><\/td>\n<\/tr>\n<tr style=\"background-color: #f4f5f9; border: none;\">\n<td align=\"center\">17:30<\/td>\n<td>Nanotechnology diagnostics in Animal Health<\/td>\n<td>JOHN IKONOMOPOULOS<\/td>\n<\/tr>\n<tr>\n<td align=\"center\">18:20<\/td>\n<td>Uma S\u00f3 Sa\u00fade \u2013 do conceito \u00e0 pr\u00e1tica<\/td>\n<td>Yolanda Vaz<\/td>\n<\/tr>\n<\/tbody>\n<\/table>\n<p>[\/vc_column_text][\/vc_tta_section][\/vc_tta_tabs][\/vc_column][\/vc_row]<\/p>\n","protected":false},"excerpt":{"rendered":"<p>[vc_row][vc_column][vc_tta_tabs][vc_tta_section title=&#8221;21\/02\/2020 &#8211; Sexta-Feira&#8221; tab_id=&#8221;1508781140593-cf89a491-84ec&#8221;][vc_column_text] Hor\u00e1rio Sess\u00e3o Orador 09:00 Pequeno-almo\u00e7o 10:00 Ana Caria (DGAV) 10:50<\/p>\n","protected":false},"author":1,"featured_media":0,"parent":0,"menu_order":0,"comment_status":"closed","ping_status":"closed","template":"","meta":{"footnotes":""},"class_list":["post-597","page","type-page","status-publish","hentry"],"_links":{"self":[{"href":"https:\/\/congressohvm.com\/1\/wp-json\/wp\/v2\/pages\/597","targetHints":{"allow":["GET"]}}],"collection":[{"href":"https:\/\/congressohvm.com\/1\/wp-json\/wp\/v2\/pages"}],"about":[{"href":"https:\/\/congressohvm.com\/1\/wp-json\/wp\/v2\/types\/page"}],"author":[{"embeddable":true,"href":"https:\/\/congressohvm.com\/1\/wp-json\/wp\/v2\/users\/1"}],"replies":[{"embeddable":true,"href":"https:\/\/congressohvm.com\/1\/wp-json\/wp\/v2\/comments?post=597"}],"version-history":[{"count":20,"href":"https:\/\/congressohvm.com\/1\/wp-json\/wp\/v2\/pages\/597\/revisions"}],"predecessor-version":[{"id":1564,"href":"https:\/\/congressohvm.com\/1\/wp-json\/wp\/v2\/pages\/597\/revisions\/1564"}],"wp:attachment":[{"href":"https:\/\/congressohvm.com\/1\/wp-json\/wp\/v2\/media?parent=597"}],"curies":[{"name":"wp","href":"https:\/\/api.w.org\/{rel}","templated":true}]}}