{"id":582,"date":"2019-09-25T15:32:29","date_gmt":"2019-09-25T15:32:29","guid":{"rendered":"https:\/\/congressohvm.com\/1\/?page_id=582"},"modified":"2020-01-27T11:32:48","modified_gmt":"2020-01-27T11:32:48","slug":"sala-principal","status":"publish","type":"page","link":"https:\/\/congressohvm.com\/1\/sala-principal\/","title":{"rendered":"Sala Principal"},"content":{"rendered":"<p>[vc_row][vc_column][vc_tta_tabs][vc_tta_section title=&#8221;21\/02\/2020 &#8211; Sexta-Feira&#8221; tab_id=&#8221;1508781140593-cf89a491-84ec&#8221;][vc_column_text]<\/p>\n<table style=\"background-color: #ffffff; border: 0px;\" border=\"0\" width=\"100%\" cellspacing=\"0\" cellpadding=\"0\">\n<tbody>\n<tr style=\"background-color: #e64528; border: none;\">\n<td style=\"color: #ffffff;\" width=\"15%\"><i class=\"fa fa-calendar\"><\/i> Hor\u00e1rio<\/td>\n<td style=\"color: #ffffff;\" width=\"59%\"><i class=\"fa fa-list-alt\"><\/i> Sess\u00e3o<\/td>\n<td style=\"color: #ffffff;\" width=\"26%\"><i class=\"fa fa-microphone\"><\/i> Orador<\/td>\n<\/tr>\n<tr style=\"background-color: #f4f5f9; border: none;\">\n<td align=\"center\">09:00<\/td>\n<td>Pequeno-Almo\u00e7o<\/td>\n<td>&#8211;<\/td>\n<\/tr>\n<tr>\n<td align=\"center\">10:00<\/td>\n<td>\u201cRegras de ouro no diagn\u00f3stico e tratamento de epilepsia canina!\u201d<\/td>\n<td>Ronaldo da Costa<\/td>\n<\/tr>\n<tr style=\"background-color: #f4f5f9; border: none;\">\n<td align=\"center\">10:50<\/td>\n<td>Tratamento e Monitoriza\u00e7\u00e3o de C\u00e3es com Hiperadrenocortisismo: O que h\u00e1 de novo?<\/td>\n<td>Rodolfo Leal<\/td>\n<\/tr>\n<tr>\n<td align=\"center\">11:40<\/td>\n<td>Why an orthopaedic surgeon should have a workshop inside his clinic<\/td>\n<td>Massimo Petazzonni<\/td>\n<\/tr>\n<tr style=\"background-color: #f4f5f9; border: none;\">\n<td align=\"center\">12:20<\/td>\n<td>Erros na traumatologia: Posso evitar complica\u00e7\u00f5es?<\/td>\n<td>Crist\u00f3bal Fr\u00edas Rides<\/td>\n<\/tr>\n<tr>\n<td align=\"center\">13:00<\/td>\n<td>Almo\u00e7o<\/td>\n<td>&#8211;<\/td>\n<\/tr>\n<tr style=\"background-color: #f4f5f9; border: none;\">\n<td align=\"center\">14:30<\/td>\n<td>Novas ferramentas na ortopedia veterin\u00e1ria<\/td>\n<td>Massimo Petazzonni<\/td>\n<\/tr>\n<tr>\n<td align=\"center\">15:20<\/td>\n<td>Ortopedia veterin\u00e1ria avan\u00e7ada. Realidade ou fic\u00e7\u00e3o?<\/td>\n<td>Jorge Leite<\/td>\n<\/tr>\n<tr style=\"background-color: #f4f5f9; border: none;\">\n<td align=\"center\">16:10<\/td>\n<td>Coffee-Break<\/td>\n<td><\/td>\n<\/tr>\n<tr>\n<td align=\"center\">17:10<\/td>\n<td>Neurocirurgia Oncol\u00f3gica. Presente e Futuro.<\/td>\n<td>Jo\u00e3o Ribeiro<\/td>\n<\/tr>\n<tr style=\"background-color: #f4f5f9; border: none;\">\n<td align=\"center\">18:00<\/td>\n<td>As novas abordagens na gest\u00e3o reprodutiva de c\u00e3es e gatos<\/td>\n<td>Paulo Borges<\/td>\n<\/tr>\n<tr>\n<td align=\"center\">18:50<\/td>\n<td>Quilotorax: Abordagem tradicional e toracoscopica<\/td>\n<td>Roberto Bussadori<\/td>\n<\/tr>\n<tr style=\"background-color: #f4f5f9; border: none;\">\n<td align=\"center\">19:40<\/td>\n<td>Anestesia e analgesia no sec.XXI<\/td>\n<td>Jaime Viscasillas<\/td>\n<\/tr>\n<\/tbody>\n<\/table>\n<p>[\/vc_column_text][\/vc_tta_section][vc_tta_section title=&#8221;22\/02\/2020 &#8211; S\u00e1bado&#8221; tab_id=&#8221;1569426319673-4dccadf0-4849&#8243;][vc_column_text]<\/p>\n<table style=\"background-color: #ffffff; border: 0px;\" border=\"0\" width=\"100%\" cellspacing=\"0\" cellpadding=\"0\">\n<tbody>\n<tr style=\"background-color: #e64528; border: none;\">\n<td style=\"color: #ffffff;\" width=\"15%\"><i class=\"fa fa-calendar\"><\/i> Hor\u00e1rio<\/td>\n<td style=\"color: #ffffff;\" width=\"59%\"><i class=\"fa fa-list-alt\"><\/i> Sess\u00e3o<\/td>\n<td style=\"color: #ffffff;\" width=\"26%\"><i class=\"fa fa-microphone\"><\/i> Orador<\/td>\n<\/tr>\n<tr style=\"background-color: #f4f5f9; border: none;\">\n<td align=\"center\">09:00<\/td>\n<td>Como gerir com grandes perdas \u00f3sseas<\/td>\n<td>Massimo Petazzoni<\/td>\n<\/tr>\n<tr>\n<td align=\"center\">10:00<\/td>\n<td>Dirofil\u00e1ria Immitis: Tratamento M\u00e9dico e cirurgico<\/td>\n<td>Alexis Santana<\/td>\n<\/tr>\n<tr style=\"background-color: #f4f5f9; border: none;\">\n<td align=\"center\">10:50<\/td>\n<td>Coffee-Break<\/td>\n<td>&#8211;<\/td>\n<\/tr>\n<tr>\n<td align=\"center\">11:30<\/td>\n<td>Avalia\u00e7\u00e3o endoscopica do sindrome obstrutivo das vias aereas do braquicelafo: Metodos antigos e recentes<\/td>\n<td>Diego Casas<\/td>\n<\/tr>\n<tr style=\"background-color: #f4f5f9; border: none;\">\n<td align=\"center\">12:20<\/td>\n<td>Paralise Laringea<\/td>\n<td>Roberto Bussadori<\/td>\n<\/tr>\n<tr>\n<td align=\"center\">13:00<\/td>\n<td>Almo\u00e7o<\/td>\n<td>&#8211;<\/td>\n<\/tr>\n<tr style=\"background-color: #f4f5f9; border: none;\">\n<td align=\"center\">14:30<\/td>\n<td>Diagn\u00f3stico e Tratamendo de Enteropatia Cr\u00f3nica- Actualiza\u00e7\u00f5es<\/td>\n<td>Rodolfo Leal<\/td>\n<\/tr>\n<tr>\n<td align=\"center\">15:50<\/td>\n<td>Evolu\u00e7\u00e3o da Imagem Avan\u00e7ada no Diagn\u00f3stico Cl\u00ednico<\/td>\n<td>Rui Mota<\/td>\n<\/tr>\n<tr style=\"background-color: #f4f5f9; border: none;\">\n<td align=\"center\">16:30<\/td>\n<td>Coffee-Break<\/td>\n<td>&#8211;<\/td>\n<\/tr>\n<tr>\n<td align=\"center\">17:30<\/td>\n<td>Telemedicina Veterin\u00e1ria: Como fidelizar os seus clientes com uma ferramenta do futuro<\/td>\n<td>Pablo Ochoa<\/td>\n<\/tr>\n<tr style=\"background-color: #f4f5f9; border: none;\">\n<td align=\"center\">18:20<\/td>\n<td>Emerg\u00eancias em felinos<\/td>\n<td>Rodrigo Cardoso Rabelo<\/td>\n<\/tr>\n<\/tbody>\n<\/table>\n<p>[\/vc_column_text][\/vc_tta_section][\/vc_tta_tabs][\/vc_column][\/vc_row]<\/p>\n","protected":false},"excerpt":{"rendered":"<p>[vc_row][vc_column][vc_tta_tabs][vc_tta_section title=&#8221;21\/02\/2020 &#8211; Sexta-Feira&#8221; tab_id=&#8221;1508781140593-cf89a491-84ec&#8221;][vc_column_text] Hor\u00e1rio Sess\u00e3o Orador 09:00 Pequeno-Almo\u00e7o &#8211; 10:00 \u201cRegras de ouro<\/p>\n","protected":false},"author":1,"featured_media":0,"parent":0,"menu_order":0,"comment_status":"closed","ping_status":"closed","template":"","meta":{"footnotes":""},"class_list":["post-582","page","type-page","status-publish","hentry"],"_links":{"self":[{"href":"https:\/\/congressohvm.com\/1\/wp-json\/wp\/v2\/pages\/582","targetHints":{"allow":["GET"]}}],"collection":[{"href":"https:\/\/congressohvm.com\/1\/wp-json\/wp\/v2\/pages"}],"about":[{"href":"https:\/\/congressohvm.com\/1\/wp-json\/wp\/v2\/types\/page"}],"author":[{"embeddable":true,"href":"https:\/\/congressohvm.com\/1\/wp-json\/wp\/v2\/users\/1"}],"replies":[{"embeddable":true,"href":"https:\/\/congressohvm.com\/1\/wp-json\/wp\/v2\/comments?post=582"}],"version-history":[{"count":10,"href":"https:\/\/congressohvm.com\/1\/wp-json\/wp\/v2\/pages\/582\/revisions"}],"predecessor-version":[{"id":1442,"href":"https:\/\/congressohvm.com\/1\/wp-json\/wp\/v2\/pages\/582\/revisions\/1442"}],"wp:attachment":[{"href":"https:\/\/congressohvm.com\/1\/wp-json\/wp\/v2\/media?parent=582"}],"curies":[{"name":"wp","href":"https:\/\/api.w.org\/{rel}","templated":true}]}}