{"id":326,"date":"2017-03-19T04:03:16","date_gmt":"2017-03-19T04:03:16","guid":{"rendered":"http:\/\/localhost\/democontent\/?page_id=7"},"modified":"2020-02-28T11:24:57","modified_gmt":"2020-02-28T11:24:57","slug":"homepage-one","status":"publish","type":"page","link":"https:\/\/congressohvm.com\/1\/","title":{"rendered":"Homepage One"},"content":{"rendered":"<p>[vc_row full_width=&#8221;stretch_row_content_no_spaces&#8221;][vc_column][event_hub_about_1 title=&#8221;MENSAGEM&#8221; event_info=&#8221;%5B%7B%22title%22%3A%22Europarque%22%2C%22description%22%3A%22Santa%20Maria%20da%20Feira%22%2C%22icon_fontawesome%22%3A%22fa%20fa-map-marker%22%7D%2C%7B%22title%22%3A%2220%20a%2022%20de%20Fevereiro%22%2C%22description%22%3A%222020%22%2C%22icon_fontawesome%22%3A%22fa%20fa-calendar%22%7D%2C%7B%22title%22%3A%222500%20Lugares%22%2C%22description%22%3A%22Inscreva-se%22%2C%22icon_fontawesome%22%3A%22fa%20fa-sitemap%22%7D%2C%7B%22title%22%3A%2230%20Oradores%22%2C%22description%22%3A%22Os%20melhores%20profissionais%22%2C%22icon_fontawesome%22%3A%22fa%20fa-microphone%22%7D%2C%7B%22title%22%3A%2271%20Patrocinadores%22%2C%22description%22%3A%22Os%20melhores%20apoios%22%2C%22icon_fontawesome%22%3A%22fa%20fa-user-plus%22%7D%5D&#8221;]<\/p>\n<div style=\"text-align: justify;\">\n<p>Temos o prazer de anunciar pela 16.\u00aa vez consecutiva, a realiza\u00e7\u00e3o do Congresso Veterin\u00e1rio Montenegro.<\/p>\n<p>&nbsp;<\/p>\n<p>Este encontro, que ter\u00e1 lugar no Europarque, em Santa Maria da Feira, nos dias 21 e 22 de fevereiro de 2020, ser\u00e1 dedicado ao tema \u201cInova\u00e7\u00e3o &amp; Desenvolvimento\u201d.<\/p>\n<p>&nbsp;<\/p>\n<p>Nesta 16.\u00aa edi\u00e7\u00e3o, optamos por uma tem\u00e1tica mais abrangente que nos ir\u00e1 permitir abordar o que h\u00e1 de novo e inovador no setor da medicina veterin\u00e1ria.<\/p>\n<p>Mas as novidades n\u00e3o ficam por aqui, tamb\u00e9m o naming do evento foi atualizado para Congresso Internacional Veterin\u00e1rio Montenegro, por forma a refor\u00e7ar a sua magnitude e, por consequ\u00eancia, ampliar a sua atratividade para patrocinadores, oradores e congressistas.<\/p>\n<p>&nbsp;<\/p>\n<p>\u00c9 nosso objetivo partilhar as mais recentes novidades da medicina veterin\u00e1ria, numa atmosfera descontra\u00edda, informal e aberta \u00e0 participa\u00e7\u00e3o de todos os intervenientes do setor.<\/p>\n<p>&nbsp;<\/p>\n<p>No que concerne ao programa cient\u00edfico, que em breve estar\u00e1 fechado, iremos contar com um conceituado painel de oradores, tais como: Massimo Petazzoni, Roberto Bussadori, Alexis Santana, Diego Casas, Jorge Leite, Rodolfo Leal, Ana Rita Serras, Cristobal Frias, Paulo Borges, entre outros.<\/p>\n<p>&nbsp;<\/p>\n<p>Este ano, teremos tamb\u00e9m novidades em rela\u00e7\u00e3o \u00e0s salas. V\u00e3o funcionar 4 salas em simult\u00e2neo, concretamente:<\/p>\n<p>&nbsp;<\/p>\n<p>1. Sala Principal, como habitual, dedicada a m\u00e9dicos veterin\u00e1rios e estudantes de medicina veterin\u00e1ria. Com tradu\u00e7\u00e3o simult\u00e2nea para ingl\u00eas.<\/p>\n<p>2. Sala de Enfermagem, como habitual, dedicada a enfermeiros veterin\u00e1rios e estudantes, enfermagem veterin\u00e1ria e auxiliares.<\/p>\n<p>3. Sala Avan\u00e7ada, dedicada a palestras com temas mais espec\u00edficos e mais interativos.<\/p>\n<p>4. Sala One Health, uma das grandes novidades desta edi\u00e7\u00e3o. Pensada em conjunto pela Prof.\u00aa Dr.\u00aa Patr\u00edcia Poeta e pelo Dr. Paulo Teixeira, dedicada \u00e0 sa\u00fade p\u00fablica e produ\u00e7\u00e3o animal.<\/p>\n<p>&nbsp;<\/p>\n<p>E porque o feedback de todos \u00e9 fundamental, constatamos que foi un\u00e2nime a melhoria do pavilh\u00e3o da exposi\u00e7\u00e3o comercial da edi\u00e7\u00e3o transata. Assim, iremos manter a mesma planta mas, no local do palco, criaremos uma \u00e1rea l\u00fadica de lounge para possibilitar o conv\u00edvio entre congressistas e patrocinadores.<\/p>\n<p>&nbsp;<\/p>\n<p>A par de tudo isto, estamos a preparar v\u00e1rios momentos de descontra\u00e7\u00e3o, que n\u00e3o ir\u00e3o interferir com a componente formativa, nem com a feira comercial.<\/p>\n<p>&nbsp;<\/p>\n<p>A homenagem ao Prof. Miguel Faria, que sempre foi um membro ativo na organiza\u00e7\u00e3o deste congresso, vai-se manter. Vamos, por isso, garantir, novamente, a atribui\u00e7\u00e3o do Pr\u00e9mio Cient\u00edfico Prof. Miguel Faria para a melhor comunica\u00e7\u00e3o livre.<\/p>\n<p>&nbsp;<\/p>\n<p>A apresenta\u00e7\u00e3o vencedora ser\u00e1 anunciada no palco do pavilh\u00e3o e o respectivo pr\u00e9mio entregue ao vencedor. As comunica\u00e7\u00f5es cient\u00edficas t\u00eam sido de uma qualidade extremamente elevada e s\u00e3o, sem d\u00favida, um orgulho para toda a classe. Nesse sentido, vamos continuar a premiar os melhores trabalhos cient\u00edficos que refletem o elevado n\u00edvel da investiga\u00e7\u00e3o em medicina veterin\u00e1ria realizada em Portugal. Por isso, iremos manter o Concurso de Poster Cient\u00edfico para M\u00e9dicos Veterin\u00e1rios e Estudantes de Medicina Veterin\u00e1ria, com um pr\u00e9mio monet\u00e1rio de igual valor \u00e0 edi\u00e7\u00e3o passada. Mas n\u00e3o ficamos por aqui, de forma a valorizar a Enfermagem, criamos o Concurso de Poster Cient\u00edfico para Enfermeiros Veterin\u00e1rios e estudantes de Enfermagem Veterin\u00e1ria, cujo pr\u00e9mio monet\u00e1rio ser\u00e1 de igual valor.<\/p>\n<p>&nbsp;<\/p>\n<p>No que respeita \u00e0 componente social do Congresso, a mesma culminar\u00e1 no Jantar de Gala Oficial do Congresso, em local a definir.<\/p>\n<p>&nbsp;<\/p>\n<p>Relativamente aos convites para o evento, estar\u00e3o maioritariamente na posse dos patrocinadores, mas ser\u00e1 definida uma data para in\u00edcio de entrega de convites de forma a evitar conflitos de interesses.<\/p>\n<p>&nbsp;<\/p>\n<p>Recordamos que o Congresso Internacional Veterin\u00e1rio Montenegro tem a maior representatividade de profissionais da \u00e1rea da medicina veterin\u00e1ria a n\u00edvel ib\u00e9rico. Na edi\u00e7\u00e3o transata, reunimos cerca de 1300 m\u00e9dicos veterin\u00e1rios, 300 estudantes de medicina veterin\u00e1ria e 500 enfermeiros e estudantes de enfermagem veterin\u00e1ria, dos quais cerca de 300 congressistas espanh\u00f3is.<\/p>\n<p>&nbsp;<\/p>\n<p>Este ano gostar\u00edamos de poder elevar ainda mais a fasquia dos congressos de medicina veterin\u00e1ria, com a aposta na premissa da Inova\u00e7\u00e3o &amp; Desenvolvimento. Ser\u00e1 uma excelente oportunidade para poder introduzir no mercado ferramentas inovadoras que a nossa classe tanto privilegia.<\/p>\n<p>&nbsp;<\/p>\n<p>Para o efeito, contamos com o empenho e o apoio de todos, crucial para o continuo sucesso deste evento.<\/p>\n<\/div>\n<p>[\/event_hub_about_1][\/vc_column][\/vc_row][vc_row full_width=&#8221;stretch_row_content_no_spaces&#8221; content_placement=&#8221;middle&#8221; css=&#8221;.vc_custom_1572975812941{background-image: url(https:\/\/congressohvm.com\/1\/wp-content\/uploads\/2019\/11\/congre.jpg?id=880) !important;}&#8221;][vc_column][vc_row_inner][vc_column_inner css=&#8221;.vc_custom_1572974129373{border-top-width: 100px !important;padding-bottom: 50px !important;}&#8221;][vc_column_text]<\/p>\n<h1 class=\"header-title\" style=\"text-align: center; color: #ffffff;\">COMISS\u00c3O ORGANIZADORA<\/h1>\n<h4 class=\"header-desc\" style=\"text-align: center; color: #ffffff;\">XVI Congresso Internacional Veterin\u00e1rio Montenegro!<\/h4>\n<p>[\/vc_column_text][\/vc_column_inner][\/vc_row_inner][vc_row_inner content_placement=&#8221;middle&#8221; css=&#8221;.vc_custom_1572976890671{padding-left: 5% !important;background-position: center !important;background-repeat: no-repeat !important;background-size: cover !important;}&#8221;][vc_column_inner width=&#8221;1\/4&#8243;][vc_single_image image=&#8221;854&#8243; img_size=&#8221;full&#8221;][\/vc_column_inner][vc_column_inner width=&#8221;1\/4&#8243;][vc_single_image image=&#8221;857&#8243; img_size=&#8221;full&#8221;][\/vc_column_inner][vc_column_inner width=&#8221;1\/4&#8243;][vc_single_image image=&#8221;860&#8243; img_size=&#8221;full&#8221;][\/vc_column_inner][vc_column_inner width=&#8221;1\/4&#8243;][vc_single_image image=&#8221;863&#8243; img_size=&#8221;full&#8221;][\/vc_column_inner][\/vc_row_inner][vc_row_inner css=&#8221;.vc_custom_1572976896844{padding-left: 5% !important;}&#8221;][vc_column_inner width=&#8221;1\/4&#8243;][vc_single_image image=&#8221;866&#8243; img_size=&#8221;full&#8221;][\/vc_column_inner][vc_column_inner width=&#8221;1\/4&#8243;][vc_single_image image=&#8221;1032&#8243; img_size=&#8221;full&#8221;][\/vc_column_inner][vc_column_inner width=&#8221;1\/4&#8243;][vc_single_image image=&#8221;872&#8243; img_size=&#8221;full&#8221;][\/vc_column_inner][vc_column_inner width=&#8221;1\/4&#8243;][vc_single_image image=&#8221;875&#8243; img_size=&#8221;full&#8221;][\/vc_column_inner][\/vc_row_inner][\/vc_column][\/vc_row][vc_row full_width=&#8221;stretch_row_content_no_spaces&#8221;][vc_column][event_hub_speakers order=&#8221;ASC&#8221; orderby=&#8221;name&#8221; bg_image=&#8221;22&#8243; title=&#8221;ORADORES&#8221; sub_title=&#8221;XVI Congresso Internacional Veterin\u00e1rio Montenegro!&#8221; post_count=&#8221;60&#8243;][\/vc_column][\/vc_row][vc_row full_width=&#8221;stretch_row_content_no_spaces&#8221;][vc_column][event_hub_sponsors title=&#8221;SPONSORS&#8221; sub_title=&#8221;Todos os patrocinadores do Congresso!&#8221; platinum_title=&#8221;MAIN SPONSORS&#8221; platinum_info=&#8221;%5B%7B%22image%22%3A%221170%22%7D%2C%7B%22image%22%3A%221173%22%7D%2C%7B%22image%22%3A%221176%22%7D%2C%7B%22image%22%3A%221179%22%7D%2C%7B%22image%22%3A%221183%22%7D%5D&#8221; gold_title=&#8221;MEDIA PARTNERS&#8221; gold_info=&#8221;%5B%7B%22image%22%3A%221193%22%7D%2C%7B%22image%22%3A%221196%22%7D%2C%7B%22image%22%3A%221199%22%7D%5D&#8221; silver_title=&#8221;PATROCINADORES&#8221; silver_info=&#8221;%5B%7B%22image%22%3A%221203%22%7D%2C%7B%22image%22%3A%221206%22%7D%2C%7B%22image%22%3A%221209%22%7D%2C%7B%22image%22%3A%221212%22%7D%2C%7B%22image%22%3A%221215%22%7D%2C%7B%22image%22%3A%221218%22%7D%2C%7B%22image%22%3A%221224%22%7D%2C%7B%22image%22%3A%221227%22%7D%2C%7B%22image%22%3A%221230%22%7D%2C%7B%22image%22%3A%221234%22%7D%2C%7B%22image%22%3A%221237%22%7D%2C%7B%22image%22%3A%221240%22%7D%2C%7B%22image%22%3A%221243%22%7D%2C%7B%22image%22%3A%221246%22%7D%2C%7B%22image%22%3A%221249%22%7D%2C%7B%22image%22%3A%221252%22%7D%2C%7B%22image%22%3A%221255%22%7D%2C%7B%22image%22%3A%221258%22%7D%2C%7B%22image%22%3A%221261%22%7D%2C%7B%22image%22%3A%221264%22%7D%2C%7B%22image%22%3A%221267%22%7D%2C%7B%22image%22%3A%221270%22%7D%2C%7B%22image%22%3A%221273%22%7D%2C%7B%22image%22%3A%221282%22%7D%2C%7B%22image%22%3A%221286%22%7D%2C%7B%22image%22%3A%221317%22%7D%2C%7B%22image%22%3A%221325%22%7D%2C%7B%22image%22%3A%221328%22%7D%2C%7B%22image%22%3A%221331%22%7D%2C%7B%22image%22%3A%221334%22%7D%2C%7B%22image%22%3A%221349%22%7D%2C%7B%22image%22%3A%221352%22%7D%2C%7B%22image%22%3A%221368%22%7D%2C%7B%22image%22%3A%221376%22%7D%2C%7B%22image%22%3A%221409%22%7D%2C%7B%22image%22%3A%221435%22%7D%2C%7B%22image%22%3A%221480%22%7D%2C%7B%22image%22%3A%221483%22%7D%2C%7B%22image%22%3A%221486%22%7D%2C%7B%22image%22%3A%221536%22%7D%2C%7B%22image%22%3A%221552%22%7D%2C%7B%22image%22%3A%221558%22%7D%2C%7B%22image%22%3A%221577%22%7D%5D&#8221;][\/vc_column][\/vc_row][vc_row full_width=&#8221;stretch_row_content_no_spaces&#8221; disable_element=&#8221;yes&#8221;][vc_column][event_hub_speakers bg_image=&#8221;22&#8243; title=&#8221;ORADORES&#8221; sub_title=&#8221;XVI Congresso Internacional Veterin\u00e1rio Montenegro!&#8221; post_count=&#8221;8&#8243;][event_hub_sponsors title=&#8221;SPONSORS&#8221; sub_title=&#8221;Todos os patrocinadores do Congresso!&#8221; platinum_title=&#8221;MAIN SPONSORS&#8221; platinum_info=&#8221;%5B%7B%22image%22%3A%2225%22%7D%2C%7B%22image%22%3A%2226%22%7D%2C%7B%22image%22%3A%2227%22%7D%5D&#8221; gold_title=&#8221;MEDIA PARTNERS&#8221; gold_info=&#8221;%5B%7B%22image%22%3A%2225%22%7D%2C%7B%22image%22%3A%2226%22%7D%2C%7B%22image%22%3A%2227%22%7D%2C%7B%22image%22%3A%2226%22%7D%5D&#8221; silver_title=&#8221;PATROCINADORES&#8221; silver_info=&#8221;%5B%7B%22image%22%3A%2225%22%7D%2C%7B%22image%22%3A%2226%22%7D%2C%7B%22image%22%3A%2227%22%7D%2C%7B%22image%22%3A%2225%22%7D%2C%7B%22image%22%3A%2227%22%7D%5D&#8221;][event_hub_become_sponsor title=&#8221;TORNE-SE NUM PATROCINADOR&#8221; request_btn=&#8221;Request Now&#8221; request_btn_url=&#8221;#&#8221; sponsor_image=&#8221;32&#8243;]Apoie o Congresso e seja patrocinador deste que \u00e9 o maior evento da \u00e1rea na pen\u00ednsula ib\u00e9rica.[\/event_hub_become_sponsor][event_hub_recent_blog title=&#8221;NOT\u00cdCIAS&#8221; subtitle=&#8221;As \u00faltimas not\u00edcias sobre o Congresso!&#8221; post_count=&#8221;3&#8243;][event_hub_google_map title=&#8221;LabArtisan&#8221; map_icon=&#8221;219&#8243; latitute=&#8221;46.4731014&#8243; longitute=&#8221;-26.735611&#8243; map_zoom=&#8221;3&#8243;][\/vc_column][\/vc_row][vc_row][vc_column][vc_column_text]<\/p>\n<p>[\/vc_column_text][\/vc_column][\/vc_row]<\/p>\n","protected":false},"excerpt":{"rendered":"<p>[vc_row full_width=&#8221;stretch_row_content_no_spaces&#8221;][vc_column][event_hub_about_1 title=&#8221;MENSAGEM&#8221; event_info=&#8221;%5B%7B%22title%22%3A%22Europarque%22%2C%22description%22%3A%22Santa%20Maria%20da%20Feira%22%2C%22icon_fontawesome%22%3A%22fa%20fa-map-marker%22%7D%2C%7B%22title%22%3A%2220%20a%2022%20de%20Fevereiro%22%2C%22description%22%3A%222020%22%2C%22icon_fontawesome%22%3A%22fa%20fa-calendar%22%7D%2C%7B%22title%22%3A%222500%20Lugares%22%2C%22description%22%3A%22Inscreva-se%22%2C%22icon_fontawesome%22%3A%22fa%20fa-sitemap%22%7D%2C%7B%22title%22%3A%2230%20Oradores%22%2C%22description%22%3A%22Os%20melhores%20profissionais%22%2C%22icon_fontawesome%22%3A%22fa%20fa-microphone%22%7D%2C%7B%22title%22%3A%2271%20Patrocinadores%22%2C%22description%22%3A%22Os%20melhores%20apoios%22%2C%22icon_fontawesome%22%3A%22fa%20fa-user-plus%22%7D%5D&#8221;] Temos o prazer de anunciar pela 16.\u00aa vez consecutiva, a realiza\u00e7\u00e3o<\/p>\n","protected":false},"author":1,"featured_media":0,"parent":0,"menu_order":0,"comment_status":"closed","ping_status":"closed","template":"template-full-width.php","meta":{"footnotes":""},"class_list":["post-326","page","type-page","status-publish","hentry"],"_links":{"self":[{"href":"https:\/\/congressohvm.com\/1\/wp-json\/wp\/v2\/pages\/326","targetHints":{"allow":["GET"]}}],"collection":[{"href":"https:\/\/congressohvm.com\/1\/wp-json\/wp\/v2\/pages"}],"about":[{"href":"https:\/\/congressohvm.com\/1\/wp-json\/wp\/v2\/types\/page"}],"author":[{"embeddable":true,"href":"https:\/\/congressohvm.com\/1\/wp-json\/wp\/v2\/users\/1"}],"replies":[{"embeddable":true,"href":"https:\/\/congressohvm.com\/1\/wp-json\/wp\/v2\/comments?post=326"}],"version-history":[{"count":59,"href":"https:\/\/congressohvm.com\/1\/wp-json\/wp\/v2\/pages\/326\/revisions"}],"predecessor-version":[{"id":1580,"href":"https:\/\/congressohvm.com\/1\/wp-json\/wp\/v2\/pages\/326\/revisions\/1580"}],"wp:attachment":[{"href":"https:\/\/congressohvm.com\/1\/wp-json\/wp\/v2\/media?parent=326"}],"curies":[{"name":"wp","href":"https:\/\/api.w.org\/{rel}","templated":true}]}}