{"id":1600,"date":"2020-02-28T09:09:01","date_gmt":"2020-02-28T09:09:01","guid":{"rendered":"https:\/\/congressohvm.com\/1\/?page_id=1600"},"modified":"2020-02-28T10:47:53","modified_gmt":"2020-02-28T10:47:53","slug":"proceeding","status":"publish","type":"page","link":"https:\/\/congressohvm.com\/1\/proceeding\/","title":{"rendered":"Proceeding"},"content":{"rendered":"<p>[vc_row][vc_column][vc_column_text]<\/p>\n<table style=\"border-color: #ffffff;\" border=\"0\" width=\"100%\">\n<tbody>\n<tr>\n<td width=\"81%\"><strong>Palestra<\/strong><\/td>\n<td width=\"19%\"><strong>Orador<\/strong><\/td>\n<\/tr>\n<tr>\n<td><a href=\"https:\/\/congressohvm.com\/1\/dw\/Abordagemdaposi\u00e7\u00e3oepapeldoMVnoconceitoOneHealth.pdf\" target=\"_new\" rel=\"noopener noreferrer\">Abordagem da posi\u00e7\u00e3o e papel do MV no conceito One Health<\/a><\/td>\n<td width=\"19%\">Manuel Figueiredo<\/td>\n<\/tr>\n<tr>\n<td height=\"21\"><a href=\"https:\/\/congressohvm.com\/1\/dw\/Approccioalpazientedispnoico.pdf\" target=\"_new\" rel=\"noopener noreferrer\">Approccio al paziente dispnoico<\/a><\/td>\n<td height=\"21\">Roberto Bussadori<\/td>\n<\/tr>\n<tr>\n<td height=\"21\"><a href=\"https:\/\/congressohvm.com\/1\/dw\/Chylothorax.pdf\" target=\"_new\" rel=\"noopener noreferrer\">Chylothorax<\/a><\/td>\n<td height=\"21\">Roberto Bussadori<\/td>\n<\/tr>\n<tr>\n<td height=\"21\"><a href=\"https:\/\/congressohvm.com\/1\/dw\/Comoproduzirleiteparaoconsumidor.pdf\" target=\"_new\" rel=\"noopener noreferrer\">Como produzir leite para o consumidor XXI<\/a><\/td>\n<td height=\"21\">Luis Pinho<\/td>\n<\/tr>\n<tr>\n<td height=\"21\"><a href=\"https:\/\/congressohvm.com\/1\/dw\/Comousarumventiladomecanicocorretamente.pdf\" target=\"_new\" rel=\"noopener noreferrer\">Como usar um ventilador mec\u00e2nico corretamente<\/a><\/td>\n<td height=\"21\">Duarte Oliveira<\/td>\n<\/tr>\n<tr>\n<td height=\"21\"><a href=\"https:\/\/congressohvm.com\/1\/dw\/Diagnosticoetratamentodeenteropatiascronicas.pdf\" target=\"_new\" rel=\"noopener noreferrer\">Diagn\u00f3stico e tratamento de enteropatias cr\u00f3nicas<\/a><\/td>\n<td height=\"21\">Rodolfo Leal<\/td>\n<\/tr>\n<tr>\n<td height=\"21\"><a href=\"https:\/\/congressohvm.com\/1\/dw\/emesmoprecisoavancarparaTACouRM.pdf\" target=\"_new\" rel=\"noopener noreferrer\">\u00c9 mesmo preciso avan\u00e7ar para TAC ou RM<\/a><\/td>\n<td height=\"21\">V\u00e2nia Evaristo<\/td>\n<\/tr>\n<tr>\n<td height=\"21\"><a href=\"https:\/\/congressohvm.com\/1\/dw\/Erroresentraumatologia.pdf\" target=\"_new\" rel=\"noopener noreferrer\">Errores en traumatolog\u00eda<\/a><\/td>\n<td height=\"21\">Cristobal Frias<\/td>\n<\/tr>\n<tr>\n<td height=\"21\"><a href=\"https:\/\/congressohvm.com\/1\/dw\/EvolucaodaImageAvancadanoDiagnosticoClinico.pdf\" target=\"_new\" rel=\"noopener noreferrer\">Evolu\u00e7\u00e3o da Imagem Avan\u00e7ada no Diagn\u00f3stico Cl\u00ednico<\/a><\/td>\n<td height=\"21\">Rui Mota<\/td>\n<\/tr>\n<tr>\n<td height=\"21\"><a href=\"https:\/\/congressohvm.com\/1\/dw\/laminimainvasionenlaclinicahabitual.pdf\" target=\"_new\" rel=\"noopener noreferrer\">La m\u00ednima invasi\u00f3n en la cl\u00ednica habitual&#8230; \u00bfy por qu\u00e9 no<\/a><\/td>\n<td height=\"21\">Flor Costya<\/td>\n<\/tr>\n<tr>\n<td height=\"21\"><a href=\"https:\/\/congressohvm.com\/1\/dw\/Laryngealparalysis.pdf\" target=\"_new\" rel=\"noopener noreferrer\">Laryngeal paralysis<\/a><\/td>\n<td height=\"21\">Roberto Bussadori<\/td>\n<\/tr>\n<tr>\n<td height=\"21\"><a href=\"https:\/\/congressohvm.com\/1\/dw\/LinfomaDIagnosticoTipificacaosocomumapuncao.pdf\" target=\"_new\" rel=\"noopener noreferrer\">Linfoma &#8211; DIagn\u00f3stico e Tipifica\u00e7\u00e3o s\u00f3 com uma pun\u00e7\u00e3o<\/a><\/td>\n<td height=\"21\">Nazar\u00e9 Cunha<\/td>\n<\/tr>\n<tr>\n<td height=\"21\"><a href=\"https:\/\/congressohvm.com\/1\/dw\/LSA2020.pdf\" target=\"_new\" rel=\"noopener noreferrer\">LSA -2020<\/a><\/td>\n<td height=\"21\">Ana Caria<\/td>\n<\/tr>\n<tr>\n<td height=\"21\"><a href=\"https:\/\/congressohvm.com\/1\/dw\/Monitorizacaodecaesegatosdiabeticos.pdf\" target=\"_new\" rel=\"noopener noreferrer\">Monitoriza\u00e7\u00e3o de c\u00e3es e gatos diab\u00e9ticos<\/a><\/td>\n<td height=\"21\">Rodolfo Leal<\/td>\n<\/tr>\n<tr>\n<td height=\"21\"><a href=\"https:\/\/congressohvm.com\/1\/dw\/OPapeldoenfermeironasintoxicacoes.pdf\" target=\"_new\" rel=\"noopener noreferrer\">O Papel do enfermeiro nas intoxica\u00e7\u00f5es<\/a><\/td>\n<td height=\"21\">Rodolfo Leal<\/td>\n<\/tr>\n<tr>\n<td height=\"21\"><a href=\"https:\/\/congressohvm.com\/1\/dw\/OPapeld EnfermeiroVeterinarionaTomografiaAxialComputorizada.pdf\" target=\"_new\" rel=\"noopener noreferrer\">O Papel do Enfermeiro Veterin\u00e1rio na Tomografia Axial Computorizada<\/a><\/td>\n<td height=\"21\">Daniela Santos<\/td>\n<\/tr>\n<tr>\n<td height=\"21\"><a href=\"https:\/\/congressohvm.com\/1\/dw\/PDA.pdf\" target=\"_new\" rel=\"noopener noreferrer\">PDA<\/a><\/td>\n<td height=\"21\">Roberto Bussadori<\/td>\n<\/tr>\n<tr>\n<td height=\"21\"><a href=\"https:\/\/congressohvm.com\/1\/dw\/PequenosRuminantes.pdf\" target=\"_new\" rel=\"noopener noreferrer\">Pequenos Ruminantes<\/a><\/td>\n<td height=\"21\">Helder Quintas<\/td>\n<\/tr>\n<tr>\n<td height=\"21\"><a href=\"https:\/\/congressohvm.com\/1\/dw\/PlacasBloqueadas.pdf\" target=\"_new\" rel=\"noopener noreferrer\">Placas Bloqueadas<\/a><\/td>\n<td height=\"21\">Cristobal Frias<\/td>\n<\/tr>\n<tr>\n<td height=\"21\"><a href=\"https:\/\/congressohvm.com\/1\/dw\/Shunt.pdf\" target=\"_new\" rel=\"noopener noreferrer\">Shunt<\/a><\/td>\n<td height=\"21\">Roberto Bussadori<\/td>\n<\/tr>\n<tr>\n<td height=\"21\"><a href=\"https:\/\/congressohvm.com\/1\/dw\/Suinicultura.pdf\" target=\"_new\" rel=\"noopener noreferrer\">Suinicultura 4.0 &#8211; bem-estar animal e uso de antibi\u00f3ticos<\/a><\/td>\n<td height=\"21\">Manuel Joaquim<\/td>\n<\/tr>\n<tr>\n<td height=\"21\"><a href=\"https:\/\/congressohvm.com\/1\/dw\/TratamentoeMonitorizacaodecaescomHiperadrenocorticismo.pdf\" target=\"_new\" rel=\"noopener noreferrer\">Tratamento e Monitoriza\u00e7\u00e3o de c\u00e3es com Hiperadrenocorticismo<\/a><\/td>\n<td height=\"21\">Rodolfo Leal<\/td>\n<\/tr>\n<tr>\n<td height=\"21\"><a href=\"https:\/\/congressohvm.com\/1\/dw\/XVIMontenegroIntVetCongressAbstracts.pdf\" target=\"_new\" rel=\"noopener noreferrer\">XVI Montenegro Int Vet Congress Abstracts<\/a><\/td>\n<td height=\"21\">Massimo Petazzoni<\/td>\n<\/tr>\n<\/tbody>\n<\/table>\n<p>[\/vc_column_text][\/vc_column][\/vc_row]<\/p>\n","protected":false},"excerpt":{"rendered":"<p>[vc_row][vc_column][vc_column_text] Palestra Orador Abordagem da posi\u00e7\u00e3o e papel do MV no conceito One Health Manuel<\/p>\n","protected":false},"author":1,"featured_media":0,"parent":0,"menu_order":0,"comment_status":"closed","ping_status":"closed","template":"","meta":{"footnotes":""},"class_list":["post-1600","page","type-page","status-publish","hentry"],"_links":{"self":[{"href":"https:\/\/congressohvm.com\/1\/wp-json\/wp\/v2\/pages\/1600","targetHints":{"allow":["GET"]}}],"collection":[{"href":"https:\/\/congressohvm.com\/1\/wp-json\/wp\/v2\/pages"}],"about":[{"href":"https:\/\/congressohvm.com\/1\/wp-json\/wp\/v2\/types\/page"}],"author":[{"embeddable":true,"href":"https:\/\/congressohvm.com\/1\/wp-json\/wp\/v2\/users\/1"}],"replies":[{"embeddable":true,"href":"https:\/\/congressohvm.com\/1\/wp-json\/wp\/v2\/comments?post=1600"}],"version-history":[{"count":5,"href":"https:\/\/congressohvm.com\/1\/wp-json\/wp\/v2\/pages\/1600\/revisions"}],"predecessor-version":[{"id":1606,"href":"https:\/\/congressohvm.com\/1\/wp-json\/wp\/v2\/pages\/1600\/revisions\/1606"}],"wp:attachment":[{"href":"https:\/\/congressohvm.com\/1\/wp-json\/wp\/v2\/media?parent=1600"}],"curies":[{"name":"wp","href":"https:\/\/api.w.org\/{rel}","templated":true}]}}