{"id":1522,"date":"2020-02-03T10:42:06","date_gmt":"2020-02-03T10:42:06","guid":{"rendered":"https:\/\/congressohvm.com\/1\/sala-comunicacoes-livres\/"},"modified":"2020-02-03T10:43:08","modified_gmt":"2020-02-03T10:43:08","slug":"sala-comunicacoes-livres","status":"publish","type":"page","link":"https:\/\/congressohvm.com\/1\/sala-comunicacoes-livres\/?lang=en","title":{"rendered":"Sala Comunica\u00e7\u00f5es Livres"},"content":{"rendered":"<p>[vc_row][vc_column][vc_tta_tabs][vc_tta_section title=&#8221;21\/02\/2020 &#8211; Sexta-Feira&#8221; tab_id=&#8221;1508781140593-cf89a491-84ec&#8221;][vc_column_text]<\/p>\n<table style=\"background-color: #ffffff; border: 0px;\" border=\"0\" width=\"100%\" cellspacing=\"0\" cellpadding=\"0\">\n<tbody>\n<tr style=\"background-color: #e64528; border: none;\">\n<td style=\"color: #ffffff;\" width=\"5%\"><i class=\"fa fa-calendar\"><\/i> Hor\u00e1rio<\/td>\n<td style=\"color: #ffffff;\" width=\"69%\"><i class=\"fa fa-list-alt\"><\/i> Sess\u00e3o<\/td>\n<td style=\"color: #ffffff;\" width=\"26%\"><i class=\"fa fa-microphone\"><\/i> Orador<\/td>\n<\/tr>\n<tr style=\"background-color: #f4f5f9; border: none;\">\n<td align=\"center\">11:00<\/td>\n<td>COMPARA\u00c7\u00c3O DE DOIS DISTRATORES NA AVALIA\u00c7\u00c3O DA LASSITUDE DA ARTICULA\u00c7\u00c3O COXOFEMORAL EM C\u00c3ES UTILIZANDO O SOFTWARE SAPOIM.<\/td>\n<td><em>Santana, A.; Alves-Pimenta, S.; Martins, J.; Cola\u00e7o, B.; Gon\u00e7alves, L.; Ginja, M.<\/em><\/td>\n<\/tr>\n<tr>\n<td align=\"center\">11:15<\/td>\n<td>\n<table cellspacing=\"0\" cellpadding=\"0\" align=\"center\">\n<tbody>\n<tr>\n<td align=\"left\" valign=\"top\">DIAGN\u00d3STICO RADIOGR\u00c1FICO DA LASSITUDE COXOFEMORAL E DISPLASIA DA ANCA SEM EXPOSI\u00c7\u00c3O HUMANA \u00c0 RADIA\u00c7\u00c3O IONIZANTE.<\/td>\n<\/tr>\n<\/tbody>\n<\/table>\n<\/td>\n<td><em>Santana, A.; Alves-Pimenta, S.; Martins, J.; Cola\u00e7o, B.; Ginja, M.<\/em><\/td>\n<\/tr>\n<tr style=\"background-color: #f4f5f9; border: none;\">\n<td align=\"center\">11:30<\/td>\n<td>\n<table cellspacing=\"0\" cellpadding=\"0\" align=\"center\">\n<tbody>\n<tr>\n<td align=\"left\" valign=\"top\">PR\u00d3TESE TOTAL DA ANCA \u2013 ESTUDO RETROSPETIVO E AVALIA\u00c7\u00c3O DE RESULTADOS PRELIMINARES DOS PRIMEIROS 10 CASOS OPERADOS.<\/td>\n<\/tr>\n<\/tbody>\n<\/table>\n<\/td>\n<td><em>Chambel, L.; Guerrero, T.<\/em><\/td>\n<\/tr>\n<tr>\n<td align=\"center\">11:45<\/td>\n<td>\n<table cellspacing=\"0\" cellpadding=\"0\" align=\"left\">\n<tbody>\n<tr>\n<td align=\"left\" valign=\"top\">LONG-TERM ASSESSMENT OF ABSCESSES AND DRAINING TRACTS OCCURRING IN THE HEAD AND NECK REGION OF DOGS.<\/td>\n<\/tr>\n<\/tbody>\n<\/table>\n<\/td>\n<td><em>Santos, M.; Viateau, V.; Manassero, M.; Decambron, A.<\/em><\/td>\n<\/tr>\n<tr style=\"background-color: #f4f5f9; border: none;\">\n<td align=\"center\">12:00<\/td>\n<td>\n<table cellspacing=\"0\" cellpadding=\"0\" align=\"center\">\n<tbody>\n<tr>\n<td align=\"left\" valign=\"top\">DENTAL AND PERIODONTAL PATHOLOGY IN ANCIENT DOGS (CANIS LUPUS FAMILIARIS): THE STUDY OF ARCHAEOLOGICAL REMAINS DATED TO THE ROMAN PERIOD.<\/td>\n<\/tr>\n<\/tbody>\n<\/table>\n<\/td>\n<td><em>Requicha, J.F.; Alves, L.; Pereira, H.; Herras, F.J.; Bustamante, M.; Viegas, C.; Detry, C.;  Pires, A.E.<\/em><\/td>\n<\/tr>\n<tr>\n<td align=\"center\">12:15<\/td>\n<td>\n<table cellspacing=\"0\" cellpadding=\"0\" align=\"center\">\n<tbody>\n<tr>\n<td align=\"left\" valign=\"top\">ADMINISTRA\u00c7\u00c3O EPIDURAL DE LIDOCA\u00cdNA COM MORFINA ATRAV\u00c9S DE ABORDAGEM SACROCOCC\u00cdGEA EM GATAS SUBMETIDAS A OVARIOHISTERECTOMIA &#8211; EFEITOS NA ANALGESIA PERIOPERAT\u00d3RIA.<\/td>\n<\/tr>\n<\/tbody>\n<\/table>\n<\/td>\n<td><em>Gomes, A.; Dourado, A.; Teixeira, P.; Azevedo, J.; Lobo, L.; Dias, I.<\/em><\/td>\n<\/tr>\n<tr style=\"background-color: #f4f5f9; border: none;\">\n<td align=\"center\"><\/td>\n<td><strong>Almo\u00e7o<\/strong><\/td>\n<td><\/td>\n<\/tr>\n<tr>\n<td align=\"center\">14:30<\/td>\n<td>AN OVERVIEW OF ZOONOTIC DIAGNOSIS IN INFECTIOUS DISEASES ISOLATION HOSPITALIZED PATIENTS<\/td>\n<td><em>Machado, I.; Diogo, R.; Santos, V.; Veloso, R.; Gomes, J.; Tavares, L.; Almeida, V.; Gil, S.<\/em><\/td>\n<\/tr>\n<tr style=\"background-color: #f4f5f9; border: none;\">\n<td align=\"center\">14:45<\/td>\n<td>\n<table cellspacing=\"0\" cellpadding=\"0\" align=\"center\">\n<tbody>\n<tr>\n<td align=\"left\" valign=\"top\">CONTRIBUI\u00c7\u00c3O PARA O ESTUDO DA RESIST\u00caNCIA ANTIMICROBIANA NA INFE\u00c7\u00c3O DO TRATO RESPIRAT\u00d3RIO INFERIOR NO C\u00c3O E NO GATO.<\/td>\n<\/tr>\n<\/tbody>\n<\/table>\n<\/td>\n<td><em>Silva, A.G.; Dias, T.M.; S\u00e3o Braz, B<\/em>.<\/td>\n<\/tr>\n<tr>\n<td align=\"center\">15:00<\/td>\n<td>IN VITRO ANTIMICROBIAL EFFICACY OF TWO MEDICAL GRADE HONEY FORMULATIONS AGAINST COMMON HIGH-RISK METHICILLIN-RESISTANT STAPHYLOCOCCI AND PSEUDOMONAS SPP. PATHOGENS<\/td>\n<td><em>Pomba, C.; Belas, A.; Santos Costa, S.; Couto, I.; de Rooster, H.; Cremers, N.<\/em><\/td>\n<\/tr>\n<tr style=\"background-color: #f4f5f9; border: none;\">\n<td align=\"center\">15:15<\/td>\n<td>\n<table cellspacing=\"0\" cellpadding=\"0\" align=\"left\">\n<tbody>\n<tr>\n<td align=\"left\" valign=\"top\">FELINE PD-1 AND PD-L1 AS DIAGNOSTIC TOOLS FOR MAMMARY CARCINOMA.<\/td>\n<\/tr>\n<\/tbody>\n<\/table>\n<\/td>\n<td><em>Nascimento, C.; Gameiro, A.; Soares, M.; Correia, J.;  Ferreira, F.<\/em><\/td>\n<\/tr>\n<tr>\n<td align=\"center\">15:30<\/td>\n<td>\n<table cellspacing=\"0\" cellpadding=\"0\" align=\"center\">\n<tbody>\n<tr>\n<td align=\"left\" valign=\"top\">ENGENHARIA DE ANTICORPOS RECOMBINANTES PARA O DESENVOLVIMENTO DE TERAPIAS INOVADORAS PARA O TRATAMENTO DO LINFOMA CANINO.<\/td>\n<\/tr>\n<\/tbody>\n<\/table>\n<\/td>\n<td><em>Dias, J.; Andre, A.; Aguiar, S.; Carrapi\u00e7o, B.; Gaspar, M.; Gano, L.; Galamba, J.; Peleteiro, C.; Vicente, G.; Gil, S.; Tavares, L.; Aires da Silva, F.<\/em><\/td>\n<\/tr>\n<tr style=\"background-color: #f4f5f9; border: none;\">\n<td align=\"center\">15:45<\/td>\n<td>MIELOMA M\u00daLTIPLO EM C\u00c3ES: UTILIZA\u00c7\u00c3O DA IMUNOCITOQU\u00cdMICA EM CITOBLOCOS COMO NOVA FERRAMENTA DE DIAGN\u00d3STICO<\/td>\n<td><em>Valente, P.; Carvalho, S.; Castro, A.C.; Dias, M.J.; Monteiro, C.; Leal, R.; Correia, J.; Duarte, A.; Pomba, C.; Peleteiro, M.C.<\/em><\/td>\n<\/tr>\n<tr>\n<td align=\"center\"><\/td>\n<td><strong>Coffee-Break<\/strong><\/td>\n<td><\/td>\n<\/tr>\n<tr style=\"background-color: #f4f5f9; border: none;\">\n<td align=\"center\">17:15<\/td>\n<td>COMPARISON OF HEART MEASUREMENTS IN THORACIC RADIOGRAPHS BEFORE AND AFTER THE TREATMENT OF PULMONARY EDEMA IN DOGS WITH DEGENERATIVE MITRAL VALVE DISEASE: A RETROSPECTIVE STUDY OF 18 CLINICAL CASES.<\/td>\n<td><em>Pinto, I.; S\u00e3o Braz, B.; Gomes, E.; Damoiseaux, C.<\/em><\/td>\n<\/tr>\n<tr>\n<td align=\"center\">17:30<\/td>\n<td>A INFLU\u00caNCIA DA CORTICOTERAPIA NO DOSEAMENTO DA DGGR-LIPASE EM C\u00c3ES \u2013 ESTUDO PROSPETIVO<\/td>\n<td><em>Mendoza, B.; Gon\u00e7alves,  M.S.; Dias, M.J.; Leal, R.<\/em><\/td>\n<\/tr>\n<tr style=\"background-color: #f4f5f9; border: none;\">\n<td align=\"center\">17:45<\/td>\n<td>FIRST REPORT OF SPONGY DEGENERATION WITH CEREBELLAR ATAXIA (SDCA2) IN BELGIAN SHEPHERD MALINOIS BREED IN PORTUGAL<\/td>\n<td><em>Pimenta, J.; Pimenta, M.T.V.; Pessa, P.; Tilley, P.; Pessa, H.; Pereira, R.M.L.N.<\/em><\/td>\n<\/tr>\n<tr>\n<td align=\"center\">18:00<\/td>\n<td>\n<table cellspacing=\"0\" cellpadding=\"0\" align=\"left\">\n<tbody>\n<tr>\n<td align=\"left\" valign=\"top\">BLOOD PRESSURE DETERMINATION THROUGH COMPUTATIONAL INTELLIGENCE.<\/td>\n<\/tr>\n<\/tbody>\n<\/table>\n<\/td>\n<td><em>Lopes, A.M.; Santos, M.; Reisinho, A.; Rosa, R.; Mestrinho, L<\/em>.<\/td>\n<\/tr>\n<tr style=\"background-color: #f4f5f9; border: none;\">\n<td align=\"center\">18:15<\/td>\n<td>PSYCHOACTIVE DRUGS ENHANCE WELFARE IN DISTRESSED HOSPITALIZED DOGS &#8211; A PRELIMINARY STUDY<\/td>\n<td><em>Silva-Monteiro, J.P.; Ara\u00fajo, J.; Duarte-Ara\u00fajo, M.<\/em><\/td>\n<\/tr>\n<\/tbody>\n<\/table>\n<p>[\/vc_column_text][\/vc_tta_section][\/vc_tta_tabs][\/vc_column][\/vc_row]<\/p>\n","protected":false},"excerpt":{"rendered":"<p>[vc_row][vc_column][vc_tta_tabs][vc_tta_section title=&#8221;21\/02\/2020 &#8211; Sexta-Feira&#8221; tab_id=&#8221;1508781140593-cf89a491-84ec&#8221;][vc_column_text] Hor\u00e1rio Sess\u00e3o Orador 11:00 COMPARA\u00c7\u00c3O DE DOIS DISTRATORES NA AVALIA\u00c7\u00c3O<\/p>\n","protected":false},"author":1,"featured_media":0,"parent":0,"menu_order":0,"comment_status":"closed","ping_status":"closed","template":"","meta":{"footnotes":""},"class_list":["post-1522","page","type-page","status-publish","hentry"],"_links":{"self":[{"href":"https:\/\/congressohvm.com\/1\/wp-json\/wp\/v2\/pages\/1522","targetHints":{"allow":["GET"]}}],"collection":[{"href":"https:\/\/congressohvm.com\/1\/wp-json\/wp\/v2\/pages"}],"about":[{"href":"https:\/\/congressohvm.com\/1\/wp-json\/wp\/v2\/types\/page"}],"author":[{"embeddable":true,"href":"https:\/\/congressohvm.com\/1\/wp-json\/wp\/v2\/users\/1"}],"replies":[{"embeddable":true,"href":"https:\/\/congressohvm.com\/1\/wp-json\/wp\/v2\/comments?post=1522"}],"version-history":[{"count":1,"href":"https:\/\/congressohvm.com\/1\/wp-json\/wp\/v2\/pages\/1522\/revisions"}],"predecessor-version":[{"id":1523,"href":"https:\/\/congressohvm.com\/1\/wp-json\/wp\/v2\/pages\/1522\/revisions\/1523"}],"wp:attachment":[{"href":"https:\/\/congressohvm.com\/1\/wp-json\/wp\/v2\/media?parent=1522"}],"curies":[{"name":"wp","href":"https:\/\/api.w.org\/{rel}","templated":true}]}}