{"id":1090,"date":"2019-11-18T11:34:10","date_gmt":"2019-11-18T11:34:10","guid":{"rendered":"https:\/\/congressohvm.com\/1\/?page_id=1090"},"modified":"2020-02-17T09:38:10","modified_gmt":"2020-02-17T09:38:10","slug":"workshop-de-introducao-a-ciriugia-laparoscopica","status":"publish","type":"page","link":"https:\/\/congressohvm.com\/1\/workshop-de-introducao-a-ciriugia-laparoscopica\/","title":{"rendered":"WORKSHOP  DE INTRODU\u00c7\u00c3O \u00c0 CIRURGIA LAPAROSCOPICA"},"content":{"rendered":"<p>[vc_row][vc_column][vc_tta_tabs][vc_tta_section title=&#8221;20\/02\/2020&#8243; tab_id=&#8221;1574077195834-4ab5ca16-d6a0&#8243;][vc_column_text]<img loading=\"lazy\" decoding=\"async\" class=\"wp-image-1106 size-full alignright\" src=\"https:\/\/congressohvm.com\/1\/wp-content\/uploads\/2019\/11\/storz1.jpg\" alt=\"\" width=\"220\" height=\"110\" \/><\/p>\n<table style=\"background-color: #ffffff; border: 0px;\" border=\"0\" width=\"100%\" cellspacing=\"0\" cellpadding=\"0\">\n<tbody>\n<tr style=\"background-color: #e64528; border: none;\">\n<td style=\"color: #ffffff;\" width=\"15%\"><i class=\"fa fa-calendar\"><\/i> Hor\u00e1rio<\/td>\n<td style=\"color: #ffffff;\" width=\"59%\"><i class=\"fa fa-list-alt\"><\/i> Sess\u00e3o<\/td>\n<td style=\"color: #ffffff;\" width=\"26%\"><i class=\"fa fa-microphone\"><\/i> Orador<\/td>\n<\/tr>\n<tr style=\"background-color: #f4f5f9; border: none;\">\n<td align=\"center\">08:30 &#8211; 09:00<\/td>\n<td>Recep\u00e7\u00e3o dos inscritos<\/td>\n<td>&#8211;<\/td>\n<\/tr>\n<tr>\n<td align=\"center\">09:15 \u2013 09:30<\/td>\n<td>Mensagem recep\u00e7\u00e3o e in\u00edcio do Curso<\/td>\n<td>Marta Pinto<\/td>\n<\/tr>\n<tr style=\"background-color: #f4f5f9; border: none;\">\n<td align=\"center\">09:30 \u2013 10:15<\/td>\n<td>No\u00e7\u00f5es fundamentais de sistemas de imagem em laparosc\u00f3pica diagn\u00f3stica e cir\u00fargica<\/td>\n<td>F.Brand\u00e3o<\/td>\n<\/tr>\n<tr>\n<td align=\"center\">10:15 \u2013 11:00<\/td>\n<td>Instrumenta\u00e7\u00e3o, triangula\u00e7\u00e3o, movimentos b\u00e1sicos em laparoscopia e cria\u00e7\u00e3o de espa\u00e7o de trabalho<\/td>\n<td>F.Brand\u00e3o<\/td>\n<\/tr>\n<tr style=\"background-color: #f4f5f9; border: none;\">\n<td align=\"center\">11:00 \u2013 11:30<\/td>\n<td>Pausa para caf\u00e9<\/td>\n<td>&#8211;<\/td>\n<\/tr>\n<tr>\n<td align=\"center\">11:30 \u2013 12:15<\/td>\n<td>Laparoscopia Explorat\u00f3ria: indica\u00e7\u00f5es e implementa\u00e7\u00e3o clinica<\/td>\n<td>F.Brand\u00e3o<\/td>\n<\/tr>\n<tr style=\"background-color: #f4f5f9; border: none;\">\n<td align=\"center\">12:15 \u2013 13:30<\/td>\n<td>Pricipais procediemtos de cirurgia b\u00e1sica laparosc\u00f3pica na rotina cl\u00ednica real<\/td>\n<td>F.Brand\u00e3o<\/td>\n<\/tr>\n<tr>\n<td align=\"center\">13:30 \u2013 14:30<\/td>\n<td>Pausa<\/td>\n<td>&#8211;<\/td>\n<\/tr>\n<tr style=\"background-color: #f4f5f9; border: none;\">\n<td align=\"center\">14:30 \u2013 18:00<\/td>\n<td>Dry-Lab de Introdu\u00e7\u00e3o \u00e0 Laparoscopia em Animais de Companhia<br \/>\nExerc\u00edcios pr\u00e1ticos em simulador laparoscopico<br \/>\nIntrodu\u00e7\u00e3o a t\u00e9cnicas de corte e s\u00edntese<br \/>\nInstrumenta\u00e7\u00e3o e Triangula\u00e7\u00e3o<br \/>\nIntrodu\u00e7\u00e3o a skills laparoscopicos basicos<br \/>\n5 Esta\u00e7\u00f5es de trabalho com m\u00e1ximo de 3 alunos cada (maximo 15 participantes)<\/td>\n<td>F.Brand\u00e3o<\/td>\n<\/tr>\n<tr>\n<td align=\"center\">18:00 \u2013 18:30<\/td>\n<td>Encerramento do curso e entrega de diplomas<\/td>\n<td>Marta Pinto<\/td>\n<\/tr>\n<\/tbody>\n<\/table>\n<p>[\/vc_column_text][\/vc_tta_section][\/vc_tta_tabs][\/vc_column][\/vc_row]<\/p>\n","protected":false},"excerpt":{"rendered":"<p>[vc_row][vc_column][vc_tta_tabs][vc_tta_section title=&#8221;20\/02\/2020&#8243; tab_id=&#8221;1574077195834-4ab5ca16-d6a0&#8243;][vc_column_text] Hor\u00e1rio Sess\u00e3o Orador 08:30 &#8211; 09:00 Recep\u00e7\u00e3o dos inscritos &#8211; 09:15 \u2013<\/p>\n","protected":false},"author":1,"featured_media":0,"parent":0,"menu_order":0,"comment_status":"closed","ping_status":"closed","template":"","meta":{"footnotes":""},"class_list":["post-1090","page","type-page","status-publish","hentry"],"_links":{"self":[{"href":"https:\/\/congressohvm.com\/1\/wp-json\/wp\/v2\/pages\/1090","targetHints":{"allow":["GET"]}}],"collection":[{"href":"https:\/\/congressohvm.com\/1\/wp-json\/wp\/v2\/pages"}],"about":[{"href":"https:\/\/congressohvm.com\/1\/wp-json\/wp\/v2\/types\/page"}],"author":[{"embeddable":true,"href":"https:\/\/congressohvm.com\/1\/wp-json\/wp\/v2\/users\/1"}],"replies":[{"embeddable":true,"href":"https:\/\/congressohvm.com\/1\/wp-json\/wp\/v2\/comments?post=1090"}],"version-history":[{"count":8,"href":"https:\/\/congressohvm.com\/1\/wp-json\/wp\/v2\/pages\/1090\/revisions"}],"predecessor-version":[{"id":1583,"href":"https:\/\/congressohvm.com\/1\/wp-json\/wp\/v2\/pages\/1090\/revisions\/1583"}],"wp:attachment":[{"href":"https:\/\/congressohvm.com\/1\/wp-json\/wp\/v2\/media?parent=1090"}],"curies":[{"name":"wp","href":"https:\/\/api.w.org\/{rel}","templated":true}]}}